{"id":7495,"date":"2020-11-20T20:23:07","date_gmt":"2020-11-20T19:23:07","guid":{"rendered":"https:\/\/pitland.cz\/produkt\/nast_vouch\/"},"modified":"2022-10-21T09:11:04","modified_gmt":"2022-10-21T07:11:04","slug":"unwrap-it-without-equipment","status":"publish","type":"product","link":"https:\/\/pitland.cz\/en\/produkt\/unwrap-it-without-equipment\/","title":{"rendered":"Unwrap it! for 1 hour with equipment"},"content":{"rendered":"","protected":false},"excerpt":{"rendered":"<div class=\"woocommerce-product-details__short-description\">\n<p><strong>This option includes the loan of all equipment, which the recipient will pick up at Pitland.<\/strong><\/p>\n<\/div>\n","protected":false},"featured_media":0,"template":"","meta":[],"product_brand":[],"product_cat":[48],"product_tag":[],"class_list":{"0":"post-7495","1":"product","2":"type-product","3":"status-publish","5":"product_cat-nezarazene-en","7":"first","8":"instock","9":"downloadable","10":"virtual","11":"taxable","12":"purchasable","13":"product-type-simple"},"yoast_head":"<title>Unwrap it! for 1 hour with equipment - Pitland.cz<\/title>\n<meta name=\"robots\" content=\"index, follow, max-snippet:-1, max-image-preview:large, max-video-preview:-1\" \/>\n<link rel=\"canonical\" href=\"https:\/\/pitland.cz\/en\/produkt\/unwrap-it-without-equipment\/\" \/>\n<meta property=\"og:locale\" content=\"en_US\" \/>\n<meta property=\"og:type\" content=\"article\" \/>\n<meta property=\"og:title\" content=\"Unwrap it! for 1 hour with equipment - Pitland.cz\" \/>\n<meta property=\"og:description\" content=\"This option includes the loan of all equipment, which the recipient will pick up at Pitland.\" \/>\n<meta property=\"og:url\" content=\"https:\/\/pitland.cz\/en\/produkt\/unwrap-it-without-equipment\/\" \/>\n<meta property=\"og:site_name\" content=\"Pitland.cz\" \/>\n<meta property=\"article:modified_time\" content=\"2022-10-21T07:11:04+00:00\" \/>\n<meta name=\"twitter:card\" content=\"summary_large_image\" \/>\n<script type=\"application\/ld+json\" class=\"yoast-schema-graph\">{\"@context\":\"https:\/\/schema.org\",\"@graph\":[{\"@type\":\"WebPage\",\"@id\":\"https:\/\/pitland.cz\/en\/produkt\/unwrap-it-without-equipment\/\",\"url\":\"https:\/\/pitland.cz\/en\/produkt\/unwrap-it-without-equipment\/\",\"name\":\"Unwrap it! for 1 hour with equipment - Pitland.cz\",\"isPartOf\":{\"@id\":\"https:\/\/pitland.cz\/#website\"},\"datePublished\":\"2020-11-20T19:23:07+00:00\",\"dateModified\":\"2022-10-21T07:11:04+00:00\",\"breadcrumb\":{\"@id\":\"https:\/\/pitland.cz\/en\/produkt\/unwrap-it-without-equipment\/#breadcrumb\"},\"inLanguage\":\"en-US\",\"potentialAction\":[{\"@type\":\"ReadAction\",\"target\":[\"https:\/\/pitland.cz\/en\/produkt\/unwrap-it-without-equipment\/\"]}]},{\"@type\":\"BreadcrumbList\",\"@id\":\"https:\/\/pitland.cz\/en\/produkt\/unwrap-it-without-equipment\/#breadcrumb\",\"itemListElement\":[{\"@type\":\"ListItem\",\"position\":1,\"name\":\"Dom\u016f\",\"item\":\"https:\/\/pitland.cz\/en\/\"},{\"@type\":\"ListItem\",\"position\":2,\"name\":\"Obchod\",\"item\":\"https:\/\/pitland.cz\/obchod\/\"},{\"@type\":\"ListItem\",\"position\":3,\"name\":\"Unwrap it! for 1 hour with equipment\"}]},{\"@type\":\"WebSite\",\"@id\":\"https:\/\/pitland.cz\/#website\",\"url\":\"https:\/\/pitland.cz\/\",\"name\":\"Pitland.cz\",\"description\":\"Jedine\u010dn\u00e9 m\u00edsto pro v\u0161echny z\u00e1jemce o j\u00edzdu v jedn\u00e9 stop\u011b, kde sez\u00f3na nikdy nekon\u010d\u00ed.\",\"potentialAction\":[{\"@type\":\"SearchAction\",\"target\":{\"@type\":\"EntryPoint\",\"urlTemplate\":\"https:\/\/pitland.cz\/?s={search_term_string}\"},\"query-input\":\"required name=search_term_string\"}],\"inLanguage\":\"en-US\"}]}<\/script>","yoast_head_json":{"title":"Unwrap it! for 1 hour with equipment - Pitland.cz","robots":{"index":"index","follow":"follow","max-snippet":"max-snippet:-1","max-image-preview":"max-image-preview:large","max-video-preview":"max-video-preview:-1"},"canonical":"https:\/\/pitland.cz\/en\/produkt\/unwrap-it-without-equipment\/","og_locale":"en_US","og_type":"article","og_title":"Unwrap it! for 1 hour with equipment - Pitland.cz","og_description":"This option includes the loan of all equipment, which the recipient will pick up at Pitland.","og_url":"https:\/\/pitland.cz\/en\/produkt\/unwrap-it-without-equipment\/","og_site_name":"Pitland.cz","article_modified_time":"2022-10-21T07:11:04+00:00","twitter_card":"summary_large_image","schema":{"@context":"https:\/\/schema.org","@graph":[{"@type":"WebPage","@id":"https:\/\/pitland.cz\/en\/produkt\/unwrap-it-without-equipment\/","url":"https:\/\/pitland.cz\/en\/produkt\/unwrap-it-without-equipment\/","name":"Unwrap it! for 1 hour with equipment - Pitland.cz","isPartOf":{"@id":"https:\/\/pitland.cz\/#website"},"datePublished":"2020-11-20T19:23:07+00:00","dateModified":"2022-10-21T07:11:04+00:00","breadcrumb":{"@id":"https:\/\/pitland.cz\/en\/produkt\/unwrap-it-without-equipment\/#breadcrumb"},"inLanguage":"en-US","potentialAction":[{"@type":"ReadAction","target":["https:\/\/pitland.cz\/en\/produkt\/unwrap-it-without-equipment\/"]}]},{"@type":"BreadcrumbList","@id":"https:\/\/pitland.cz\/en\/produkt\/unwrap-it-without-equipment\/#breadcrumb","itemListElement":[{"@type":"ListItem","position":1,"name":"Dom\u016f","item":"https:\/\/pitland.cz\/en\/"},{"@type":"ListItem","position":2,"name":"Obchod","item":"https:\/\/pitland.cz\/obchod\/"},{"@type":"ListItem","position":3,"name":"Unwrap it! for 1 hour with equipment"}]},{"@type":"WebSite","@id":"https:\/\/pitland.cz\/#website","url":"https:\/\/pitland.cz\/","name":"Pitland.cz","description":"Jedine\u010dn\u00e9 m\u00edsto pro v\u0161echny z\u00e1jemce o j\u00edzdu v jedn\u00e9 stop\u011b, kde sez\u00f3na nikdy nekon\u010d\u00ed.","potentialAction":[{"@type":"SearchAction","target":{"@type":"EntryPoint","urlTemplate":"https:\/\/pitland.cz\/?s={search_term_string}"},"query-input":"required name=search_term_string"}],"inLanguage":"en-US"}]}},"_links":{"self":[{"href":"https:\/\/pitland.cz\/en\/wp-json\/wp\/v2\/product\/7495","targetHints":{"allow":["GET"]}}],"collection":[{"href":"https:\/\/pitland.cz\/en\/wp-json\/wp\/v2\/product"}],"about":[{"href":"https:\/\/pitland.cz\/en\/wp-json\/wp\/v2\/types\/product"}],"wp:attachment":[{"href":"https:\/\/pitland.cz\/en\/wp-json\/wp\/v2\/media?parent=7495"}],"wp:term":[{"taxonomy":"product_brand","embeddable":true,"href":"https:\/\/pitland.cz\/en\/wp-json\/wp\/v2\/product_brand?post=7495"},{"taxonomy":"product_cat","embeddable":true,"href":"https:\/\/pitland.cz\/en\/wp-json\/wp\/v2\/product_cat?post=7495"},{"taxonomy":"product_tag","embeddable":true,"href":"https:\/\/pitland.cz\/en\/wp-json\/wp\/v2\/product_tag?post=7495"}],"curies":[{"name":"wp","href":"https:\/\/api.w.org\/{rel}","templated":true}]}}