{"id":7488,"date":"2020-08-31T13:16:52","date_gmt":"2020-08-31T11:16:52","guid":{"rendered":"https:\/\/pitland.cz\/produkt\/pronajem-haly\/"},"modified":"2023-07-27T13:09:20","modified_gmt":"2023-07-27T11:09:20","slug":"pronajem-haly","status":"publish","type":"product","link":"https:\/\/pitland.cz\/en\/produkt\/pronajem-haly\/","title":{"rendered":"Motordrome rental"},"content":{"rendered":"\n\n\t<p>We offer rental of the entire Pitland motordrome, with which you get:<\/p>\n<p>&nbsp;<\/p>\n<ul>\n<li>opportunity to hold a company or team event<\/li>\n<li>opportunity to arrange the time you spend in the motordrome as you see fit<\/li>\n<li>adapt a training, riding or racing programme<\/li>\n<li>ride only in the company of your colleagues, acquaintances, friends or racers<\/li>\n<li>option of using the track in the opposite direction<\/li>\n<li>catering provided as your require<\/li>\n<li>option of loaning suits and all other equipment<\/li>\n<\/ul>\n<p>&nbsp;<\/p>\n<p>If you&#8217;re interested in renting the motordrome, contact us at <a href=\"mailto:obchod@pitland.cz\">obchod@pitland.cz.<\/a><\/p>\n<p>Children under 150 cm cannot attend the course without prior notification and our confirmation via <a href=\"mailto:info@pitland.cz\">info@pitland.cz<\/a>.<\/p>\n\t\t\t<a href=\"https:\/\/pitland.cz\/en\/rezervace-haly\/\" target=\"_self\" role=\"button\" rel=\"noopener\">\n\t\t\t\t\t\t\tBook motordrome rental\n\t\t\t\t\t<\/a>\n\t\t\t\t<img loading=\"lazy\" decoding=\"async\" src=\"https:\/\/minisawmill.com\/assets\/uploads\/sites\/1201\/bb-plugin\/cache\/dsc03066-1-600x400-landscape.jpg\" alt=\"DSC03066\" itemprop=\"image\" height=\"400\" width=\"600\" title=\"DSC03066\" onerror=\"this.style.display='none'\"  \/>\n\t\t<h3>Briefing and other important information:<\/h3>\t\t\n\t\t\t<ul>\n<li>the briefing is an integral component of every course. It comprises brief instructions, in which we explain to you how the ePit works, and how to treat it. It also includes rules which need to be observed to ensure a safe ride. You can play the briefing here at any time, and go back to it whenever you need to<\/li>\n<li>you need a one-piece leather suit with plastic sliders, strong boots, an integral helmet and gloves to ride<\/li>\n<li>you can loan a full set of equipment here according to the pricelist\u00a0<a href=\"https:\/\/pitland.cz\/en\/equipment\/\" target=\"_blank\" rel=\"noopener\">HERE<\/a><\/li>\n<li>you need to arrive for your ride 30 minutes before the stated start time<\/li>\n<li>you can only park at the marked places at the site<\/li>\n<\/ul>\n\n","protected":false},"excerpt":{"rendered":"<div class=\"woocommerce-product-details__short-description\">\n<p><strong>Vybaven\u00ed nen\u00ed sou\u010d\u00e1st\u00ed ceny, na m\u00edst\u011b je v\u0161ak mo\u017en\u00e9 si jej zap\u016fj\u010dit dle cen\u00edku\u00a0<a href=\"https:\/\/pitland.cz\/vybaveni\/\">ZDE<\/a><\/strong><\/p>\n<\/div>\n","protected":false},"featured_media":7489,"template":"","meta":[],"product_brand":[],"product_cat":[48],"product_tag":[64],"class_list":{"0":"post-7488","1":"product","2":"type-product","3":"status-publish","4":"has-post-thumbnail","6":"product_cat-nezarazene-en","7":"product_tag-uz-jsem-byl-en","9":"first","10":"outofstock","11":"virtual","12":"taxable","13":"product-type-simple"},"yoast_head":"<title>Motordrome rental - Pitland.cz<\/title>\n<meta name=\"robots\" content=\"index, follow, max-snippet:-1, max-image-preview:large, max-video-preview:-1\" \/>\n<link rel=\"canonical\" href=\"https:\/\/pitland.cz\/en\/produkt\/pronajem-haly\/\" \/>\n<meta property=\"og:locale\" content=\"en_US\" \/>\n<meta property=\"og:type\" content=\"article\" \/>\n<meta property=\"og:title\" content=\"Motordrome rental - Pitland.cz\" \/>\n<meta property=\"og:description\" content=\"Vybaven\u00ed nen\u00ed sou\u010d\u00e1st\u00ed ceny, na m\u00edst\u011b je v\u0161ak mo\u017en\u00e9 si jej zap\u016fj\u010dit dle cen\u00edku\u00a0ZDE\" \/>\n<meta property=\"og:url\" content=\"https:\/\/pitland.cz\/en\/produkt\/pronajem-haly\/\" \/>\n<meta property=\"og:site_name\" content=\"Pitland.cz\" \/>\n<meta property=\"article:modified_time\" content=\"2023-07-27T11:09:20+00:00\" \/>\n<meta property=\"og:image\" content=\"https:\/\/minisawmill.com\/assets\/uploads\/sites\/1201\/2020\/01\/dsc03064.jpg\" \/>\n\t<meta property=\"og:image:width\" content=\"2048\" \/>\n\t<meta property=\"og:image:height\" content=\"1365\" \/>\n\t<meta property=\"og:image:type\" content=\"image\/jpeg\" \/>\n<meta name=\"twitter:card\" content=\"summary_large_image\" \/>\n<meta name=\"twitter:label1\" content=\"Est. reading time\" \/>\n\t<meta name=\"twitter:data1\" content=\"1 minute\" \/>\n<script type=\"application\/ld+json\" class=\"yoast-schema-graph\">{\"@context\":\"https:\/\/schema.org\",\"@graph\":[{\"@type\":\"WebPage\",\"@id\":\"https:\/\/pitland.cz\/en\/produkt\/pronajem-haly\/\",\"url\":\"https:\/\/pitland.cz\/en\/produkt\/pronajem-haly\/\",\"name\":\"Motordrome rental - Pitland.cz\",\"isPartOf\":{\"@id\":\"https:\/\/pitland.cz\/#website\"},\"datePublished\":\"2020-08-31T11:16:52+00:00\",\"dateModified\":\"2023-07-27T11:09:20+00:00\",\"breadcrumb\":{\"@id\":\"https:\/\/pitland.cz\/en\/produkt\/pronajem-haly\/#breadcrumb\"},\"inLanguage\":\"en-US\",\"potentialAction\":[{\"@type\":\"ReadAction\",\"target\":[\"https:\/\/pitland.cz\/en\/produkt\/pronajem-haly\/\"]}]},{\"@type\":\"BreadcrumbList\",\"@id\":\"https:\/\/pitland.cz\/en\/produkt\/pronajem-haly\/#breadcrumb\",\"itemListElement\":[{\"@type\":\"ListItem\",\"position\":1,\"name\":\"Dom\u016f\",\"item\":\"https:\/\/pitland.cz\/en\/\"},{\"@type\":\"ListItem\",\"position\":2,\"name\":\"Obchod\",\"item\":\"https:\/\/pitland.cz\/obchod\/\"},{\"@type\":\"ListItem\",\"position\":3,\"name\":\"Motordrome rental\"}]},{\"@type\":\"WebSite\",\"@id\":\"https:\/\/pitland.cz\/#website\",\"url\":\"https:\/\/pitland.cz\/\",\"name\":\"Pitland.cz\",\"description\":\"Jedine\u010dn\u00e9 m\u00edsto pro v\u0161echny z\u00e1jemce o j\u00edzdu v jedn\u00e9 stop\u011b, kde sez\u00f3na nikdy nekon\u010d\u00ed.\",\"potentialAction\":[{\"@type\":\"SearchAction\",\"target\":{\"@type\":\"EntryPoint\",\"urlTemplate\":\"https:\/\/pitland.cz\/?s={search_term_string}\"},\"query-input\":\"required name=search_term_string\"}],\"inLanguage\":\"en-US\"}]}<\/script>","yoast_head_json":{"title":"Motordrome rental - Pitland.cz","robots":{"index":"index","follow":"follow","max-snippet":"max-snippet:-1","max-image-preview":"max-image-preview:large","max-video-preview":"max-video-preview:-1"},"canonical":"https:\/\/pitland.cz\/en\/produkt\/pronajem-haly\/","og_locale":"en_US","og_type":"article","og_title":"Motordrome rental - Pitland.cz","og_description":"Vybaven\u00ed nen\u00ed sou\u010d\u00e1st\u00ed ceny, na m\u00edst\u011b je v\u0161ak mo\u017en\u00e9 si jej zap\u016fj\u010dit dle cen\u00edku\u00a0ZDE","og_url":"https:\/\/pitland.cz\/en\/produkt\/pronajem-haly\/","og_site_name":"Pitland.cz","article_modified_time":"2023-07-27T11:09:20+00:00","og_image":[{"width":2048,"height":1365,"url":"https:\/\/minisawmill.com\/assets\/uploads\/sites\/1201\/2020\/01\/dsc03064.jpg","type":"image\/jpeg"}],"twitter_card":"summary_large_image","twitter_misc":{"Est. reading time":"1 minute"},"schema":{"@context":"https:\/\/schema.org","@graph":[{"@type":"WebPage","@id":"https:\/\/pitland.cz\/en\/produkt\/pronajem-haly\/","url":"https:\/\/pitland.cz\/en\/produkt\/pronajem-haly\/","name":"Motordrome rental - Pitland.cz","isPartOf":{"@id":"https:\/\/pitland.cz\/#website"},"datePublished":"2020-08-31T11:16:52+00:00","dateModified":"2023-07-27T11:09:20+00:00","breadcrumb":{"@id":"https:\/\/pitland.cz\/en\/produkt\/pronajem-haly\/#breadcrumb"},"inLanguage":"en-US","potentialAction":[{"@type":"ReadAction","target":["https:\/\/pitland.cz\/en\/produkt\/pronajem-haly\/"]}]},{"@type":"BreadcrumbList","@id":"https:\/\/pitland.cz\/en\/produkt\/pronajem-haly\/#breadcrumb","itemListElement":[{"@type":"ListItem","position":1,"name":"Dom\u016f","item":"https:\/\/pitland.cz\/en\/"},{"@type":"ListItem","position":2,"name":"Obchod","item":"https:\/\/pitland.cz\/obchod\/"},{"@type":"ListItem","position":3,"name":"Motordrome rental"}]},{"@type":"WebSite","@id":"https:\/\/pitland.cz\/#website","url":"https:\/\/pitland.cz\/","name":"Pitland.cz","description":"Jedine\u010dn\u00e9 m\u00edsto pro v\u0161echny z\u00e1jemce o j\u00edzdu v jedn\u00e9 stop\u011b, kde sez\u00f3na nikdy nekon\u010d\u00ed.","potentialAction":[{"@type":"SearchAction","target":{"@type":"EntryPoint","urlTemplate":"https:\/\/pitland.cz\/?s={search_term_string}"},"query-input":"required name=search_term_string"}],"inLanguage":"en-US"}]}},"_links":{"self":[{"href":"https:\/\/pitland.cz\/en\/wp-json\/wp\/v2\/product\/7488","targetHints":{"allow":["GET"]}}],"collection":[{"href":"https:\/\/pitland.cz\/en\/wp-json\/wp\/v2\/product"}],"about":[{"href":"https:\/\/pitland.cz\/en\/wp-json\/wp\/v2\/types\/product"}],"wp:featuredmedia":[{"embeddable":true,"href":"https:\/\/pitland.cz\/en\/wp-json\/wp\/v2\/media\/7489"}],"wp:attachment":[{"href":"https:\/\/pitland.cz\/en\/wp-json\/wp\/v2\/media?parent=7488"}],"wp:term":[{"taxonomy":"product_brand","embeddable":true,"href":"https:\/\/pitland.cz\/en\/wp-json\/wp\/v2\/product_brand?post=7488"},{"taxonomy":"product_cat","embeddable":true,"href":"https:\/\/pitland.cz\/en\/wp-json\/wp\/v2\/product_cat?post=7488"},{"taxonomy":"product_tag","embeddable":true,"href":"https:\/\/pitland.cz\/en\/wp-json\/wp\/v2\/product_tag?post=7488"}],"curies":[{"name":"wp","href":"https:\/\/api.w.org\/{rel}","templated":true}]}}