{"id":7484,"date":"2020-04-30T18:37:13","date_gmt":"2020-04-30T16:37:13","guid":{"rendered":"https:\/\/pitland.cz\/produkt\/race-day\/"},"modified":"2023-03-17T11:20:48","modified_gmt":"2023-03-17T10:20:48","slug":"race-day","status":"publish","type":"product","link":"https:\/\/pitland.cz\/en\/produkt\/race-day\/","title":{"rendered":"Races at Pitland"},"content":{"rendered":"\n\n\t\t\t\t<img loading=\"lazy\" decoding=\"async\" src=\"https:\/\/pitland.cz\/assets\/uploads\/sites\/1201\/2020\/11\/race-day-1024x683.jpg\" alt=\"Race-Day\" height=\"683\" width=\"1024\" title=\"Race-Day\" \/>\n\t<h3>Races at Pitland<\/h3>\n<p>&nbsp;<\/p>\n<p><strong>Cannot be used for a first visit to Pitland.<\/strong><\/p>\n<p><strong>The entry fee for the race is 1,500 CZK<\/strong><\/p>\n\t<p><strong>Equipment is not part of the price, but you can loan.<\/strong><\/p>\n\t\t\t<a href=\"https:\/\/www.apex-timing.com\/gokarts\/events_booking.php?center=248&amp;categories=VcW-IGpzZW0gYnls\" target=\"_blank\" role=\"button\" rel=\"noopener\">\n\t\t\t\t\t\t\tBook a time\n\t\t\t\t\t<\/a>\n\t<p>This event is suitable only for riders with experience of riding an ePit or pit bike, or of riding circuits, but only for those who do not have their own racing licence.<\/p>\n<p>&nbsp;<\/p>\n<p>Children under 150 cm cannot attend the course without prior notification and our confirmation via <a href=\"mailto:info@pitland.cz\">info@pitland.cz<\/a>.<\/p>\n<h3>\n\t\tPROGRAMME\n\t<\/h3>\n\t<p>During this event for you, we&#8217;ve arranged the following:<\/p>\n<p>2 x qualifications for the starting grid at the first race<\/p>\n<p>2 x 10-lap races (we race in both directions on performance map no. 2)<\/p>\n\t\t\t\t\t<img decoding=\"async\" src=\"https:\/\/i.vimeocdn.com\/video\/1178247030-6950ee99ee688aece221d4bf2c575f1b1f9024797b3ebc3c2094b7a30765ceff-d_840\" \/>\n\t<h3>Briefing and other important information<\/h3>\n<ul>\n<li>the briefing is an integral component of every course. It comprises brief instructions, in which we explain to you how the ePit works, and how to treat it. It also includes rules which need to be observed to ensure a safe ride. You can play the briefing here at any time, and go back to it whenever you need to<\/li>\n<li>you need a one-piece leather suit with plastic sliders, strong boots, an integral helmet and gloves to ride<\/li>\n<li>you can loan a full set of equipment here according to the pricelist <a href=\"https:\/\/pitland.cz\/vybaveni\/\">HERE<\/a><\/li>\n<li>you need to arrive for your ride 30 minutes before the stated start time<\/li>\n<li>you can only park at the marked places at the site<\/li>\n<\/ul>\n\n","protected":false},"excerpt":{"rendered":"<div class=\"woocommerce-product-details__short-description\">\n<h3><strong>Nelze vyu\u017e\u00edt k prvn\u00ed n\u00e1v\u0161t\u011bv\u011b Pitlandu.<\/strong><\/h3>\n<p><strong>Zv\u00fdhodn\u011bn\u00e1 cena pro rezervace realizovan\u00e9 nejpozd\u011bj\u00ed 14 dn\u016f p\u0159ed term\u00ednem akce.\u00a0<\/strong><\/p>\n<p>&nbsp;<\/p>\n<\/div>\n","protected":false},"featured_media":7486,"template":"","meta":[],"product_brand":[],"product_cat":[48],"product_tag":[64],"class_list":{"0":"post-7484","1":"product","2":"type-product","3":"status-publish","4":"has-post-thumbnail","6":"product_cat-nezarazene-en","7":"product_tag-uz-jsem-byl-en","9":"first","10":"outofstock","11":"taxable","12":"shipping-taxable","13":"product-type-variable"},"yoast_head":"<title>Races at Pitland - Pitland.cz<\/title>\n<meta name=\"robots\" content=\"index, follow, max-snippet:-1, max-image-preview:large, max-video-preview:-1\" \/>\n<link rel=\"canonical\" href=\"https:\/\/pitland.cz\/en\/produkt\/race-day\/\" \/>\n<meta property=\"og:locale\" content=\"en_US\" \/>\n<meta property=\"og:type\" content=\"article\" \/>\n<meta property=\"og:title\" content=\"Races at Pitland - Pitland.cz\" \/>\n<meta property=\"og:description\" content=\"Nelze vyu\u017e\u00edt k prvn\u00ed n\u00e1v\u0161t\u011bv\u011b Pitlandu. Zv\u00fdhodn\u011bn\u00e1 cena pro rezervace realizovan\u00e9 nejpozd\u011bj\u00ed 14 dn\u016f p\u0159ed term\u00ednem akce.\u00a0 &nbsp;\" \/>\n<meta property=\"og:url\" content=\"https:\/\/pitland.cz\/en\/produkt\/race-day\/\" \/>\n<meta property=\"og:site_name\" content=\"Pitland.cz\" \/>\n<meta property=\"article:modified_time\" content=\"2023-03-17T10:20:48+00:00\" \/>\n<meta property=\"og:image\" content=\"https:\/\/pitland.cz\/assets\/uploads\/sites\/1201\/2020\/04\/race_day.jpg\" \/>\n\t<meta property=\"og:image:width\" content=\"2048\" \/>\n\t<meta property=\"og:image:height\" content=\"1365\" \/>\n\t<meta property=\"og:image:type\" content=\"image\/jpeg\" \/>\n<meta name=\"twitter:card\" content=\"summary_large_image\" \/>\n<meta name=\"twitter:label1\" content=\"Est. reading time\" \/>\n\t<meta name=\"twitter:data1\" content=\"1 minute\" \/>\n<script type=\"application\/ld+json\" class=\"yoast-schema-graph\">{\"@context\":\"https:\/\/schema.org\",\"@graph\":[{\"@type\":\"WebPage\",\"@id\":\"https:\/\/pitland.cz\/en\/produkt\/race-day\/\",\"url\":\"https:\/\/pitland.cz\/en\/produkt\/race-day\/\",\"name\":\"Races at Pitland - Pitland.cz\",\"isPartOf\":{\"@id\":\"https:\/\/pitland.cz\/#website\"},\"datePublished\":\"2020-04-30T16:37:13+00:00\",\"dateModified\":\"2023-03-17T10:20:48+00:00\",\"breadcrumb\":{\"@id\":\"https:\/\/pitland.cz\/en\/produkt\/race-day\/#breadcrumb\"},\"inLanguage\":\"en-US\",\"potentialAction\":[{\"@type\":\"ReadAction\",\"target\":[\"https:\/\/pitland.cz\/en\/produkt\/race-day\/\"]}]},{\"@type\":\"BreadcrumbList\",\"@id\":\"https:\/\/pitland.cz\/en\/produkt\/race-day\/#breadcrumb\",\"itemListElement\":[{\"@type\":\"ListItem\",\"position\":1,\"name\":\"Dom\u016f\",\"item\":\"https:\/\/pitland.cz\/en\/\"},{\"@type\":\"ListItem\",\"position\":2,\"name\":\"Obchod\",\"item\":\"https:\/\/pitland.cz\/obchod\/\"},{\"@type\":\"ListItem\",\"position\":3,\"name\":\"Races at Pitland\"}]},{\"@type\":\"WebSite\",\"@id\":\"https:\/\/pitland.cz\/#website\",\"url\":\"https:\/\/pitland.cz\/\",\"name\":\"Pitland.cz\",\"description\":\"Jedine\u010dn\u00e9 m\u00edsto pro v\u0161echny z\u00e1jemce o j\u00edzdu v jedn\u00e9 stop\u011b, kde sez\u00f3na nikdy nekon\u010d\u00ed.\",\"potentialAction\":[{\"@type\":\"SearchAction\",\"target\":{\"@type\":\"EntryPoint\",\"urlTemplate\":\"https:\/\/pitland.cz\/?s={search_term_string}\"},\"query-input\":\"required name=search_term_string\"}],\"inLanguage\":\"en-US\"}]}<\/script>","yoast_head_json":{"title":"Races at Pitland - Pitland.cz","robots":{"index":"index","follow":"follow","max-snippet":"max-snippet:-1","max-image-preview":"max-image-preview:large","max-video-preview":"max-video-preview:-1"},"canonical":"https:\/\/pitland.cz\/en\/produkt\/race-day\/","og_locale":"en_US","og_type":"article","og_title":"Races at Pitland - Pitland.cz","og_description":"Nelze vyu\u017e\u00edt k prvn\u00ed n\u00e1v\u0161t\u011bv\u011b Pitlandu. Zv\u00fdhodn\u011bn\u00e1 cena pro rezervace realizovan\u00e9 nejpozd\u011bj\u00ed 14 dn\u016f p\u0159ed term\u00ednem akce.\u00a0 &nbsp;","og_url":"https:\/\/pitland.cz\/en\/produkt\/race-day\/","og_site_name":"Pitland.cz","article_modified_time":"2023-03-17T10:20:48+00:00","og_image":[{"width":2048,"height":1365,"url":"https:\/\/pitland.cz\/assets\/uploads\/sites\/1201\/2020\/04\/race_day.jpg","type":"image\/jpeg"}],"twitter_card":"summary_large_image","twitter_misc":{"Est. reading time":"1 minute"},"schema":{"@context":"https:\/\/schema.org","@graph":[{"@type":"WebPage","@id":"https:\/\/pitland.cz\/en\/produkt\/race-day\/","url":"https:\/\/pitland.cz\/en\/produkt\/race-day\/","name":"Races at Pitland - Pitland.cz","isPartOf":{"@id":"https:\/\/pitland.cz\/#website"},"datePublished":"2020-04-30T16:37:13+00:00","dateModified":"2023-03-17T10:20:48+00:00","breadcrumb":{"@id":"https:\/\/pitland.cz\/en\/produkt\/race-day\/#breadcrumb"},"inLanguage":"en-US","potentialAction":[{"@type":"ReadAction","target":["https:\/\/pitland.cz\/en\/produkt\/race-day\/"]}]},{"@type":"BreadcrumbList","@id":"https:\/\/pitland.cz\/en\/produkt\/race-day\/#breadcrumb","itemListElement":[{"@type":"ListItem","position":1,"name":"Dom\u016f","item":"https:\/\/pitland.cz\/en\/"},{"@type":"ListItem","position":2,"name":"Obchod","item":"https:\/\/pitland.cz\/obchod\/"},{"@type":"ListItem","position":3,"name":"Races at Pitland"}]},{"@type":"WebSite","@id":"https:\/\/pitland.cz\/#website","url":"https:\/\/pitland.cz\/","name":"Pitland.cz","description":"Jedine\u010dn\u00e9 m\u00edsto pro v\u0161echny z\u00e1jemce o j\u00edzdu v jedn\u00e9 stop\u011b, kde sez\u00f3na nikdy nekon\u010d\u00ed.","potentialAction":[{"@type":"SearchAction","target":{"@type":"EntryPoint","urlTemplate":"https:\/\/pitland.cz\/?s={search_term_string}"},"query-input":"required name=search_term_string"}],"inLanguage":"en-US"}]}},"_links":{"self":[{"href":"https:\/\/pitland.cz\/en\/wp-json\/wp\/v2\/product\/7484","targetHints":{"allow":["GET"]}}],"collection":[{"href":"https:\/\/pitland.cz\/en\/wp-json\/wp\/v2\/product"}],"about":[{"href":"https:\/\/pitland.cz\/en\/wp-json\/wp\/v2\/types\/product"}],"wp:featuredmedia":[{"embeddable":true,"href":"https:\/\/pitland.cz\/en\/wp-json\/wp\/v2\/media\/7486"}],"wp:attachment":[{"href":"https:\/\/pitland.cz\/en\/wp-json\/wp\/v2\/media?parent=7484"}],"wp:term":[{"taxonomy":"product_brand","embeddable":true,"href":"https:\/\/pitland.cz\/en\/wp-json\/wp\/v2\/product_brand?post=7484"},{"taxonomy":"product_cat","embeddable":true,"href":"https:\/\/pitland.cz\/en\/wp-json\/wp\/v2\/product_cat?post=7484"},{"taxonomy":"product_tag","embeddable":true,"href":"https:\/\/pitland.cz\/en\/wp-json\/wp\/v2\/product_tag?post=7484"}],"curies":[{"name":"wp","href":"https:\/\/api.w.org\/{rel}","templated":true}]}}