{"id":7483,"date":"2021-09-23T11:05:54","date_gmt":"2021-09-23T09:05:54","guid":{"rendered":"https:\/\/pitland.cz\/produkt\/epitness\/"},"modified":"2022-04-23T12:51:52","modified_gmt":"2022-04-23T10:51:52","slug":"epitness","status":"publish","type":"product","link":"https:\/\/pitland.cz\/en\/produkt\/epitness\/","title":{"rendered":"ePITNESS PROGRAMME"},"content":{"rendered":"","protected":false},"excerpt":{"rendered":"","protected":false},"featured_media":5737,"template":"","meta":[],"product_brand":[],"product_cat":[48],"product_tag":[],"class_list":{"0":"post-7483","1":"product","2":"type-product","3":"status-publish","4":"has-post-thumbnail","6":"product_cat-nezarazene-en","8":"first","9":"outofstock","10":"taxable","11":"shipping-taxable","12":"purchasable","13":"product-type-variable"},"yoast_head":"<title>ePITNESS PROGRAMME - Pitland.cz<\/title>\n<meta name=\"robots\" content=\"index, follow, max-snippet:-1, max-image-preview:large, max-video-preview:-1\" \/>\n<link rel=\"canonical\" href=\"https:\/\/pitland.cz\/en\/produkt\/epitness\/\" \/>\n<meta property=\"og:locale\" content=\"en_US\" \/>\n<meta property=\"og:type\" content=\"article\" \/>\n<meta property=\"og:title\" content=\"ePITNESS PROGRAMME - Pitland.cz\" \/>\n<meta property=\"og:url\" content=\"https:\/\/pitland.cz\/en\/produkt\/epitness\/\" \/>\n<meta property=\"og:site_name\" content=\"Pitland.cz\" \/>\n<meta property=\"article:modified_time\" content=\"2022-04-23T10:51:52+00:00\" \/>\n<meta property=\"og:image\" content=\"https:\/\/pitland.cz\/assets\/uploads\/sites\/1201\/2021\/09\/program-epitness-e1641832217769.jpg\" \/>\n\t<meta property=\"og:image:width\" content=\"1500\" \/>\n\t<meta property=\"og:image:height\" content=\"1000\" \/>\n\t<meta property=\"og:image:type\" content=\"image\/jpeg\" \/>\n<meta name=\"twitter:card\" content=\"summary_large_image\" \/>\n<script type=\"application\/ld+json\" class=\"yoast-schema-graph\">{\"@context\":\"https:\/\/schema.org\",\"@graph\":[{\"@type\":\"WebPage\",\"@id\":\"https:\/\/pitland.cz\/en\/produkt\/epitness\/\",\"url\":\"https:\/\/pitland.cz\/en\/produkt\/epitness\/\",\"name\":\"ePITNESS PROGRAMME - Pitland.cz\",\"isPartOf\":{\"@id\":\"https:\/\/pitland.cz\/#website\"},\"datePublished\":\"2021-09-23T09:05:54+00:00\",\"dateModified\":\"2022-04-23T10:51:52+00:00\",\"breadcrumb\":{\"@id\":\"https:\/\/pitland.cz\/en\/produkt\/epitness\/#breadcrumb\"},\"inLanguage\":\"en-US\",\"potentialAction\":[{\"@type\":\"ReadAction\",\"target\":[\"https:\/\/pitland.cz\/en\/produkt\/epitness\/\"]}]},{\"@type\":\"BreadcrumbList\",\"@id\":\"https:\/\/pitland.cz\/en\/produkt\/epitness\/#breadcrumb\",\"itemListElement\":[{\"@type\":\"ListItem\",\"position\":1,\"name\":\"Dom\u016f\",\"item\":\"https:\/\/pitland.cz\/en\/\"},{\"@type\":\"ListItem\",\"position\":2,\"name\":\"Obchod\",\"item\":\"https:\/\/pitland.cz\/obchod\/\"},{\"@type\":\"ListItem\",\"position\":3,\"name\":\"ePITNESS PROGRAMME\"}]},{\"@type\":\"WebSite\",\"@id\":\"https:\/\/pitland.cz\/#website\",\"url\":\"https:\/\/pitland.cz\/\",\"name\":\"Pitland.cz\",\"description\":\"Jedine\u010dn\u00e9 m\u00edsto pro v\u0161echny z\u00e1jemce o j\u00edzdu v jedn\u00e9 stop\u011b, kde sez\u00f3na nikdy nekon\u010d\u00ed.\",\"potentialAction\":[{\"@type\":\"SearchAction\",\"target\":{\"@type\":\"EntryPoint\",\"urlTemplate\":\"https:\/\/pitland.cz\/?s={search_term_string}\"},\"query-input\":\"required name=search_term_string\"}],\"inLanguage\":\"en-US\"}]}<\/script>","yoast_head_json":{"title":"ePITNESS PROGRAMME - Pitland.cz","robots":{"index":"index","follow":"follow","max-snippet":"max-snippet:-1","max-image-preview":"max-image-preview:large","max-video-preview":"max-video-preview:-1"},"canonical":"https:\/\/pitland.cz\/en\/produkt\/epitness\/","og_locale":"en_US","og_type":"article","og_title":"ePITNESS PROGRAMME - Pitland.cz","og_url":"https:\/\/pitland.cz\/en\/produkt\/epitness\/","og_site_name":"Pitland.cz","article_modified_time":"2022-04-23T10:51:52+00:00","og_image":[{"width":1500,"height":1000,"url":"https:\/\/pitland.cz\/assets\/uploads\/sites\/1201\/2021\/09\/program-epitness-e1641832217769.jpg","type":"image\/jpeg"}],"twitter_card":"summary_large_image","schema":{"@context":"https:\/\/schema.org","@graph":[{"@type":"WebPage","@id":"https:\/\/pitland.cz\/en\/produkt\/epitness\/","url":"https:\/\/pitland.cz\/en\/produkt\/epitness\/","name":"ePITNESS PROGRAMME - Pitland.cz","isPartOf":{"@id":"https:\/\/pitland.cz\/#website"},"datePublished":"2021-09-23T09:05:54+00:00","dateModified":"2022-04-23T10:51:52+00:00","breadcrumb":{"@id":"https:\/\/pitland.cz\/en\/produkt\/epitness\/#breadcrumb"},"inLanguage":"en-US","potentialAction":[{"@type":"ReadAction","target":["https:\/\/pitland.cz\/en\/produkt\/epitness\/"]}]},{"@type":"BreadcrumbList","@id":"https:\/\/pitland.cz\/en\/produkt\/epitness\/#breadcrumb","itemListElement":[{"@type":"ListItem","position":1,"name":"Dom\u016f","item":"https:\/\/pitland.cz\/en\/"},{"@type":"ListItem","position":2,"name":"Obchod","item":"https:\/\/pitland.cz\/obchod\/"},{"@type":"ListItem","position":3,"name":"ePITNESS PROGRAMME"}]},{"@type":"WebSite","@id":"https:\/\/pitland.cz\/#website","url":"https:\/\/pitland.cz\/","name":"Pitland.cz","description":"Jedine\u010dn\u00e9 m\u00edsto pro v\u0161echny z\u00e1jemce o j\u00edzdu v jedn\u00e9 stop\u011b, kde sez\u00f3na nikdy nekon\u010d\u00ed.","potentialAction":[{"@type":"SearchAction","target":{"@type":"EntryPoint","urlTemplate":"https:\/\/pitland.cz\/?s={search_term_string}"},"query-input":"required name=search_term_string"}],"inLanguage":"en-US"}]}},"_links":{"self":[{"href":"https:\/\/pitland.cz\/en\/wp-json\/wp\/v2\/product\/7483","targetHints":{"allow":["GET"]}}],"collection":[{"href":"https:\/\/pitland.cz\/en\/wp-json\/wp\/v2\/product"}],"about":[{"href":"https:\/\/pitland.cz\/en\/wp-json\/wp\/v2\/types\/product"}],"wp:featuredmedia":[{"embeddable":true,"href":"https:\/\/pitland.cz\/en\/wp-json\/wp\/v2\/media\/5737"}],"wp:attachment":[{"href":"https:\/\/pitland.cz\/en\/wp-json\/wp\/v2\/media?parent=7483"}],"wp:term":[{"taxonomy":"product_brand","embeddable":true,"href":"https:\/\/pitland.cz\/en\/wp-json\/wp\/v2\/product_brand?post=7483"},{"taxonomy":"product_cat","embeddable":true,"href":"https:\/\/pitland.cz\/en\/wp-json\/wp\/v2\/product_cat?post=7483"},{"taxonomy":"product_tag","embeddable":true,"href":"https:\/\/pitland.cz\/en\/wp-json\/wp\/v2\/product_tag?post=7483"}],"curies":[{"name":"wp","href":"https:\/\/api.w.org\/{rel}","templated":true}]}}