{"id":7474,"date":"2021-05-25T12:13:31","date_gmt":"2021-05-25T10:13:31","guid":{"rendered":"https:\/\/pitland.cz\/produkt\/roadshow\/"},"modified":"2022-04-22T12:16:59","modified_gmt":"2022-04-22T10:16:59","slug":"roadshow","status":"publish","type":"product","link":"https:\/\/pitland.cz\/en\/produkt\/roadshow\/","title":{"rendered":"Pitland Roadshow"},"content":{"rendered":"\n\n\t\t\t\t<img loading=\"lazy\" decoding=\"async\" src=\"https:\/\/pitland.cz\/assets\/uploads\/sites\/1201\/2021\/05\/dsc-2416-1024x680.jpeg\" alt=\"DSC_2416\" itemprop=\"image\" height=\"680\" width=\"1024\" title=\"DSC_2416\" onerror=\"this.style.display='none'\"  \/>\n<h1>Pitland Roadshow<\/h1>\n<h3>3.900,- K\u010d<\/h3>\n<p>&nbsp;<\/p>\n<p>The price includes the loan of all equipment, the ePit and KTM Duke 390 for 2 hours.<\/p>\n<p>A condition for participating is holding an A2 or A driver&#8217;s licence and previous experience of Pitland.<\/p>\n\t\t\t<a href=\"https:\/\/www.apex-timing.com\/gokarts\/events_booking.php?center=248&#038;categories=VcW-IGpzZW0gYnls\" target=\"_self\" role=\"button\" rel=\"noopener\">\n\t\t\t\t\t\tBUY !\n\t\t\t\t\t<\/a>\n<div class=\"woocommerce\"><\/div>\n\t\n\t<p>Rides will always take place within an enclosed space. To begin with, we&#8217;ll be riding on ePits, we&#8217;ll go through practice which you&#8217;ll know well from Pitland, and then we&#8217;ll move on to a larger motorbike.<\/p>\n<p>The site will naturally be suitable for various weather conditions, and you can change and relax in peace. Tickling your fancy? It certainly does ours. So don&#8217;t hesitate and select one of the dates.<\/p>\n\n<p>The RoadShow will take place <a href=\"https:\/\/goo.gl\/maps\/wkhFv26mKenMV25q8\">HERE<\/a> in an enclosed asphalt area at Letna park (M. Hor\u00e1kov\u00e9 street) on 20.-23.4.2022.<\/p>\n<strong>MOST &#8211; Polygon:<br \/>\n<\/strong>\n<p>As for last year, the RoadShow will be on an enclosed area at the Most polygon, which is within the Most Autodrome site <a href=\"https:\/\/goo.gl\/maps\/QfRbVwmDBuFNxwUV6\">HERE<\/a>.<\/p>\n\t<p>Conditions for participation are: at least an A2 driver&#8217;s licence, aged at least 16 years and previous completion of one of our courses at Pitland.<\/p>\n<p>&nbsp;<\/p>\n<p>PS: if you don&#8217;t meet these conditions, or you want more information, write to us at <a href=\"mailto:info@pitland.cz\">info@pitland.cz<\/a> and we&#8217;ll come up with something together.<\/p>\n\t<p>Approximate timing<\/p>\n\t\t<h2>0<\/h2>\t\t\n\t\tapproxminutes\t\n\t\t\t\t\t<img decoding=\"async\" src=\"https:\/\/i.vimeocdn.com\/video\/1157460751-8b2b67d2e50e4ae5a01daaf3992aa7eca790b31a92cd954efb95d8da635087b7-d_840\"\/>\n\t\t\t\t\t<img decoding=\"async\" src=\"https:\/\/i.vimeocdn.com\/video\/1157449584-a87f76b5f1fbecff14a2ee481357c6ed7c2eb8ae883c2a69e47e669a115244b3-d_840\"\/>\n\t\t\t\t\t<img decoding=\"async\" src=\"https:\/\/i.vimeocdn.com\/video\/1178247030-6950ee99ee688aece221d4bf2c575f1b1f9024797b3ebc3c2094b7a30765ceff-d_840\"\/>\n\t<h3>Briefing and other important information<\/h3>\n<ul>\n<li>the briefing is an integral component of every course. It comprises brief instructions, in which we explain to you how the ePit works, and how to treat it. It also includes rules which need to be observed to ensure a safe ride. You can play the briefing here at any time, and go back to it whenever you need to<\/li>\n<li>you need a one-piece leather suit with plastic sliders, strong boots, an integral helmet and gloves to ride<\/li>\n<li>you can loan a full set of equipment here according to the pricelist <a href=\"https:\/\/pitland.cz\/vybaveni\/\">HERE<\/a><\/li>\n<li>you need to arrive for your ride 30 minutes before the stated start time<\/li>\n<li>you can only park at the marked places at the site<\/li>\n<\/ul>\n\n","protected":false},"excerpt":{"rendered":"<p>Pitland Roadshow 3.900,- K\u010d &nbsp; The price includes the loan of all equipment, the ePit and KTM Duke 390 for 2 hours. A condition for participating is holding an A2 or A driver&#8217;s licence and previous experience of Pitland. BUY ! Rides will always take place within an enclosed space. To begin with, we&#8217;ll be&hellip;<\/p>\n","protected":false},"featured_media":7475,"template":"","meta":[],"product_brand":[],"product_cat":[48],"product_tag":[64],"class_list":{"0":"post-7474","1":"product","2":"type-product","3":"status-publish","4":"has-post-thumbnail","6":"product_cat-nezarazene-en","7":"product_tag-uz-jsem-byl-en","9":"first","10":"outofstock","11":"taxable","12":"shipping-taxable","13":"product-type-variable"},"yoast_head":"<title>Pitland Roadshow - Pitland.cz<\/title>\n<meta name=\"robots\" content=\"index, follow, max-snippet:-1, max-image-preview:large, max-video-preview:-1\" \/>\n<link rel=\"canonical\" href=\"https:\/\/pitland.cz\/en\/produkt\/roadshow\/\" \/>\n<meta property=\"og:locale\" content=\"en_US\" \/>\n<meta property=\"og:type\" content=\"article\" \/>\n<meta property=\"og:title\" content=\"Pitland Roadshow - Pitland.cz\" \/>\n<meta property=\"og:description\" content=\"Pitland Roadshow 3.900,- K\u010d &nbsp; The price includes the loan of all equipment, the ePit and KTM Duke 390 for 2 hours. A condition for participating is holding an A2 or A driver&#8217;s licence and previous experience of Pitland. BUY ! Rides will always take place within an enclosed space. To begin with, we&#8217;ll be&hellip;\" \/>\n<meta property=\"og:url\" content=\"https:\/\/pitland.cz\/en\/produkt\/roadshow\/\" \/>\n<meta property=\"og:site_name\" content=\"Pitland.cz\" \/>\n<meta property=\"article:modified_time\" content=\"2022-04-22T10:16:59+00:00\" \/>\n<meta property=\"og:image\" content=\"https:\/\/pitland.cz\/assets\/uploads\/sites\/1201\/2021\/05\/dsc-2416.jpeg\" \/>\n\t<meta property=\"og:image:width\" content=\"2048\" \/>\n\t<meta property=\"og:image:height\" content=\"1360\" \/>\n\t<meta property=\"og:image:type\" content=\"image\/jpeg\" \/>\n<meta name=\"twitter:card\" content=\"summary_large_image\" \/>\n<meta name=\"twitter:label1\" content=\"Est. reading time\" \/>\n\t<meta name=\"twitter:data1\" content=\"2 minutes\" \/>\n<script type=\"application\/ld+json\" class=\"yoast-schema-graph\">{\"@context\":\"https:\/\/schema.org\",\"@graph\":[{\"@type\":\"WebPage\",\"@id\":\"https:\/\/pitland.cz\/en\/produkt\/roadshow\/\",\"url\":\"https:\/\/pitland.cz\/en\/produkt\/roadshow\/\",\"name\":\"Pitland Roadshow - Pitland.cz\",\"isPartOf\":{\"@id\":\"https:\/\/pitland.cz\/#website\"},\"datePublished\":\"2021-05-25T10:13:31+00:00\",\"dateModified\":\"2022-04-22T10:16:59+00:00\",\"breadcrumb\":{\"@id\":\"https:\/\/pitland.cz\/en\/produkt\/roadshow\/#breadcrumb\"},\"inLanguage\":\"en-US\",\"potentialAction\":[{\"@type\":\"ReadAction\",\"target\":[\"https:\/\/pitland.cz\/en\/produkt\/roadshow\/\"]}]},{\"@type\":\"BreadcrumbList\",\"@id\":\"https:\/\/pitland.cz\/en\/produkt\/roadshow\/#breadcrumb\",\"itemListElement\":[{\"@type\":\"ListItem\",\"position\":1,\"name\":\"Dom\u016f\",\"item\":\"https:\/\/pitland.cz\/en\/\"},{\"@type\":\"ListItem\",\"position\":2,\"name\":\"Obchod\",\"item\":\"https:\/\/pitland.cz\/obchod\/\"},{\"@type\":\"ListItem\",\"position\":3,\"name\":\"Pitland Roadshow\"}]},{\"@type\":\"WebSite\",\"@id\":\"https:\/\/pitland.cz\/#website\",\"url\":\"https:\/\/pitland.cz\/\",\"name\":\"Pitland.cz\",\"description\":\"Jedine\u010dn\u00e9 m\u00edsto pro v\u0161echny z\u00e1jemce o j\u00edzdu v jedn\u00e9 stop\u011b, kde sez\u00f3na nikdy nekon\u010d\u00ed.\",\"potentialAction\":[{\"@type\":\"SearchAction\",\"target\":{\"@type\":\"EntryPoint\",\"urlTemplate\":\"https:\/\/pitland.cz\/?s={search_term_string}\"},\"query-input\":\"required name=search_term_string\"}],\"inLanguage\":\"en-US\"}]}<\/script>","yoast_head_json":{"title":"Pitland Roadshow - Pitland.cz","robots":{"index":"index","follow":"follow","max-snippet":"max-snippet:-1","max-image-preview":"max-image-preview:large","max-video-preview":"max-video-preview:-1"},"canonical":"https:\/\/pitland.cz\/en\/produkt\/roadshow\/","og_locale":"en_US","og_type":"article","og_title":"Pitland Roadshow - Pitland.cz","og_description":"Pitland Roadshow 3.900,- K\u010d &nbsp; The price includes the loan of all equipment, the ePit and KTM Duke 390 for 2 hours. A condition for participating is holding an A2 or A driver&#8217;s licence and previous experience of Pitland. BUY ! Rides will always take place within an enclosed space. To begin with, we&#8217;ll be&hellip;","og_url":"https:\/\/pitland.cz\/en\/produkt\/roadshow\/","og_site_name":"Pitland.cz","article_modified_time":"2022-04-22T10:16:59+00:00","og_image":[{"width":2048,"height":1360,"url":"https:\/\/pitland.cz\/assets\/uploads\/sites\/1201\/2021\/05\/dsc-2416.jpeg","type":"image\/jpeg"}],"twitter_card":"summary_large_image","twitter_misc":{"Est. reading time":"2 minutes"},"schema":{"@context":"https:\/\/schema.org","@graph":[{"@type":"WebPage","@id":"https:\/\/pitland.cz\/en\/produkt\/roadshow\/","url":"https:\/\/pitland.cz\/en\/produkt\/roadshow\/","name":"Pitland Roadshow - Pitland.cz","isPartOf":{"@id":"https:\/\/pitland.cz\/#website"},"datePublished":"2021-05-25T10:13:31+00:00","dateModified":"2022-04-22T10:16:59+00:00","breadcrumb":{"@id":"https:\/\/pitland.cz\/en\/produkt\/roadshow\/#breadcrumb"},"inLanguage":"en-US","potentialAction":[{"@type":"ReadAction","target":["https:\/\/pitland.cz\/en\/produkt\/roadshow\/"]}]},{"@type":"BreadcrumbList","@id":"https:\/\/pitland.cz\/en\/produkt\/roadshow\/#breadcrumb","itemListElement":[{"@type":"ListItem","position":1,"name":"Dom\u016f","item":"https:\/\/pitland.cz\/en\/"},{"@type":"ListItem","position":2,"name":"Obchod","item":"https:\/\/pitland.cz\/obchod\/"},{"@type":"ListItem","position":3,"name":"Pitland Roadshow"}]},{"@type":"WebSite","@id":"https:\/\/pitland.cz\/#website","url":"https:\/\/pitland.cz\/","name":"Pitland.cz","description":"Jedine\u010dn\u00e9 m\u00edsto pro v\u0161echny z\u00e1jemce o j\u00edzdu v jedn\u00e9 stop\u011b, kde sez\u00f3na nikdy nekon\u010d\u00ed.","potentialAction":[{"@type":"SearchAction","target":{"@type":"EntryPoint","urlTemplate":"https:\/\/pitland.cz\/?s={search_term_string}"},"query-input":"required name=search_term_string"}],"inLanguage":"en-US"}]}},"_links":{"self":[{"href":"https:\/\/pitland.cz\/en\/wp-json\/wp\/v2\/product\/7474","targetHints":{"allow":["GET"]}}],"collection":[{"href":"https:\/\/pitland.cz\/en\/wp-json\/wp\/v2\/product"}],"about":[{"href":"https:\/\/pitland.cz\/en\/wp-json\/wp\/v2\/types\/product"}],"wp:featuredmedia":[{"embeddable":true,"href":"https:\/\/pitland.cz\/en\/wp-json\/wp\/v2\/media\/7475"}],"wp:attachment":[{"href":"https:\/\/pitland.cz\/en\/wp-json\/wp\/v2\/media?parent=7474"}],"wp:term":[{"taxonomy":"product_brand","embeddable":true,"href":"https:\/\/pitland.cz\/en\/wp-json\/wp\/v2\/product_brand?post=7474"},{"taxonomy":"product_cat","embeddable":true,"href":"https:\/\/pitland.cz\/en\/wp-json\/wp\/v2\/product_cat?post=7474"},{"taxonomy":"product_tag","embeddable":true,"href":"https:\/\/pitland.cz\/en\/wp-json\/wp\/v2\/product_tag?post=7474"}],"curies":[{"name":"wp","href":"https:\/\/api.w.org\/{rel}","templated":true}]}}