{"id":7461,"date":"2021-02-08T15:18:39","date_gmt":"2021-02-08T14:18:39","guid":{"rendered":"https:\/\/pitland.cz\/produkt\/particka\/"},"modified":"2024-04-30T09:01:11","modified_gmt":"2024-04-30T07:01:11","slug":"particka","status":"publish","type":"product","link":"https:\/\/pitland.cz\/en\/produkt\/particka\/","title":{"rendered":"Group Sessions"},"content":{"rendered":"\n\n\t\t\t\t<img loading=\"lazy\" decoding=\"async\" src=\"https:\/\/pitland.cz\/assets\/uploads\/sites\/1201\/2021\/02\/particka2021-jdu-poprve-1024x683.jpg\" alt=\"Particka2021-jdu-poprve\" height=\"683\" width=\"1024\" title=\"Particka2021-jdu-poprve\" \/>\n\t<h1>Group Sessions<\/h1>\n<p><strong>Can be used for your first or repeated visits to Pitland.<\/strong><\/p>\n<p><strong>The price for max. 6 people for 2 hours is:<\/strong><\/p>\n<ul>\n<li><strong> 11,900 CZK on weekdays<\/strong><\/li>\n<li><strong>13,700 CZK on weekends<\/strong><\/li>\n<\/ul>\n<p><strong>The price for any other rider (max 12) for 2 hours is:<\/strong><\/p>\n<ul>\n<li><strong>+2000 CZK <\/strong><strong>on weekdays<\/strong><\/li>\n<li><strong>+2300 CZK on weekends<\/strong><\/li>\n<\/ul>\n<p><strong>Saving you more than 400 CZK\/person.<\/strong><\/p>\n<p><strong>Equipment is not included in the price, but this can be loaned according to the price list <a href=\"https:\/\/pitland.cz\/en\/equipment\/\" target=\"_blank\" rel=\"noopener\">here.<\/a><\/strong><\/p>\n<p>If you loan our equipment, you will need functional underwear with long arms and legs underneath the one-piece suit.<\/p>\n<p><strong>You&#8217;ll need to confirm the time with us at <a href=\"mailto:info@pitland.cz\">info@pitland.cz<\/a>. <\/strong><\/p>\n<p><strong>You&#8217;ll find the reservation change conditions <a href=\"https:\/\/pitland.cz\/en\/produkt\/presun_rezervace\/\" target=\"_blank\" rel=\"noopener\">HERE<\/a>.<\/strong><\/p>\n<p>&nbsp;<\/p>\n\t\t\t<a href=\"https:\/\/pitland.cz\/en\/rezervace-particky\/\" target=\"_self\" rel=\"noopener\">\n\t\t\t\t\t\tBOOK GROUP SESSION\n\t\t\t\t\t<\/a>\n\t<p>We&#8217;ve arranged Group Sessions so they&#8217;re suitable for anyone who wants to enjoy Pitland with their friends, family or colleagues. Basically, with your gang!<\/p>\n<p>A Group Session is the ideal addition to your teambuilding, birthday parties, stag parties or just for spending time together with your friends.<\/p>\n<p>Group Sessions are suitable for all levels of riders, and also as a first visit to Pitland. This can be done in the option for max. 6 participants.<\/p>\n<p><strong>Children under 150 cm cannot attend the course without prior notification and our confirmation via <a href=\"mailto:info@pitland.cz\">info@pitland.cz<\/a>.<\/strong><\/p>\n\t<p><strong>PROGRAMME<\/strong><\/p>\n\t<ul>\n<li>the session lasts 2 hours<\/li>\n<li>meet the ePit and tame it<\/li>\n<li>try out our training circuits and track<\/li>\n<li>test your skills and flexibility in a number of competitions<\/li>\n<li>you&#8217;ll also be taking part in a race, including the announcement of the winners and prize giving<\/li>\n<\/ul>\n\t\t\t\t\t<img decoding=\"async\" src=\"https:\/\/i.vimeocdn.com\/video\/1178247030-6950ee99ee688aece221d4bf2c575f1b1f9024797b3ebc3c2094b7a30765ceff-d_840\" alt=\"vimeo-video-thumbnail\" \/>\n\t<h3>Briefing and other important information<\/h3>\n<ul>\n<li>the briefing is an integral component of every course. It comprises brief instructions, in which we explain to you how the ePit works, and how to treat it. It also includes rules which need to be observed to ensure a safe ride. You can play the briefing here at any time, and go back to it whenever you need to<\/li>\n<li>you need a one-piece leather suit with plastic sliders, strong boots, an integral helmet and gloves to ride<\/li>\n<li>you can loan a full set of equipment here according to the pricelist <a href=\"https:\/\/pitland.cz\/vybaveni\/\">HERE<\/a><\/li>\n<li>you need to arrive for your ride 30 minutes before the stated start time<\/li>\n<li>you can only park at the marked places at the site<\/li>\n<\/ul>\n\n","protected":false},"excerpt":{"rendered":"<div class=\"woocommerce-product-details__short-description\">\n<p>Vhodn\u00e9 jako prvn\u00ed i opakovan\u00e1 n\u00e1v\u0161t\u011bva Pitlandu. Cena pro max 6 osob na 2 hodiny je 11 900,-.<\/p>\n<p><strong>Vybaven\u00ed nen\u00ed sou\u010d\u00e1st\u00ed ceny, na m\u00edst\u011b je v\u0161ak mo\u017en\u00e9 si jej zap\u016fj\u010dit dle cen\u00edku\u00a0<a href=\"https:\/\/pitland.cz\/vybaveni\/\">ZDE<\/a><\/strong><\/p>\n<\/div>\n<p>P\u0159i zap\u016fj\u010den\u00ed kombin\u00e9zy vy\u017eadujeme ze zdravotn\u00edch d\u016fvod\u016f oble\u010den\u00ed do funk\u010dn\u00edho pr\u00e1dla s dlouh\u00fdm ruk\u00e1vem a nohavicemi ke kotn\u00edk\u016fm. Pokud jej nevlastn\u00edte, je mo\u017en\u00e9 ho na m\u00edst\u011b zakoupit.\u00a0<\/p>\n","protected":false},"featured_media":7463,"template":"","meta":[],"product_brand":[],"product_cat":[48],"product_tag":[49],"class_list":{"0":"post-7461","1":"product","2":"type-product","3":"status-publish","4":"has-post-thumbnail","6":"product_cat-nezarazene-en","7":"product_tag-jdu-poprve-en","9":"first","10":"outofstock","11":"taxable","12":"shipping-taxable","13":"product-type-variable"},"yoast_head":"<title>Group Sessions - Pitland.cz<\/title>\n<meta name=\"robots\" content=\"index, follow, max-snippet:-1, max-image-preview:large, max-video-preview:-1\" \/>\n<link rel=\"canonical\" href=\"https:\/\/pitland.cz\/en\/produkt\/particka\/\" \/>\n<meta property=\"og:locale\" content=\"en_US\" \/>\n<meta property=\"og:type\" content=\"article\" \/>\n<meta property=\"og:title\" content=\"Group Sessions - Pitland.cz\" \/>\n<meta property=\"og:description\" content=\"Vhodn\u00e9 jako prvn\u00ed i opakovan\u00e1 n\u00e1v\u0161t\u011bva Pitlandu. Cena pro max 6 osob na 2 hodiny je 11 900,-. Vybaven\u00ed nen\u00ed sou\u010d\u00e1st\u00ed ceny, na m\u00edst\u011b je v\u0161ak mo\u017en\u00e9 si jej zap\u016fj\u010dit dle cen\u00edku\u00a0ZDE  P\u0159i zap\u016fj\u010den\u00ed kombin\u00e9zy vy\u017eadujeme ze zdravotn\u00edch d\u016fvod\u016f oble\u010den\u00ed do funk\u010dn\u00edho pr\u00e1dla s dlouh\u00fdm ruk\u00e1vem a nohavicemi ke kotn\u00edk\u016fm. Pokud jej nevlastn\u00edte, je mo\u017en\u00e9 ho na m\u00edst\u011b zakoupit.\u00a0\" \/>\n<meta property=\"og:url\" content=\"https:\/\/pitland.cz\/en\/produkt\/particka\/\" \/>\n<meta property=\"og:site_name\" content=\"Pitland.cz\" \/>\n<meta property=\"article:modified_time\" content=\"2024-04-30T07:01:11+00:00\" \/>\n<meta property=\"og:image\" content=\"https:\/\/pitland.cz\/assets\/uploads\/sites\/1201\/2021\/02\/particka2021.jpg\" \/>\n\t<meta property=\"og:image:width\" content=\"1417\" \/>\n\t<meta property=\"og:image:height\" content=\"945\" \/>\n\t<meta property=\"og:image:type\" content=\"image\/jpeg\" \/>\n<meta name=\"twitter:card\" content=\"summary_large_image\" \/>\n<meta name=\"twitter:label1\" content=\"Est. reading time\" \/>\n\t<meta name=\"twitter:data1\" content=\"2 minutes\" \/>\n<script type=\"application\/ld+json\" class=\"yoast-schema-graph\">{\"@context\":\"https:\/\/schema.org\",\"@graph\":[{\"@type\":\"WebPage\",\"@id\":\"https:\/\/pitland.cz\/en\/produkt\/particka\/\",\"url\":\"https:\/\/pitland.cz\/en\/produkt\/particka\/\",\"name\":\"Group Sessions - Pitland.cz\",\"isPartOf\":{\"@id\":\"https:\/\/pitland.cz\/#website\"},\"datePublished\":\"2021-02-08T14:18:39+00:00\",\"dateModified\":\"2024-04-30T07:01:11+00:00\",\"breadcrumb\":{\"@id\":\"https:\/\/pitland.cz\/en\/produkt\/particka\/#breadcrumb\"},\"inLanguage\":\"en-US\",\"potentialAction\":[{\"@type\":\"ReadAction\",\"target\":[\"https:\/\/pitland.cz\/en\/produkt\/particka\/\"]}]},{\"@type\":\"BreadcrumbList\",\"@id\":\"https:\/\/pitland.cz\/en\/produkt\/particka\/#breadcrumb\",\"itemListElement\":[{\"@type\":\"ListItem\",\"position\":1,\"name\":\"Dom\u016f\",\"item\":\"https:\/\/pitland.cz\/en\/\"},{\"@type\":\"ListItem\",\"position\":2,\"name\":\"Obchod\",\"item\":\"https:\/\/pitland.cz\/obchod\/\"},{\"@type\":\"ListItem\",\"position\":3,\"name\":\"Group Sessions\"}]},{\"@type\":\"WebSite\",\"@id\":\"https:\/\/pitland.cz\/#website\",\"url\":\"https:\/\/pitland.cz\/\",\"name\":\"Pitland.cz\",\"description\":\"Jedine\u010dn\u00e9 m\u00edsto pro v\u0161echny z\u00e1jemce o j\u00edzdu v jedn\u00e9 stop\u011b, kde sez\u00f3na nikdy nekon\u010d\u00ed.\",\"potentialAction\":[{\"@type\":\"SearchAction\",\"target\":{\"@type\":\"EntryPoint\",\"urlTemplate\":\"https:\/\/pitland.cz\/?s={search_term_string}\"},\"query-input\":\"required name=search_term_string\"}],\"inLanguage\":\"en-US\"}]}<\/script>","yoast_head_json":{"title":"Group Sessions - Pitland.cz","robots":{"index":"index","follow":"follow","max-snippet":"max-snippet:-1","max-image-preview":"max-image-preview:large","max-video-preview":"max-video-preview:-1"},"canonical":"https:\/\/pitland.cz\/en\/produkt\/particka\/","og_locale":"en_US","og_type":"article","og_title":"Group Sessions - Pitland.cz","og_description":"Vhodn\u00e9 jako prvn\u00ed i opakovan\u00e1 n\u00e1v\u0161t\u011bva Pitlandu. Cena pro max 6 osob na 2 hodiny je 11 900,-. Vybaven\u00ed nen\u00ed sou\u010d\u00e1st\u00ed ceny, na m\u00edst\u011b je v\u0161ak mo\u017en\u00e9 si jej zap\u016fj\u010dit dle cen\u00edku\u00a0ZDE  P\u0159i zap\u016fj\u010den\u00ed kombin\u00e9zy vy\u017eadujeme ze zdravotn\u00edch d\u016fvod\u016f oble\u010den\u00ed do funk\u010dn\u00edho pr\u00e1dla s dlouh\u00fdm ruk\u00e1vem a nohavicemi ke kotn\u00edk\u016fm. Pokud jej nevlastn\u00edte, je mo\u017en\u00e9 ho na m\u00edst\u011b zakoupit.\u00a0","og_url":"https:\/\/pitland.cz\/en\/produkt\/particka\/","og_site_name":"Pitland.cz","article_modified_time":"2024-04-30T07:01:11+00:00","og_image":[{"width":1417,"height":945,"url":"https:\/\/pitland.cz\/assets\/uploads\/sites\/1201\/2021\/02\/particka2021.jpg","type":"image\/jpeg"}],"twitter_card":"summary_large_image","twitter_misc":{"Est. reading time":"2 minutes"},"schema":{"@context":"https:\/\/schema.org","@graph":[{"@type":"WebPage","@id":"https:\/\/pitland.cz\/en\/produkt\/particka\/","url":"https:\/\/pitland.cz\/en\/produkt\/particka\/","name":"Group Sessions - Pitland.cz","isPartOf":{"@id":"https:\/\/pitland.cz\/#website"},"datePublished":"2021-02-08T14:18:39+00:00","dateModified":"2024-04-30T07:01:11+00:00","breadcrumb":{"@id":"https:\/\/pitland.cz\/en\/produkt\/particka\/#breadcrumb"},"inLanguage":"en-US","potentialAction":[{"@type":"ReadAction","target":["https:\/\/pitland.cz\/en\/produkt\/particka\/"]}]},{"@type":"BreadcrumbList","@id":"https:\/\/pitland.cz\/en\/produkt\/particka\/#breadcrumb","itemListElement":[{"@type":"ListItem","position":1,"name":"Dom\u016f","item":"https:\/\/pitland.cz\/en\/"},{"@type":"ListItem","position":2,"name":"Obchod","item":"https:\/\/pitland.cz\/obchod\/"},{"@type":"ListItem","position":3,"name":"Group Sessions"}]},{"@type":"WebSite","@id":"https:\/\/pitland.cz\/#website","url":"https:\/\/pitland.cz\/","name":"Pitland.cz","description":"Jedine\u010dn\u00e9 m\u00edsto pro v\u0161echny z\u00e1jemce o j\u00edzdu v jedn\u00e9 stop\u011b, kde sez\u00f3na nikdy nekon\u010d\u00ed.","potentialAction":[{"@type":"SearchAction","target":{"@type":"EntryPoint","urlTemplate":"https:\/\/pitland.cz\/?s={search_term_string}"},"query-input":"required name=search_term_string"}],"inLanguage":"en-US"}]}},"_links":{"self":[{"href":"https:\/\/pitland.cz\/en\/wp-json\/wp\/v2\/product\/7461","targetHints":{"allow":["GET"]}}],"collection":[{"href":"https:\/\/pitland.cz\/en\/wp-json\/wp\/v2\/product"}],"about":[{"href":"https:\/\/pitland.cz\/en\/wp-json\/wp\/v2\/types\/product"}],"wp:featuredmedia":[{"embeddable":true,"href":"https:\/\/pitland.cz\/en\/wp-json\/wp\/v2\/media\/7463"}],"wp:attachment":[{"href":"https:\/\/pitland.cz\/en\/wp-json\/wp\/v2\/media?parent=7461"}],"wp:term":[{"taxonomy":"product_brand","embeddable":true,"href":"https:\/\/pitland.cz\/en\/wp-json\/wp\/v2\/product_brand?post=7461"},{"taxonomy":"product_cat","embeddable":true,"href":"https:\/\/pitland.cz\/en\/wp-json\/wp\/v2\/product_cat?post=7461"},{"taxonomy":"product_tag","embeddable":true,"href":"https:\/\/pitland.cz\/en\/wp-json\/wp\/v2\/product_tag?post=7461"}],"curies":[{"name":"wp","href":"https:\/\/api.w.org\/{rel}","templated":true}]}}