{"id":7453,"date":"2020-11-22T17:47:27","date_gmt":"2020-11-22T16:47:27","guid":{"rendered":"https:\/\/pitland.cz\/produkt\/prvni-zkusenost\/"},"modified":"2023-03-17T11:17:12","modified_gmt":"2023-03-17T10:17:12","slug":"prvni-zkusenost","status":"publish","type":"product","link":"https:\/\/pitland.cz\/en\/produkt\/prvni-zkusenost\/","title":{"rendered":"First experience"},"content":{"rendered":"\n\n\t\t\t<a href=\"https:\/\/www.jedinecnyzazitek.cz\/eng\/\" target=\"_blank\" role=\"button\" rel=\"noopener\">\n\t\t\t\t\t\t\tSPECIAL OFFER\n\t\t\t\t\t<\/a>\n\t\t\t\t<img loading=\"lazy\" decoding=\"async\" src=\"https:\/\/pitland.cz\/assets\/uploads\/sites\/1201\/2020\/11\/prvni-zkusenosti-1024x683.jpg\" alt=\"Prvni-zkusenosti\" height=\"683\" width=\"1024\" title=\"Prvni-zkusenosti\" \/>\n\t<h1>First experience<\/h1>\n<p><strong>Recommended for your first visit to Pitland.<\/strong><\/p>\n<p><strong>The price per 1 person for 2 hours is: <\/strong><\/p>\n<ul>\n<li><strong>2,400 CZK on weekdays from Wednesday to Friday<\/strong><\/li>\n<li><strong>2,700 CZK on weekends from Saturday to Sunday<\/strong><\/li>\n<\/ul>\n<p><strong>Equipment is not included in the price, but this can be loaned.<\/strong><\/p>\n<p>If you loan our equipment, you will need functional underwear with long arms and legs underneath the one-piece suit.<\/p>\n<p>&nbsp;<\/p>\n\t\t\t<a href=\"https:\/\/www.apex-timing.com\/gokarts\/events_booking.php?center=248&amp;categories=Jdu%20poprv%C3%A9\" target=\"_self\" role=\"button\" rel=\"noopener\">\n\t\t\t\t\t\tBUY !\n\t\t\t\t\t<\/a>\n\t<p><strong>Planning a ride at Pitland as a gift? If you purchase the Unwrap it! voucher <a href=\"https:\/\/pitland.cz\/en\/produkt\/unwrap-it\/\">HERE<\/a>, you don&#8217;t need to work out which product is most suitable for the receiver.<\/strong><\/p>\n\t\t\t\t\t<img decoding=\"async\" src=\"https:\/\/i.vimeocdn.com\/video\/1395777756-79a2cd8d886ba97deaffb150f1553fed9484ceabb71f3bc9de4788a7c4b9913f-d_840\" \/>\n\t<p><strong>DESCRIPTION<\/strong><\/p>\n\t<p>First Experience opens the doors to Pitland to you. During this experience, you&#8217;ll handle the ePit, test your capabilities on the circuits and on the track, and you&#8217;ll be sure to get a real kick out of it!<\/p>\n<p>We pride ourselves on an individual approach, so you&#8217;ll be getting feedback while you&#8217;re riding via the intercom in your helmet from our experienced SAM, and we&#8217;ll also be training you in small groups up to a maximum of 3 people, so you&#8217;ll be receiving the highest care.<\/p>\n<p>&nbsp;<\/p>\n<p><strong>Children under 150 cm cannot attend the course without prior notification and our confirmation via <a href=\"mailto:info@pitland.cz\">info@pitland.cz<\/a>.<\/strong><\/p>\n\t<p><strong>PROGRAMME<\/strong><\/p>\n\t<p>This experience has 2 main parts &#8211; <strong>training on circuits<\/strong> and timed <strong>races on the track<\/strong>.<\/p>\n<p>We&#8217;ll adjust the training to your ability, and we&#8217;ll be focusing on the following areas:<\/p>\n<ul>\n<li>turning your head into bends<\/li>\n<li>correct body posture, head, working with your hands<\/li>\n<li>correct seating position on bike, position and<\/li>\n<li>work with legs<\/li>\n<li>riding on the circuit, figure of eight, slalom, etc.<\/li>\n<\/ul>\n<p>We&#8217;ll show you the right method on the track and polish your ride technique. After each ride, we&#8217;ll also send you your times by email. So who can improve the most?<\/p>\n\t\t\t\t\t<img decoding=\"async\" src=\"https:\/\/i.vimeocdn.com\/video\/1178247030-6950ee99ee688aece221d4bf2c575f1b1f9024797b3ebc3c2094b7a30765ceff-d_840\" \/>\n\t<h3>Briefing and other important information<\/h3>\n<ul>\n<li>the briefing is an integral component of every course. It comprises brief instructions, in which we explain to you how the ePit works, and how to treat it. It also includes rules which need to be observed to ensure a safe ride. You can play the briefing here at any time, and go back to it whenever you need to<\/li>\n<li>you need a one-piece leather suit with plastic sliders, strong boots, an integral helmet and gloves to ride<\/li>\n<li>you can loan a full set of equipment here according to the pricelist <a href=\"https:\/\/pitland.cz\/vybaveni\/\">HERE<\/a><\/li>\n<li>you need to arrive for your ride 30 minutes before the stated start time<\/li>\n<li>you can only park at the marked places at the site<\/li>\n<\/ul>\n\n","protected":false},"excerpt":{"rendered":"<div class=\"woocommerce-product-details__short-description\">\n<p>Vhodn\u00e9 jako prvn\u00ed n\u00e1v\u0161t\u011bv Pitlandu.<\/p>\n<p><strong>Vybaven\u00ed nen\u00ed sou\u010d\u00e1st\u00ed ceny, na m\u00edst\u011b je v\u0161ak mo\u017en\u00e9 si jej zap\u016fj\u010dit dle cen\u00edku\u00a0<a href=\"https:\/\/pitland.cz\/vybaveni\/\">ZDE<\/a><\/strong><\/p>\n<\/div>\n<p>P\u0159i zap\u016fj\u010den\u00ed kombin\u00e9zy vy\u017eadujeme ze zdravotn\u00edch d\u016fvod\u016f oble\u010den\u00ed do funk\u010dn\u00edho pr\u00e1dla s dlouh\u00fdm ruk\u00e1vem a nohavicemi ke kotn\u00edk\u016fm. Pokud jej nevlastn\u00edte, je mo\u017en\u00e9 ho na m\u00edst\u011b zakoupit.\u00a0<\/p>\n","protected":false},"featured_media":7454,"template":"","meta":[],"product_brand":[],"product_cat":[48],"product_tag":[49],"class_list":{"0":"post-7453","1":"product","2":"type-product","3":"status-publish","4":"has-post-thumbnail","6":"product_cat-nezarazene-en","7":"product_tag-jdu-poprve-en","9":"first","10":"outofstock","11":"taxable","12":"shipping-taxable","13":"product-type-variable"},"yoast_head":"<title>First experience - Pitland.cz<\/title>\n<meta name=\"robots\" content=\"index, follow, max-snippet:-1, max-image-preview:large, max-video-preview:-1\" \/>\n<link rel=\"canonical\" href=\"https:\/\/pitland.cz\/en\/produkt\/prvni-zkusenost\/\" \/>\n<meta property=\"og:locale\" content=\"en_US\" \/>\n<meta property=\"og:type\" content=\"article\" \/>\n<meta property=\"og:title\" content=\"First experience - Pitland.cz\" \/>\n<meta property=\"og:description\" content=\"Vhodn\u00e9 jako prvn\u00ed n\u00e1v\u0161t\u011bv Pitlandu. Vybaven\u00ed nen\u00ed sou\u010d\u00e1st\u00ed ceny, na m\u00edst\u011b je v\u0161ak mo\u017en\u00e9 si jej zap\u016fj\u010dit dle cen\u00edku\u00a0ZDE  P\u0159i zap\u016fj\u010den\u00ed kombin\u00e9zy vy\u017eadujeme ze zdravotn\u00edch d\u016fvod\u016f oble\u010den\u00ed do funk\u010dn\u00edho pr\u00e1dla s dlouh\u00fdm ruk\u00e1vem a nohavicemi ke kotn\u00edk\u016fm. Pokud jej nevlastn\u00edte, je mo\u017en\u00e9 ho na m\u00edst\u011b zakoupit.\u00a0\" \/>\n<meta property=\"og:url\" content=\"https:\/\/pitland.cz\/en\/produkt\/prvni-zkusenost\/\" \/>\n<meta property=\"og:site_name\" content=\"Pitland.cz\" \/>\n<meta property=\"article:modified_time\" content=\"2023-03-17T10:17:12+00:00\" \/>\n<meta property=\"og:image\" content=\"https:\/\/pitland.cz\/assets\/uploads\/sites\/1201\/2020\/11\/prvni-zkusenosti.jpg\" \/>\n\t<meta property=\"og:image:width\" content=\"1417\" \/>\n\t<meta property=\"og:image:height\" content=\"945\" \/>\n\t<meta property=\"og:image:type\" content=\"image\/jpeg\" \/>\n<meta name=\"twitter:card\" content=\"summary_large_image\" \/>\n<meta name=\"twitter:label1\" content=\"Est. reading time\" \/>\n\t<meta name=\"twitter:data1\" content=\"2 minutes\" \/>\n<script type=\"application\/ld+json\" class=\"yoast-schema-graph\">{\"@context\":\"https:\/\/schema.org\",\"@graph\":[{\"@type\":\"WebPage\",\"@id\":\"https:\/\/pitland.cz\/en\/produkt\/prvni-zkusenost\/\",\"url\":\"https:\/\/pitland.cz\/en\/produkt\/prvni-zkusenost\/\",\"name\":\"First experience - Pitland.cz\",\"isPartOf\":{\"@id\":\"https:\/\/pitland.cz\/#website\"},\"datePublished\":\"2020-11-22T16:47:27+00:00\",\"dateModified\":\"2023-03-17T10:17:12+00:00\",\"breadcrumb\":{\"@id\":\"https:\/\/pitland.cz\/en\/produkt\/prvni-zkusenost\/#breadcrumb\"},\"inLanguage\":\"en-US\",\"potentialAction\":[{\"@type\":\"ReadAction\",\"target\":[\"https:\/\/pitland.cz\/en\/produkt\/prvni-zkusenost\/\"]}]},{\"@type\":\"BreadcrumbList\",\"@id\":\"https:\/\/pitland.cz\/en\/produkt\/prvni-zkusenost\/#breadcrumb\",\"itemListElement\":[{\"@type\":\"ListItem\",\"position\":1,\"name\":\"Dom\u016f\",\"item\":\"https:\/\/pitland.cz\/en\/\"},{\"@type\":\"ListItem\",\"position\":2,\"name\":\"Obchod\",\"item\":\"https:\/\/pitland.cz\/obchod\/\"},{\"@type\":\"ListItem\",\"position\":3,\"name\":\"First experience\"}]},{\"@type\":\"WebSite\",\"@id\":\"https:\/\/pitland.cz\/#website\",\"url\":\"https:\/\/pitland.cz\/\",\"name\":\"Pitland.cz\",\"description\":\"Jedine\u010dn\u00e9 m\u00edsto pro v\u0161echny z\u00e1jemce o j\u00edzdu v jedn\u00e9 stop\u011b, kde sez\u00f3na nikdy nekon\u010d\u00ed.\",\"potentialAction\":[{\"@type\":\"SearchAction\",\"target\":{\"@type\":\"EntryPoint\",\"urlTemplate\":\"https:\/\/pitland.cz\/?s={search_term_string}\"},\"query-input\":\"required name=search_term_string\"}],\"inLanguage\":\"en-US\"}]}<\/script>","yoast_head_json":{"title":"First experience - Pitland.cz","robots":{"index":"index","follow":"follow","max-snippet":"max-snippet:-1","max-image-preview":"max-image-preview:large","max-video-preview":"max-video-preview:-1"},"canonical":"https:\/\/pitland.cz\/en\/produkt\/prvni-zkusenost\/","og_locale":"en_US","og_type":"article","og_title":"First experience - Pitland.cz","og_description":"Vhodn\u00e9 jako prvn\u00ed n\u00e1v\u0161t\u011bv Pitlandu. Vybaven\u00ed nen\u00ed sou\u010d\u00e1st\u00ed ceny, na m\u00edst\u011b je v\u0161ak mo\u017en\u00e9 si jej zap\u016fj\u010dit dle cen\u00edku\u00a0ZDE  P\u0159i zap\u016fj\u010den\u00ed kombin\u00e9zy vy\u017eadujeme ze zdravotn\u00edch d\u016fvod\u016f oble\u010den\u00ed do funk\u010dn\u00edho pr\u00e1dla s dlouh\u00fdm ruk\u00e1vem a nohavicemi ke kotn\u00edk\u016fm. Pokud jej nevlastn\u00edte, je mo\u017en\u00e9 ho na m\u00edst\u011b zakoupit.\u00a0","og_url":"https:\/\/pitland.cz\/en\/produkt\/prvni-zkusenost\/","og_site_name":"Pitland.cz","article_modified_time":"2023-03-17T10:17:12+00:00","og_image":[{"width":1417,"height":945,"url":"https:\/\/pitland.cz\/assets\/uploads\/sites\/1201\/2020\/11\/prvni-zkusenosti.jpg","type":"image\/jpeg"}],"twitter_card":"summary_large_image","twitter_misc":{"Est. reading time":"2 minutes"},"schema":{"@context":"https:\/\/schema.org","@graph":[{"@type":"WebPage","@id":"https:\/\/pitland.cz\/en\/produkt\/prvni-zkusenost\/","url":"https:\/\/pitland.cz\/en\/produkt\/prvni-zkusenost\/","name":"First experience - Pitland.cz","isPartOf":{"@id":"https:\/\/pitland.cz\/#website"},"datePublished":"2020-11-22T16:47:27+00:00","dateModified":"2023-03-17T10:17:12+00:00","breadcrumb":{"@id":"https:\/\/pitland.cz\/en\/produkt\/prvni-zkusenost\/#breadcrumb"},"inLanguage":"en-US","potentialAction":[{"@type":"ReadAction","target":["https:\/\/pitland.cz\/en\/produkt\/prvni-zkusenost\/"]}]},{"@type":"BreadcrumbList","@id":"https:\/\/pitland.cz\/en\/produkt\/prvni-zkusenost\/#breadcrumb","itemListElement":[{"@type":"ListItem","position":1,"name":"Dom\u016f","item":"https:\/\/pitland.cz\/en\/"},{"@type":"ListItem","position":2,"name":"Obchod","item":"https:\/\/pitland.cz\/obchod\/"},{"@type":"ListItem","position":3,"name":"First experience"}]},{"@type":"WebSite","@id":"https:\/\/pitland.cz\/#website","url":"https:\/\/pitland.cz\/","name":"Pitland.cz","description":"Jedine\u010dn\u00e9 m\u00edsto pro v\u0161echny z\u00e1jemce o j\u00edzdu v jedn\u00e9 stop\u011b, kde sez\u00f3na nikdy nekon\u010d\u00ed.","potentialAction":[{"@type":"SearchAction","target":{"@type":"EntryPoint","urlTemplate":"https:\/\/pitland.cz\/?s={search_term_string}"},"query-input":"required name=search_term_string"}],"inLanguage":"en-US"}]}},"_links":{"self":[{"href":"https:\/\/pitland.cz\/en\/wp-json\/wp\/v2\/product\/7453","targetHints":{"allow":["GET"]}}],"collection":[{"href":"https:\/\/pitland.cz\/en\/wp-json\/wp\/v2\/product"}],"about":[{"href":"https:\/\/pitland.cz\/en\/wp-json\/wp\/v2\/types\/product"}],"wp:featuredmedia":[{"embeddable":true,"href":"https:\/\/pitland.cz\/en\/wp-json\/wp\/v2\/media\/7454"}],"wp:attachment":[{"href":"https:\/\/pitland.cz\/en\/wp-json\/wp\/v2\/media?parent=7453"}],"wp:term":[{"taxonomy":"product_brand","embeddable":true,"href":"https:\/\/pitland.cz\/en\/wp-json\/wp\/v2\/product_brand?post=7453"},{"taxonomy":"product_cat","embeddable":true,"href":"https:\/\/pitland.cz\/en\/wp-json\/wp\/v2\/product_cat?post=7453"},{"taxonomy":"product_tag","embeddable":true,"href":"https:\/\/pitland.cz\/en\/wp-json\/wp\/v2\/product_tag?post=7453"}],"curies":[{"name":"wp","href":"https:\/\/api.w.org\/{rel}","templated":true}]}}