{"id":11567,"date":"2023-04-26T10:22:47","date_gmt":"2023-04-26T08:22:47","guid":{"rendered":"https:\/\/pitland.cz\/produkt\/2hodiny\/"},"modified":"2023-07-31T16:42:39","modified_gmt":"2023-07-31T14:42:39","slug":"2hodiny","status":"publish","type":"product","link":"https:\/\/pitland.cz\/en\/produkt\/2hodiny\/","title":{"rendered":"2 hour ride with instructor"},"content":{"rendered":"\n\n\t\t\t<a href=\"pitland.cz\/poukaz\" target=\"_blank\" role=\"button\" rel=\"noopener\">\n\t\t\t\t\t\t\tI WANT TO REEDEM A VOUCHER\n\t\t\t\t\t<\/a>\n\t\t\t\t<img loading=\"lazy\" decoding=\"async\" src=\"https:\/\/pitland.cz\/assets\/uploads\/sites\/1201\/2020\/04\/race_day-1024x683.jpg\" alt=\"race_day\" height=\"683\" width=\"1024\" title=\"race_day\" \/>\n\t<h1>2 HOURS RIDE<\/h1>\n<p><strong>The price for 1 person for 2 hours is<\/strong><\/p>\n<strong>2,400 CZK on weekdays<br \/>\nWednesday to Friday<\/strong>\n<strong>2,700 CZK on weekends<br \/>\nSaturday and Sunday<\/strong>\n<p>Equipment is not included in the price, but you can rent it on-site according to the <a href=\"https:\/\/pitland.cz\/en\/equipment\/\" target=\"_blank\" rel=\"noopener\">price list.<\/a> When renting our equipment, functional clothing with long sleeves and legs under the overalls is a must.<\/p>\n\t\t\t<a href=\"https:\/\/www.reservio.cz\/b\/pitland\/booking\" target=\"_self\" role=\"button\" rel=\"noopener\">\n\t\t\t\t\t\t RESERVE DATE\n\t\t\t\t\t<\/a>\n\t\t\t<a href=\"https:\/\/pitland.cz\/en\/produkt\/rozbal_to\/\" target=\"_self\" role=\"button\" rel=\"noopener\">\n\t\t\t\t\t\t BUY AS A GIFT\n\t\t\t\t\t<\/a>\n<p><strong>Children under 150 cm cannot take part in the course without prior notice and our confirmation via <a href=\"mailto:info@pitland.cz\">info@pitland.cz<\/a>.<\/strong><\/p>\n<p><strong>You&#8217;ll find the reservation change conditions <a href=\"https:\/\/pitland.cz\/en\/produkt\/presun_rezervace\/\">HERE<\/a>.<\/strong><\/p>\n\t<p>A 2 hour ride with our SAM is suitable for everyone who wants to improve their motorcycle riding. It&#8217;s definitely good for those who have visited us in the past, those who already ride a motorcycle and want to progress, and also those who are only getting started with motorcycles.<\/p>\n<p>We pride ourselves on an individual approach, which is why you get feedback into your helmet via an intercom during the ride from our experienced SAM, and we also train in small groups of no more than three, so you get the best care possible. We always adapt the difficulty of the training to the participants&#8217; skills, and their progress in the given exercise.<\/p>\n\t\t\t\t\t<img decoding=\"async\" src=\"https:\/\/i.vimeocdn.com\/video\/1395777756-79a2cd8d886ba97deaffb150f1553fed9484ceabb71f3bc9de4788a7c4b9913f-d_840\" \/>\n\t<p>The experience has 2 main parts &#8211; <strong>circuit training<\/strong> and <strong>measured track heats<\/strong>.<\/p>\n<p>We&#8217;ll adapt the training to your abilities, and we&#8217;ll focus on the following areas:<\/p>\n<ul>\n<li>correct body and head posture, hand work<\/li>\n<li>head position for a good turn view<\/li>\n<li>sitting correctly on the motorcycle, position and leg work<\/li>\n<li>correct use of brake and throttle<\/li>\n<li>riding on an oval, figure of eight, slalom etc.<\/li>\n<\/ul>\n<p>On the track we&#8217;ll show you the correct line, and we&#8217;ll refine riding technique. What&#8217;s more, after every heat, your times will be e-mailed to you.<\/p>\n\t\t\t\t\t<img decoding=\"async\" src=\"https:\/\/i.vimeocdn.com\/video\/1178247030-6950ee99ee688aece221d4bf2c575f1b1f9024797b3ebc3c2094b7a30765ceff-d_840\" \/>\n\t<h3>Briefing and other important information<\/h3>\n<ul>\n<li>the briefing is an integral component of every course. It comprises brief instructions, in which we explain to you how the ePit works, and how to treat it. It also includes rules which need to be observed to ensure a safe ride. You can play the briefing here at any time, and go back to it whenever you need to<\/li>\n<li>you need a one-piece leather suit with plastic sliders, strong boots, an integral helmet and gloves to ride<\/li>\n<li>you can loan a full set of equipment here according to the pricelist <a href=\"https:\/\/pitland.cz\/vybaveni\/\">HERE<\/a><\/li>\n<li>you need to arrive for your ride 30 minutes before the stated start time<\/li>\n<li>you can only park at the marked places at the site<\/li>\n<\/ul>\n\n","protected":false},"excerpt":{"rendered":"<div class=\"woocommerce-product-details__short-description\">\n<p>Vhodn\u00e9 jako prvn\u00ed n\u00e1v\u0161t\u011bv Pitlandu.<\/p>\n<p><strong>Vybaven\u00ed nen\u00ed sou\u010d\u00e1st\u00ed ceny, na m\u00edst\u011b je v\u0161ak mo\u017en\u00e9 si jej zap\u016fj\u010dit dle cen\u00edku\u00a0<a href=\"https:\/\/pitland.cz\/vybaveni\/\">ZDE<\/a><\/strong><\/p>\n<\/div>\n<p>P\u0159i zap\u016fj\u010den\u00ed kombin\u00e9zy vy\u017eadujeme ze zdravotn\u00edch d\u016fvod\u016f oble\u010den\u00ed do funk\u010dn\u00edho pr\u00e1dla s dlouh\u00fdm ruk\u00e1vem a nohavicemi ke kotn\u00edk\u016fm. Pokud jej nevlastn\u00edte, je mo\u017en\u00e9 ho na m\u00edst\u011b zakoupit.\u00a0<\/p>\n","protected":false},"featured_media":10598,"template":"","meta":[],"product_brand":[],"product_cat":[48],"product_tag":[],"class_list":{"0":"post-11567","1":"product","2":"type-product","3":"status-publish","4":"has-post-thumbnail","6":"product_cat-nezarazene-en","8":"first","9":"outofstock","10":"taxable","11":"shipping-taxable","12":"product-type-variable"},"yoast_head":"<title>2 hour ride with instructor - Pitland.cz<\/title>\n<meta name=\"description\" content=\"2 hodiny je\u017ed\u011bn\u00ed s na\u0161\u00edm SAMem je vhodn\u00e9 pro v\u0161echny, kdo se cht\u011bj\u00ed zdokonalovat v j\u00edzd\u011b na motorce. Ur\u010dit\u011b pro v\u0161echny, co u\u017e u n\u00e1s byli, jezdce co na motorce ji\u017e jezd\u00ed a cht\u011bj\u00ed se posouvat a tak\u00e9 pro v\u0161echny co s motorkami teprve za\u010d\u00ednaj\u00ed.\u00a0Zakl\u00e1d\u00e1me si na individu\u00e1ln\u00edm p\u0159\u00edstupu, proto dost\u00e1v\u00e1\u0161 rovnou p\u0159i j\u00edzd\u011b zp\u011btnou vazbu do helmy pomoc\u00ed intercomu od na\u0161eho zku\u0161en\u00e9ho SAMa a nav\u00edc tr\u00e9nujeme v mal\u00fdch skupink\u00e1ch max po t\u0159ech, tak\u017ee se Ti dost\u00e1v\u00e1 nejvy\u0161\u0161\u00ed p\u00e9\u010de. N\u00e1ro\u010dnost cvi\u010den\u00ed v\u017edy p\u0159izp\u016fsobujeme\u00a0dovednostem \u00fa\u010dastn\u00edk\u016f a jejich pokroku v\u00a0r\u00e1mci dan\u00e9ho n\u00e1cviku.\" \/>\n<meta name=\"robots\" content=\"index, follow, max-snippet:-1, max-image-preview:large, max-video-preview:-1\" \/>\n<link rel=\"canonical\" href=\"https:\/\/pitland.cz\/en\/produkt\/2hodiny\/\" \/>\n<meta property=\"og:locale\" content=\"en_US\" \/>\n<meta property=\"og:type\" content=\"article\" \/>\n<meta property=\"og:title\" content=\"2 hour ride with instructor - Pitland.cz\" \/>\n<meta property=\"og:description\" content=\"2 hodiny je\u017ed\u011bn\u00ed s na\u0161\u00edm SAMem je vhodn\u00e9 pro v\u0161echny, kdo se cht\u011bj\u00ed zdokonalovat v j\u00edzd\u011b na motorce. Ur\u010dit\u011b pro v\u0161echny, co u\u017e u n\u00e1s byli, jezdce co na motorce ji\u017e jezd\u00ed a cht\u011bj\u00ed se posouvat a tak\u00e9 pro v\u0161echny co s motorkami teprve za\u010d\u00ednaj\u00ed.\u00a0Zakl\u00e1d\u00e1me si na individu\u00e1ln\u00edm p\u0159\u00edstupu, proto dost\u00e1v\u00e1\u0161 rovnou p\u0159i j\u00edzd\u011b zp\u011btnou vazbu do helmy pomoc\u00ed intercomu od na\u0161eho zku\u0161en\u00e9ho SAMa a nav\u00edc tr\u00e9nujeme v mal\u00fdch skupink\u00e1ch max po t\u0159ech, tak\u017ee se Ti dost\u00e1v\u00e1 nejvy\u0161\u0161\u00ed p\u00e9\u010de. N\u00e1ro\u010dnost cvi\u010den\u00ed v\u017edy p\u0159izp\u016fsobujeme\u00a0dovednostem \u00fa\u010dastn\u00edk\u016f a jejich pokroku v\u00a0r\u00e1mci dan\u00e9ho n\u00e1cviku.\" \/>\n<meta property=\"og:url\" content=\"https:\/\/pitland.cz\/en\/produkt\/2hodiny\/\" \/>\n<meta property=\"og:site_name\" content=\"Pitland.cz\" \/>\n<meta property=\"article:modified_time\" content=\"2023-07-31T14:42:39+00:00\" \/>\n<meta property=\"og:image\" content=\"https:\/\/pitland.cz\/assets\/uploads\/sites\/1201\/2023\/04\/dsc-143.jpg\" \/>\n\t<meta property=\"og:image:width\" content=\"2048\" \/>\n\t<meta property=\"og:image:height\" content=\"1366\" \/>\n\t<meta property=\"og:image:type\" content=\"image\/jpeg\" \/>\n<meta name=\"twitter:card\" content=\"summary_large_image\" \/>\n<meta name=\"twitter:label1\" content=\"Est. reading time\" \/>\n\t<meta name=\"twitter:data1\" content=\"3 minutes\" \/>\n<script type=\"application\/ld+json\" class=\"yoast-schema-graph\">{\"@context\":\"https:\/\/schema.org\",\"@graph\":[{\"@type\":\"WebPage\",\"@id\":\"https:\/\/pitland.cz\/en\/produkt\/2hodiny\/\",\"url\":\"https:\/\/pitland.cz\/en\/produkt\/2hodiny\/\",\"name\":\"2 hour ride with instructor - Pitland.cz\",\"isPartOf\":{\"@id\":\"https:\/\/pitland.cz\/#website\"},\"datePublished\":\"2023-04-26T08:22:47+00:00\",\"dateModified\":\"2023-07-31T14:42:39+00:00\",\"description\":\"2 hodiny je\u017ed\u011bn\u00ed s na\u0161\u00edm SAMem je vhodn\u00e9 pro v\u0161echny, kdo se cht\u011bj\u00ed zdokonalovat v j\u00edzd\u011b na motorce. Ur\u010dit\u011b pro v\u0161echny, co u\u017e u n\u00e1s byli, jezdce co na motorce ji\u017e jezd\u00ed a cht\u011bj\u00ed se posouvat a tak\u00e9 pro v\u0161echny co s motorkami teprve za\u010d\u00ednaj\u00ed.\u00a0Zakl\u00e1d\u00e1me si na individu\u00e1ln\u00edm p\u0159\u00edstupu, proto dost\u00e1v\u00e1\u0161 rovnou p\u0159i j\u00edzd\u011b zp\u011btnou vazbu do helmy pomoc\u00ed intercomu od na\u0161eho zku\u0161en\u00e9ho SAMa a nav\u00edc tr\u00e9nujeme v mal\u00fdch skupink\u00e1ch max po t\u0159ech, tak\u017ee se Ti dost\u00e1v\u00e1 nejvy\u0161\u0161\u00ed p\u00e9\u010de. N\u00e1ro\u010dnost cvi\u010den\u00ed v\u017edy p\u0159izp\u016fsobujeme\u00a0dovednostem \u00fa\u010dastn\u00edk\u016f a jejich pokroku v\u00a0r\u00e1mci dan\u00e9ho n\u00e1cviku.\",\"breadcrumb\":{\"@id\":\"https:\/\/pitland.cz\/en\/produkt\/2hodiny\/#breadcrumb\"},\"inLanguage\":\"en-US\",\"potentialAction\":[{\"@type\":\"ReadAction\",\"target\":[\"https:\/\/pitland.cz\/en\/produkt\/2hodiny\/\"]}]},{\"@type\":\"BreadcrumbList\",\"@id\":\"https:\/\/pitland.cz\/en\/produkt\/2hodiny\/#breadcrumb\",\"itemListElement\":[{\"@type\":\"ListItem\",\"position\":1,\"name\":\"Dom\u016f\",\"item\":\"https:\/\/pitland.cz\/en\/\"},{\"@type\":\"ListItem\",\"position\":2,\"name\":\"Obchod\",\"item\":\"https:\/\/pitland.cz\/obchod\/\"},{\"@type\":\"ListItem\",\"position\":3,\"name\":\"2 hour ride with instructor\"}]},{\"@type\":\"WebSite\",\"@id\":\"https:\/\/pitland.cz\/#website\",\"url\":\"https:\/\/pitland.cz\/\",\"name\":\"Pitland.cz\",\"description\":\"Jedine\u010dn\u00e9 m\u00edsto pro v\u0161echny z\u00e1jemce o j\u00edzdu v jedn\u00e9 stop\u011b, kde sez\u00f3na nikdy nekon\u010d\u00ed.\",\"potentialAction\":[{\"@type\":\"SearchAction\",\"target\":{\"@type\":\"EntryPoint\",\"urlTemplate\":\"https:\/\/pitland.cz\/?s={search_term_string}\"},\"query-input\":\"required name=search_term_string\"}],\"inLanguage\":\"en-US\"}]}<\/script>","yoast_head_json":{"title":"2 hour ride with instructor - Pitland.cz","description":"2 hodiny je\u017ed\u011bn\u00ed s na\u0161\u00edm SAMem je vhodn\u00e9 pro v\u0161echny, kdo se cht\u011bj\u00ed zdokonalovat v j\u00edzd\u011b na motorce. Ur\u010dit\u011b pro v\u0161echny, co u\u017e u n\u00e1s byli, jezdce co na motorce ji\u017e jezd\u00ed a cht\u011bj\u00ed se posouvat a tak\u00e9 pro v\u0161echny co s motorkami teprve za\u010d\u00ednaj\u00ed.\u00a0Zakl\u00e1d\u00e1me si na individu\u00e1ln\u00edm p\u0159\u00edstupu, proto dost\u00e1v\u00e1\u0161 rovnou p\u0159i j\u00edzd\u011b zp\u011btnou vazbu do helmy pomoc\u00ed intercomu od na\u0161eho zku\u0161en\u00e9ho SAMa a nav\u00edc tr\u00e9nujeme v mal\u00fdch skupink\u00e1ch max po t\u0159ech, tak\u017ee se Ti dost\u00e1v\u00e1 nejvy\u0161\u0161\u00ed p\u00e9\u010de. N\u00e1ro\u010dnost cvi\u010den\u00ed v\u017edy p\u0159izp\u016fsobujeme\u00a0dovednostem \u00fa\u010dastn\u00edk\u016f a jejich pokroku v\u00a0r\u00e1mci dan\u00e9ho n\u00e1cviku.","robots":{"index":"index","follow":"follow","max-snippet":"max-snippet:-1","max-image-preview":"max-image-preview:large","max-video-preview":"max-video-preview:-1"},"canonical":"https:\/\/pitland.cz\/en\/produkt\/2hodiny\/","og_locale":"en_US","og_type":"article","og_title":"2 hour ride with instructor - Pitland.cz","og_description":"2 hodiny je\u017ed\u011bn\u00ed s na\u0161\u00edm SAMem je vhodn\u00e9 pro v\u0161echny, kdo se cht\u011bj\u00ed zdokonalovat v j\u00edzd\u011b na motorce. Ur\u010dit\u011b pro v\u0161echny, co u\u017e u n\u00e1s byli, jezdce co na motorce ji\u017e jezd\u00ed a cht\u011bj\u00ed se posouvat a tak\u00e9 pro v\u0161echny co s motorkami teprve za\u010d\u00ednaj\u00ed.\u00a0Zakl\u00e1d\u00e1me si na individu\u00e1ln\u00edm p\u0159\u00edstupu, proto dost\u00e1v\u00e1\u0161 rovnou p\u0159i j\u00edzd\u011b zp\u011btnou vazbu do helmy pomoc\u00ed intercomu od na\u0161eho zku\u0161en\u00e9ho SAMa a nav\u00edc tr\u00e9nujeme v mal\u00fdch skupink\u00e1ch max po t\u0159ech, tak\u017ee se Ti dost\u00e1v\u00e1 nejvy\u0161\u0161\u00ed p\u00e9\u010de. N\u00e1ro\u010dnost cvi\u010den\u00ed v\u017edy p\u0159izp\u016fsobujeme\u00a0dovednostem \u00fa\u010dastn\u00edk\u016f a jejich pokroku v\u00a0r\u00e1mci dan\u00e9ho n\u00e1cviku.","og_url":"https:\/\/pitland.cz\/en\/produkt\/2hodiny\/","og_site_name":"Pitland.cz","article_modified_time":"2023-07-31T14:42:39+00:00","og_image":[{"width":2048,"height":1366,"url":"https:\/\/pitland.cz\/assets\/uploads\/sites\/1201\/2023\/04\/dsc-143.jpg","type":"image\/jpeg"}],"twitter_card":"summary_large_image","twitter_misc":{"Est. reading time":"3 minutes"},"schema":{"@context":"https:\/\/schema.org","@graph":[{"@type":"WebPage","@id":"https:\/\/pitland.cz\/en\/produkt\/2hodiny\/","url":"https:\/\/pitland.cz\/en\/produkt\/2hodiny\/","name":"2 hour ride with instructor - Pitland.cz","isPartOf":{"@id":"https:\/\/pitland.cz\/#website"},"datePublished":"2023-04-26T08:22:47+00:00","dateModified":"2023-07-31T14:42:39+00:00","description":"2 hodiny je\u017ed\u011bn\u00ed s na\u0161\u00edm SAMem je vhodn\u00e9 pro v\u0161echny, kdo se cht\u011bj\u00ed zdokonalovat v j\u00edzd\u011b na motorce. Ur\u010dit\u011b pro v\u0161echny, co u\u017e u n\u00e1s byli, jezdce co na motorce ji\u017e jezd\u00ed a cht\u011bj\u00ed se posouvat a tak\u00e9 pro v\u0161echny co s motorkami teprve za\u010d\u00ednaj\u00ed.\u00a0Zakl\u00e1d\u00e1me si na individu\u00e1ln\u00edm p\u0159\u00edstupu, proto dost\u00e1v\u00e1\u0161 rovnou p\u0159i j\u00edzd\u011b zp\u011btnou vazbu do helmy pomoc\u00ed intercomu od na\u0161eho zku\u0161en\u00e9ho SAMa a nav\u00edc tr\u00e9nujeme v mal\u00fdch skupink\u00e1ch max po t\u0159ech, tak\u017ee se Ti dost\u00e1v\u00e1 nejvy\u0161\u0161\u00ed p\u00e9\u010de. N\u00e1ro\u010dnost cvi\u010den\u00ed v\u017edy p\u0159izp\u016fsobujeme\u00a0dovednostem \u00fa\u010dastn\u00edk\u016f a jejich pokroku v\u00a0r\u00e1mci dan\u00e9ho n\u00e1cviku.","breadcrumb":{"@id":"https:\/\/pitland.cz\/en\/produkt\/2hodiny\/#breadcrumb"},"inLanguage":"en-US","potentialAction":[{"@type":"ReadAction","target":["https:\/\/pitland.cz\/en\/produkt\/2hodiny\/"]}]},{"@type":"BreadcrumbList","@id":"https:\/\/pitland.cz\/en\/produkt\/2hodiny\/#breadcrumb","itemListElement":[{"@type":"ListItem","position":1,"name":"Dom\u016f","item":"https:\/\/pitland.cz\/en\/"},{"@type":"ListItem","position":2,"name":"Obchod","item":"https:\/\/pitland.cz\/obchod\/"},{"@type":"ListItem","position":3,"name":"2 hour ride with instructor"}]},{"@type":"WebSite","@id":"https:\/\/pitland.cz\/#website","url":"https:\/\/pitland.cz\/","name":"Pitland.cz","description":"Jedine\u010dn\u00e9 m\u00edsto pro v\u0161echny z\u00e1jemce o j\u00edzdu v jedn\u00e9 stop\u011b, kde sez\u00f3na nikdy nekon\u010d\u00ed.","potentialAction":[{"@type":"SearchAction","target":{"@type":"EntryPoint","urlTemplate":"https:\/\/pitland.cz\/?s={search_term_string}"},"query-input":"required name=search_term_string"}],"inLanguage":"en-US"}]}},"_links":{"self":[{"href":"https:\/\/pitland.cz\/en\/wp-json\/wp\/v2\/product\/11567","targetHints":{"allow":["GET"]}}],"collection":[{"href":"https:\/\/pitland.cz\/en\/wp-json\/wp\/v2\/product"}],"about":[{"href":"https:\/\/pitland.cz\/en\/wp-json\/wp\/v2\/types\/product"}],"wp:featuredmedia":[{"embeddable":true,"href":"https:\/\/pitland.cz\/en\/wp-json\/wp\/v2\/media\/10598"}],"wp:attachment":[{"href":"https:\/\/pitland.cz\/en\/wp-json\/wp\/v2\/media?parent=11567"}],"wp:term":[{"taxonomy":"product_brand","embeddable":true,"href":"https:\/\/pitland.cz\/en\/wp-json\/wp\/v2\/product_brand?post=11567"},{"taxonomy":"product_cat","embeddable":true,"href":"https:\/\/pitland.cz\/en\/wp-json\/wp\/v2\/product_cat?post=11567"},{"taxonomy":"product_tag","embeddable":true,"href":"https:\/\/pitland.cz\/en\/wp-json\/wp\/v2\/product_tag?post=11567"}],"curies":[{"name":"wp","href":"https:\/\/api.w.org\/{rel}","templated":true}]}}