{"id":11565,"date":"2023-04-26T10:20:30","date_gmt":"2023-04-26T08:20:30","guid":{"rendered":"https:\/\/pitland.cz\/produkt\/1hodina\/"},"modified":"2024-05-22T16:37:26","modified_gmt":"2024-05-22T14:37:26","slug":"1hodina","status":"publish","type":"product","link":"https:\/\/pitland.cz\/en\/produkt\/1hodina\/","title":{"rendered":"1 hour ride with instructor"},"content":{"rendered":"\n\n\t\t\t<a href=\"http:\/\/pitland.cz\/poukaz\" target=\"_blank\" rel=\"noopener\">\n\t\t\t\t\t\t\tI want to redeem a voucher\n\t\t\t\t\t<\/a>\n\t<p><strong>Do you want to try riding a motorcycle? Prepare safely for riding in traffic without stress, and in a fun way? Or are you just looking for unusual fun with friends or your children?<\/strong><\/p>\n\t\t\t\t<img loading=\"lazy\" decoding=\"async\" src=\"https:\/\/pitland.cz\/assets\/uploads\/sites\/1201\/2023\/03\/dsc-50-1024x683.jpg\" alt=\"DSC-50\" height=\"683\" width=\"1024\" title=\"DSC-50\" \/>\n\t<h1>1 HOUR RIDE<\/h1>\n<p><strong>Price per 1 person:<\/strong><\/p>\n<p><strong>1.950,- CZK\u00a0<\/strong><\/p>\n<p><strong>The price includes rental of all the equipment you need to ride with us.<\/strong><\/p>\n\t\t\t<a href=\"https:\/\/www.reservio.cz\/b\/pitland\/booking\" target=\"_self\" rel=\"noopener\">\n\t\t\t\t\t\tRESERVE DATE\n\t\t\t\t\t<\/a>\n\t\t\t<a href=\"https:\/\/pitland.cz\/en\/produkt\/rozbal_to\/\" target=\"_self\" rel=\"noopener\">\n\t\t\t\t\t\tBUY AS A GIFT\n\t\t\t\t\t<\/a>\n\t<p><strong>Children under 150 cm cannot take part in the course without prior notice and our confirmation via <a href=\"mailto:info@pitland.cz\">info@pitland.cz<\/a>.<\/strong><\/p>\n<p><strong>You&#8217;ll find the reservation change conditions HERE.<\/strong><\/p>\n\t<p>We recommend a 1 hour ride with our SAM to everyone who is visiting us for the first time, or who doesn&#8217;t ride a motorcycle regularly. If they&#8217;re not yet sure whether a ride in Pitland is for them, if they can handle it, or if they can physically last the whole 2 hours.<\/p>\n<p>During this ride you&#8217;ll get a feel for the ePit, test your capabilities on the training circuits and the track, and enjoy a huge portion of fun!<\/p>\n<p>We pride ourselves on an individual approach, which is why you get feedback into your helmet via an intercom during the ride from our experienced SAM, and we also ride in small groups of no more than three, so you get the best care possible.<\/p>\n\t\t\t<img decoding=\"async\" loading='false' src=\"https:\/\/minisawmill.com\/assets\/uploads\/sites\/1201\/2023\/04\/dsc-27.jpg\" alt=\"\" \/>\t\t\t\n\t\t\t<img decoding=\"async\" loading='false' src=\"https:\/\/minisawmill.com\/assets\/uploads\/sites\/1201\/2023\/04\/dsc-40.jpg\" alt=\"\" \/>\t\t\t\n\t\t\t<img decoding=\"async\" loading='false' src=\"https:\/\/minisawmill.com\/assets\/uploads\/sites\/1201\/2023\/04\/dsc-43.jpg\" alt=\"\" \/>\t\t\t\n\t\t\t<img decoding=\"async\" loading='false' src=\"https:\/\/minisawmill.com\/assets\/uploads\/sites\/1201\/2023\/04\/dsc-64.jpg\" alt=\"\" \/>\t\t\t\n\t\t\t<img decoding=\"async\" loading='false' src=\"https:\/\/minisawmill.com\/assets\/uploads\/sites\/1201\/2023\/04\/dsc-61.jpg\" alt=\"\" \/>\t\t\t\n\t\t\t<img decoding=\"async\" loading='false' src=\"https:\/\/minisawmill.com\/assets\/uploads\/sites\/1201\/2023\/04\/dsc-177.jpg\" alt=\"\" \/>\t\t\t\n\t\t\t<img decoding=\"async\" loading='false' src=\"https:\/\/minisawmill.com\/assets\/uploads\/sites\/1201\/2023\/04\/dsc-183.jpg\" alt=\"\" \/>\t\t\t\n\t\t\t<img decoding=\"async\" loading='false' src=\"https:\/\/minisawmill.com\/assets\/uploads\/sites\/1201\/2023\/04\/dsc-152.jpg\" alt=\"\" \/>\t\t\t\n\t\t\t<img decoding=\"async\" loading='false' src=\"https:\/\/minisawmill.com\/assets\/uploads\/sites\/1201\/2023\/04\/dsc-213.jpg\" alt=\"\" \/>\t\t\t\n\t\t\t<img decoding=\"async\" loading='false' src=\"https:\/\/minisawmill.com\/assets\/uploads\/sites\/1201\/2023\/04\/dsc-223.jpg\" alt=\"\" \/>\t\t\t\n\t\t\t\t\t<img decoding=\"async\" src=\"https:\/\/i.vimeocdn.com\/video\/1663712433-8ba3c3c81967c2515da080f618ce96e3f6f3287c4023fb1d8c98c56fa4ecd615-d_840\" alt=\"vimeo-video-thumbnail\" \/>\n\t<p>The experience has 2 main parts &#8211; <strong>circuit training<\/strong> and <strong>measured track heats<\/strong>.<\/p>\n<p>We&#8217;ll adapt the training to your abilities, and we&#8217;ll focus on the following areas:<\/p>\n<ul>\n<li>correct body and head posture, hand work<\/li>\n<li>head position for a good turn view<\/li>\n<li>sitting correctly on the motorcycle, position and leg work<\/li>\n<li>riding on an oval, figure of eight, slalom etc.<\/li>\n<\/ul>\n<p>On the track we&#8217;ll show you the correct line, and we&#8217;ll refine riding technique. What&#8217;s more, after every heat, your times will be e-mailed to you. So who will be able to improve the most?<\/p>\n\t\t\t\t\t<img decoding=\"async\" src=\"https:\/\/i.vimeocdn.com\/video\/1851330572-d1c10e1101a40f146d09a9e7ea7b7a4cb801aaee38305eb112c84ba0fe4b3576-d_840\" alt=\"vimeo-video-thumbnail\" \/>\n\t<h3>Briefing and other important information<\/h3>\n<ul>\n<li>the briefing is an integral component of every course. It comprises brief instructions, in which we explain to you how the ePit works, and how to treat it. It also includes rules which need to be observed to ensure a safe ride. You can play the briefing here at any time, and go back to it whenever you need to<\/li>\n<li>you need a one-piece leather suit with plastic sliders, strong boots, an integral helmet and gloves to ride<\/li>\n<li>you can loan a full set of equipment here according to the pricelist <a href=\"https:\/\/pitland.cz\/vybaveni\/\">HERE<\/a><\/li>\n<li>you need to arrive for your ride 30 minutes before the stated start time<\/li>\n<li>you can only park at the marked places at the site<\/li>\n<\/ul>\n\n","protected":false},"excerpt":{"rendered":"<div class=\"woocommerce-product-details__short-description\">\n<p>Vhodn\u00e9 jako prvn\u00ed n\u00e1v\u0161t\u011bv Pitlandu.<\/p>\n<p><strong>Vybaven\u00ed nen\u00ed sou\u010d\u00e1st\u00ed ceny, na m\u00edst\u011b je v\u0161ak mo\u017en\u00e9 si jej zap\u016fj\u010dit dle cen\u00edku\u00a0<a href=\"https:\/\/pitland.cz\/vybaveni\/\">ZDE<\/a><\/strong><\/p>\n<\/div>\n<p>P\u0159i zap\u016fj\u010den\u00ed kombin\u00e9zy vy\u017eadujeme ze zdravotn\u00edch d\u016fvod\u016f oble\u010den\u00ed do funk\u010dn\u00edho pr\u00e1dla s dlouh\u00fdm ruk\u00e1vem a nohavicemi ke kotn\u00edk\u016fm. Pokud jej nevlastn\u00edte, je mo\u017en\u00e9 ho na m\u00edst\u011b zakoupit.\u00a0<\/p>\n","protected":false},"featured_media":10757,"template":"","meta":[],"product_brand":[],"product_cat":[48],"product_tag":[],"class_list":{"0":"post-11565","1":"product","2":"type-product","3":"status-publish","4":"has-post-thumbnail","6":"product_cat-nezarazene-en","8":"first","9":"outofstock","10":"taxable","11":"shipping-taxable","12":"product-type-variable"},"yoast_head":"<title>1 hour ride with instructor - Pitland.cz<\/title>\n<meta name=\"description\" content=\"Chce\u0161 si vyzkou\u0161et j\u00edzdu na motorce? Bezpe\u010dn\u011b se p\u0159ipravit na j\u00edzdu v provozu bez stresu a z\u00e1bavnou formou? Nebo jen hled\u00e1\u0161 nev\u0161edn\u00ed z\u00e1bavu s k\u00e1mo\u0161i nebo d\u011btmi?\" \/>\n<meta name=\"robots\" content=\"index, follow, max-snippet:-1, max-image-preview:large, max-video-preview:-1\" \/>\n<link rel=\"canonical\" href=\"https:\/\/pitland.cz\/en\/produkt\/1hodina\/\" \/>\n<meta property=\"og:locale\" content=\"en_US\" \/>\n<meta property=\"og:type\" content=\"article\" \/>\n<meta property=\"og:title\" content=\"1 hour ride with instructor - Pitland.cz\" \/>\n<meta property=\"og:description\" content=\"Chce\u0161 si vyzkou\u0161et j\u00edzdu na motorce? Bezpe\u010dn\u011b se p\u0159ipravit na j\u00edzdu v provozu bez stresu a z\u00e1bavnou formou? Nebo jen hled\u00e1\u0161 nev\u0161edn\u00ed z\u00e1bavu s k\u00e1mo\u0161i nebo d\u011btmi?\" \/>\n<meta property=\"og:url\" content=\"https:\/\/pitland.cz\/en\/produkt\/1hodina\/\" \/>\n<meta property=\"og:site_name\" content=\"Pitland.cz\" \/>\n<meta property=\"article:modified_time\" content=\"2024-05-22T14:37:26+00:00\" \/>\n<meta property=\"og:image\" content=\"https:\/\/pitland.cz\/assets\/uploads\/sites\/1201\/2023\/04\/dsc-205.jpg\" \/>\n\t<meta property=\"og:image:width\" content=\"2048\" \/>\n\t<meta property=\"og:image:height\" content=\"1366\" \/>\n\t<meta property=\"og:image:type\" content=\"image\/jpeg\" \/>\n<meta name=\"twitter:card\" content=\"summary_large_image\" \/>\n<meta name=\"twitter:label1\" content=\"Est. reading time\" \/>\n\t<meta name=\"twitter:data1\" content=\"5 minutes\" \/>\n<script type=\"application\/ld+json\" class=\"yoast-schema-graph\">{\"@context\":\"https:\/\/schema.org\",\"@graph\":[{\"@type\":\"WebPage\",\"@id\":\"https:\/\/pitland.cz\/en\/produkt\/1hodina\/\",\"url\":\"https:\/\/pitland.cz\/en\/produkt\/1hodina\/\",\"name\":\"1 hour ride with instructor - Pitland.cz\",\"isPartOf\":{\"@id\":\"https:\/\/pitland.cz\/#website\"},\"datePublished\":\"2023-04-26T08:20:30+00:00\",\"dateModified\":\"2024-05-22T14:37:26+00:00\",\"description\":\"Chce\u0161 si vyzkou\u0161et j\u00edzdu na motorce? Bezpe\u010dn\u011b se p\u0159ipravit na j\u00edzdu v provozu bez stresu a z\u00e1bavnou formou? Nebo jen hled\u00e1\u0161 nev\u0161edn\u00ed z\u00e1bavu s k\u00e1mo\u0161i nebo d\u011btmi?\",\"breadcrumb\":{\"@id\":\"https:\/\/pitland.cz\/en\/produkt\/1hodina\/#breadcrumb\"},\"inLanguage\":\"en-US\",\"potentialAction\":[{\"@type\":\"ReadAction\",\"target\":[\"https:\/\/pitland.cz\/en\/produkt\/1hodina\/\"]}]},{\"@type\":\"BreadcrumbList\",\"@id\":\"https:\/\/pitland.cz\/en\/produkt\/1hodina\/#breadcrumb\",\"itemListElement\":[{\"@type\":\"ListItem\",\"position\":1,\"name\":\"Dom\u016f\",\"item\":\"https:\/\/pitland.cz\/en\/\"},{\"@type\":\"ListItem\",\"position\":2,\"name\":\"Obchod\",\"item\":\"https:\/\/pitland.cz\/obchod\/\"},{\"@type\":\"ListItem\",\"position\":3,\"name\":\"1 hour ride with instructor\"}]},{\"@type\":\"WebSite\",\"@id\":\"https:\/\/pitland.cz\/#website\",\"url\":\"https:\/\/pitland.cz\/\",\"name\":\"Pitland.cz\",\"description\":\"Jedine\u010dn\u00e9 m\u00edsto pro v\u0161echny z\u00e1jemce o j\u00edzdu v jedn\u00e9 stop\u011b, kde sez\u00f3na nikdy nekon\u010d\u00ed.\",\"potentialAction\":[{\"@type\":\"SearchAction\",\"target\":{\"@type\":\"EntryPoint\",\"urlTemplate\":\"https:\/\/pitland.cz\/?s={search_term_string}\"},\"query-input\":\"required name=search_term_string\"}],\"inLanguage\":\"en-US\"}]}<\/script>","yoast_head_json":{"title":"1 hour ride with instructor - Pitland.cz","description":"Chce\u0161 si vyzkou\u0161et j\u00edzdu na motorce? Bezpe\u010dn\u011b se p\u0159ipravit na j\u00edzdu v provozu bez stresu a z\u00e1bavnou formou? Nebo jen hled\u00e1\u0161 nev\u0161edn\u00ed z\u00e1bavu s k\u00e1mo\u0161i nebo d\u011btmi?","robots":{"index":"index","follow":"follow","max-snippet":"max-snippet:-1","max-image-preview":"max-image-preview:large","max-video-preview":"max-video-preview:-1"},"canonical":"https:\/\/pitland.cz\/en\/produkt\/1hodina\/","og_locale":"en_US","og_type":"article","og_title":"1 hour ride with instructor - Pitland.cz","og_description":"Chce\u0161 si vyzkou\u0161et j\u00edzdu na motorce? Bezpe\u010dn\u011b se p\u0159ipravit na j\u00edzdu v provozu bez stresu a z\u00e1bavnou formou? Nebo jen hled\u00e1\u0161 nev\u0161edn\u00ed z\u00e1bavu s k\u00e1mo\u0161i nebo d\u011btmi?","og_url":"https:\/\/pitland.cz\/en\/produkt\/1hodina\/","og_site_name":"Pitland.cz","article_modified_time":"2024-05-22T14:37:26+00:00","og_image":[{"width":2048,"height":1366,"url":"https:\/\/pitland.cz\/assets\/uploads\/sites\/1201\/2023\/04\/dsc-205.jpg","type":"image\/jpeg"}],"twitter_card":"summary_large_image","twitter_misc":{"Est. reading time":"5 minutes"},"schema":{"@context":"https:\/\/schema.org","@graph":[{"@type":"WebPage","@id":"https:\/\/pitland.cz\/en\/produkt\/1hodina\/","url":"https:\/\/pitland.cz\/en\/produkt\/1hodina\/","name":"1 hour ride with instructor - Pitland.cz","isPartOf":{"@id":"https:\/\/pitland.cz\/#website"},"datePublished":"2023-04-26T08:20:30+00:00","dateModified":"2024-05-22T14:37:26+00:00","description":"Chce\u0161 si vyzkou\u0161et j\u00edzdu na motorce? Bezpe\u010dn\u011b se p\u0159ipravit na j\u00edzdu v provozu bez stresu a z\u00e1bavnou formou? Nebo jen hled\u00e1\u0161 nev\u0161edn\u00ed z\u00e1bavu s k\u00e1mo\u0161i nebo d\u011btmi?","breadcrumb":{"@id":"https:\/\/pitland.cz\/en\/produkt\/1hodina\/#breadcrumb"},"inLanguage":"en-US","potentialAction":[{"@type":"ReadAction","target":["https:\/\/pitland.cz\/en\/produkt\/1hodina\/"]}]},{"@type":"BreadcrumbList","@id":"https:\/\/pitland.cz\/en\/produkt\/1hodina\/#breadcrumb","itemListElement":[{"@type":"ListItem","position":1,"name":"Dom\u016f","item":"https:\/\/pitland.cz\/en\/"},{"@type":"ListItem","position":2,"name":"Obchod","item":"https:\/\/pitland.cz\/obchod\/"},{"@type":"ListItem","position":3,"name":"1 hour ride with instructor"}]},{"@type":"WebSite","@id":"https:\/\/pitland.cz\/#website","url":"https:\/\/pitland.cz\/","name":"Pitland.cz","description":"Jedine\u010dn\u00e9 m\u00edsto pro v\u0161echny z\u00e1jemce o j\u00edzdu v jedn\u00e9 stop\u011b, kde sez\u00f3na nikdy nekon\u010d\u00ed.","potentialAction":[{"@type":"SearchAction","target":{"@type":"EntryPoint","urlTemplate":"https:\/\/pitland.cz\/?s={search_term_string}"},"query-input":"required name=search_term_string"}],"inLanguage":"en-US"}]}},"_links":{"self":[{"href":"https:\/\/pitland.cz\/en\/wp-json\/wp\/v2\/product\/11565","targetHints":{"allow":["GET"]}}],"collection":[{"href":"https:\/\/pitland.cz\/en\/wp-json\/wp\/v2\/product"}],"about":[{"href":"https:\/\/pitland.cz\/en\/wp-json\/wp\/v2\/types\/product"}],"wp:featuredmedia":[{"embeddable":true,"href":"https:\/\/pitland.cz\/en\/wp-json\/wp\/v2\/media\/10757"}],"wp:attachment":[{"href":"https:\/\/pitland.cz\/en\/wp-json\/wp\/v2\/media?parent=11565"}],"wp:term":[{"taxonomy":"product_brand","embeddable":true,"href":"https:\/\/pitland.cz\/en\/wp-json\/wp\/v2\/product_brand?post=11565"},{"taxonomy":"product_cat","embeddable":true,"href":"https:\/\/pitland.cz\/en\/wp-json\/wp\/v2\/product_cat?post=11565"},{"taxonomy":"product_tag","embeddable":true,"href":"https:\/\/pitland.cz\/en\/wp-json\/wp\/v2\/product_tag?post=11565"}],"curies":[{"name":"wp","href":"https:\/\/api.w.org\/{rel}","templated":true}]}}