{"id":11563,"date":"2021-07-29T10:57:48","date_gmt":"2021-07-29T08:57:48","guid":{"rendered":"https:\/\/pitland.cz\/produkt\/poplatek-za-zmenu-rezervace\/"},"modified":"2023-07-24T18:45:47","modified_gmt":"2023-07-24T16:45:47","slug":"fee-for-changing-the-date-of-the-service","status":"publish","type":"product","link":"https:\/\/pitland.cz\/en\/produkt\/fee-for-changing-the-date-of-the-service\/","title":{"rendered":"Fee for changing the date of the service"},"content":{"rendered":"","protected":false},"excerpt":{"rendered":"<div class=\"page\" title=\"Page 1\">\n<div class=\"layoutArea\">\n<div class=\"column\">\n<p>If you need to change the date of your reservation no later than 48 hours before the event, this is possible only for a fee.<\/p>\n<p>In the note in the order, let us know the name of the rider(s) who cannot participate, and the date they cannot attend. If you already know which other date you want to book, enter that as well. After the payment of the change fee, we\u2019ll contact you to confirm the new date.<\/p>\n<\/div>\n<\/div>\n<\/div>\n","protected":false},"featured_media":0,"template":"","meta":[],"product_brand":[],"product_cat":[48],"product_tag":[],"class_list":{"0":"post-11563","1":"product","2":"type-product","3":"status-publish","5":"product_cat-nezarazene-en","7":"first","8":"instock","9":"taxable","10":"shipping-taxable","11":"purchasable","12":"product-type-simple"},"yoast_head":"<title>Fee for changing the date of the service - Pitland.cz<\/title>\n<meta name=\"robots\" content=\"index, follow, max-snippet:-1, max-image-preview:large, max-video-preview:-1\" \/>\n<link rel=\"canonical\" href=\"https:\/\/pitland.cz\/en\/produkt\/fee-for-changing-the-date-of-the-service\/\" \/>\n<meta property=\"og:locale\" content=\"en_US\" \/>\n<meta property=\"og:type\" content=\"article\" \/>\n<meta property=\"og:title\" content=\"Fee for changing the date of the service - Pitland.cz\" \/>\n<meta property=\"og:description\" content=\"If you need to change the date of your reservation no later than 48 hours before the event, this is possible only for a fee.  In the note in the order, let us know the name of the rider(s) who cannot participate, and the date they cannot attend. If you already know which other date you want to book, enter that as well. After the payment of the change fee, we\u2019ll contact you to confirm the new date.\" \/>\n<meta property=\"og:url\" content=\"https:\/\/pitland.cz\/en\/produkt\/fee-for-changing-the-date-of-the-service\/\" \/>\n<meta property=\"og:site_name\" content=\"Pitland.cz\" \/>\n<meta property=\"article:modified_time\" content=\"2023-07-24T16:45:47+00:00\" \/>\n<meta name=\"twitter:card\" content=\"summary_large_image\" \/>\n<script type=\"application\/ld+json\" class=\"yoast-schema-graph\">{\"@context\":\"https:\/\/schema.org\",\"@graph\":[{\"@type\":\"WebPage\",\"@id\":\"https:\/\/pitland.cz\/en\/produkt\/fee-for-changing-the-date-of-the-service\/\",\"url\":\"https:\/\/pitland.cz\/en\/produkt\/fee-for-changing-the-date-of-the-service\/\",\"name\":\"Fee for changing the date of the service - Pitland.cz\",\"isPartOf\":{\"@id\":\"https:\/\/pitland.cz\/#website\"},\"datePublished\":\"2021-07-29T08:57:48+00:00\",\"dateModified\":\"2023-07-24T16:45:47+00:00\",\"breadcrumb\":{\"@id\":\"https:\/\/pitland.cz\/en\/produkt\/fee-for-changing-the-date-of-the-service\/#breadcrumb\"},\"inLanguage\":\"en-US\",\"potentialAction\":[{\"@type\":\"ReadAction\",\"target\":[\"https:\/\/pitland.cz\/en\/produkt\/fee-for-changing-the-date-of-the-service\/\"]}]},{\"@type\":\"BreadcrumbList\",\"@id\":\"https:\/\/pitland.cz\/en\/produkt\/fee-for-changing-the-date-of-the-service\/#breadcrumb\",\"itemListElement\":[{\"@type\":\"ListItem\",\"position\":1,\"name\":\"Dom\u016f\",\"item\":\"https:\/\/pitland.cz\/en\/\"},{\"@type\":\"ListItem\",\"position\":2,\"name\":\"Obchod\",\"item\":\"https:\/\/pitland.cz\/obchod\/\"},{\"@type\":\"ListItem\",\"position\":3,\"name\":\"Fee for changing the date of the service\"}]},{\"@type\":\"WebSite\",\"@id\":\"https:\/\/pitland.cz\/#website\",\"url\":\"https:\/\/pitland.cz\/\",\"name\":\"Pitland.cz\",\"description\":\"Jedine\u010dn\u00e9 m\u00edsto pro v\u0161echny z\u00e1jemce o j\u00edzdu v jedn\u00e9 stop\u011b, kde sez\u00f3na nikdy nekon\u010d\u00ed.\",\"potentialAction\":[{\"@type\":\"SearchAction\",\"target\":{\"@type\":\"EntryPoint\",\"urlTemplate\":\"https:\/\/pitland.cz\/?s={search_term_string}\"},\"query-input\":\"required name=search_term_string\"}],\"inLanguage\":\"en-US\"}]}<\/script>","yoast_head_json":{"title":"Fee for changing the date of the service - Pitland.cz","robots":{"index":"index","follow":"follow","max-snippet":"max-snippet:-1","max-image-preview":"max-image-preview:large","max-video-preview":"max-video-preview:-1"},"canonical":"https:\/\/pitland.cz\/en\/produkt\/fee-for-changing-the-date-of-the-service\/","og_locale":"en_US","og_type":"article","og_title":"Fee for changing the date of the service - Pitland.cz","og_description":"If you need to change the date of your reservation no later than 48 hours before the event, this is possible only for a fee.  In the note in the order, let us know the name of the rider(s) who cannot participate, and the date they cannot attend. If you already know which other date you want to book, enter that as well. After the payment of the change fee, we\u2019ll contact you to confirm the new date.","og_url":"https:\/\/pitland.cz\/en\/produkt\/fee-for-changing-the-date-of-the-service\/","og_site_name":"Pitland.cz","article_modified_time":"2023-07-24T16:45:47+00:00","twitter_card":"summary_large_image","schema":{"@context":"https:\/\/schema.org","@graph":[{"@type":"WebPage","@id":"https:\/\/pitland.cz\/en\/produkt\/fee-for-changing-the-date-of-the-service\/","url":"https:\/\/pitland.cz\/en\/produkt\/fee-for-changing-the-date-of-the-service\/","name":"Fee for changing the date of the service - Pitland.cz","isPartOf":{"@id":"https:\/\/pitland.cz\/#website"},"datePublished":"2021-07-29T08:57:48+00:00","dateModified":"2023-07-24T16:45:47+00:00","breadcrumb":{"@id":"https:\/\/pitland.cz\/en\/produkt\/fee-for-changing-the-date-of-the-service\/#breadcrumb"},"inLanguage":"en-US","potentialAction":[{"@type":"ReadAction","target":["https:\/\/pitland.cz\/en\/produkt\/fee-for-changing-the-date-of-the-service\/"]}]},{"@type":"BreadcrumbList","@id":"https:\/\/pitland.cz\/en\/produkt\/fee-for-changing-the-date-of-the-service\/#breadcrumb","itemListElement":[{"@type":"ListItem","position":1,"name":"Dom\u016f","item":"https:\/\/pitland.cz\/en\/"},{"@type":"ListItem","position":2,"name":"Obchod","item":"https:\/\/pitland.cz\/obchod\/"},{"@type":"ListItem","position":3,"name":"Fee for changing the date of the service"}]},{"@type":"WebSite","@id":"https:\/\/pitland.cz\/#website","url":"https:\/\/pitland.cz\/","name":"Pitland.cz","description":"Jedine\u010dn\u00e9 m\u00edsto pro v\u0161echny z\u00e1jemce o j\u00edzdu v jedn\u00e9 stop\u011b, kde sez\u00f3na nikdy nekon\u010d\u00ed.","potentialAction":[{"@type":"SearchAction","target":{"@type":"EntryPoint","urlTemplate":"https:\/\/pitland.cz\/?s={search_term_string}"},"query-input":"required name=search_term_string"}],"inLanguage":"en-US"}]}},"_links":{"self":[{"href":"https:\/\/pitland.cz\/en\/wp-json\/wp\/v2\/product\/11563","targetHints":{"allow":["GET"]}}],"collection":[{"href":"https:\/\/pitland.cz\/en\/wp-json\/wp\/v2\/product"}],"about":[{"href":"https:\/\/pitland.cz\/en\/wp-json\/wp\/v2\/types\/product"}],"wp:attachment":[{"href":"https:\/\/pitland.cz\/en\/wp-json\/wp\/v2\/media?parent=11563"}],"wp:term":[{"taxonomy":"product_brand","embeddable":true,"href":"https:\/\/pitland.cz\/en\/wp-json\/wp\/v2\/product_brand?post=11563"},{"taxonomy":"product_cat","embeddable":true,"href":"https:\/\/pitland.cz\/en\/wp-json\/wp\/v2\/product_cat?post=11563"},{"taxonomy":"product_tag","embeddable":true,"href":"https:\/\/pitland.cz\/en\/wp-json\/wp\/v2\/product_tag?post=11563"}],"curies":[{"name":"wp","href":"https:\/\/api.w.org\/{rel}","templated":true}]}}