{"id":11559,"date":"2022-08-31T17:14:07","date_gmt":"2022-08-31T15:14:07","guid":{"rendered":"https:\/\/pitland.cz\/produkt\/presun_rezervace\/"},"modified":"2023-07-27T10:12:45","modified_gmt":"2023-07-27T08:12:45","slug":"presun_rezervace","status":"publish","type":"product","link":"https:\/\/pitland.cz\/en\/produkt\/presun_rezervace\/","title":{"rendered":"Change of reservation"},"content":{"rendered":"\n\n\t<p>&nbsp;<\/p>\n<p><strong>Fee for changing the date of the service in the period of:<\/strong><\/p>\n<ul>\n<li>More than 10 days before the date\u00a0\u00a0\u00a0\u00a0 &#8211;\u00a0\u00a0\u00a0\u00a0 0 CZK, unlimited change of date<\/li>\n<li>Less than 10 days before the date\u00a0 \u00a0\u00a0\u00a0\u00a0\u00a0&#8211;\u00a0\u00a0\u00a0\u00a0 300 CZK\/person<\/li>\n<li>Less than 48 hours before ride\u00a0\u00a0\u00a0 \u00a0\u00a0\u00a0\u00a0\u00a0\u00a0\u00a0\u00a0\u00a0&#8211;\u00a0\u00a0\u00a0 \u00a0cancellation fee of 100% of the course price, or the option of registering another person for the course&nbsp;<\/li>\n<\/ul>\n<div class=\"woocommerce\">\t\t\t<div class=\"single-product\" data-product-page-preselected-id=\"0\">\n\t\t\t\t<div class=\"woocommerce-notices-wrapper\"><\/div><div id=\"product-11563\" class=\"product type-product post-11563 status-publish first instock product_cat-nezarazene-en taxable shipping-taxable purchasable product-type-simple\">\n\n\t<div class=\"woocommerce-product-gallery woocommerce-product-gallery--without-images woocommerce-product-gallery--columns-4 images\" data-columns=\"4\" style=\"opacity: 0; transition: opacity .25s ease-in-out;\">\n\t<figure class=\"woocommerce-product-gallery__wrapper\">\n\t\t<div class=\"woocommerce-product-gallery__image--placeholder\"><img decoding=\"async\" src=\"https:\/\/pitland.cz\/assets\/uploads\/sites\/1201\/woocommerce-placeholder.png\" alt=\"Awaiting product image\" class=\"wp-post-image\" \/><\/div>\t<\/figure>\n<\/div>\n\n\t<div class=\"summary entry-summary\">\n\t\t<h1 class=\"product_title entry-title\">Fee for changing the date of the service<\/h1><p class=\"price\"><span class=\"woocommerce-Price-amount amount\"><bdi>300<span class=\"woocommerce-Price-currencySymbol\">,- CZK <\/span><\/bdi><\/span><\/p>\n<div class=\"woocommerce-product-details__short-description\">\n\t<div class=\"page\" title=\"Page 1\">\n<div class=\"layoutArea\">\n<div class=\"column\">\n<p>If you need to change the date of your reservation no later than 48 hours before the event, this is possible only for a fee.<\/p>\n<p>In the note in the order, let us know the name of the rider(s) who cannot participate, and the date they cannot attend. If you already know which other date you want to book, enter that as well. After the payment of the change fee, we\u2019ll contact you to confirm the new date.<\/p>\n<\/div>\n<\/div>\n<\/div>\n<\/div>\n\n\t\n\t<form class=\"cart\" action=\"\" method=\"post\" enctype='multipart\/form-data'>\n\t\t\n\t\t<div class=\"quantity\">\n\t\t<label class=\"screen-reader-text\" for=\"quantity_69e460e456452\">Fee for changing the date of the service quantity<\/label>\n\t<input\n\t\ttype=\"number\"\n\t\t\t\tid=\"quantity_69e460e456452\"\n\t\tclass=\"input-text qty text\"\n\t\tname=\"quantity\"\n\t\tvalue=\"1\"\n\t\taria-label=\"Product quantity\"\n\t\t\t\tmin=\"1\"\n\t\tmax=\"\"\n\t\t\t\t\tstep=\"1\"\n\t\t\tplaceholder=\"\"\n\t\t\tinputmode=\"numeric\"\n\t\t\tautocomplete=\"off\"\n\t\t\t\/>\n\t<\/div>\n\n\t\t<button type=\"submit\" name=\"add-to-cart\" value=\"11563\" class=\"single_add_to_cart_button button alt\">Add to cart<\/button>\n\n\t\t<input type=\"hidden\" name=\"gtm4wp_product_data\" value=\"{&quot;internal_id&quot;:11563,&quot;item_id&quot;:11563,&quot;item_name&quot;:&quot;Fee for changing the date of the service&quot;,&quot;sku&quot;:11563,&quot;price&quot;:300,&quot;stocklevel&quot;:null,&quot;stockstatus&quot;:&quot;instock&quot;,&quot;google_business_vertical&quot;:&quot;retail&quot;,&quot;item_category&quot;:&quot;Neza\\u0159azen\\u00e9&quot;,&quot;id&quot;:11563}\" \/>\n\n        <script type=\"application\/javascript\" style=\"display:none\">\n            \/* <![CDATA[ *\/\n            window.pysWooProductData = window.pysWooProductData || [];\n                        window.pysWooProductData[11563] = {\"facebook\":{\"delay\":0,\"type\":\"static\",\"name\":\"AddToCart\",\"pixelIds\":[\"817369458727305\"],\"eventID\":\"43987aff-ad00-4042-bab5-69b361e2d2e0\",\"params\":{\"content_type\":\"product\",\"content_ids\":[\"11563\"],\"contents\":[{\"id\":\"11563\",\"quantity\":1}],\"content_name\":\"Fee for changing the date of the service\",\"category_name\":\"Neza\\u0159azen\\u00e9\",\"value\":300,\"currency\":\"CZK\"},\"e_id\":\"woo_add_to_cart_on_button_click\",\"ids\":[],\"hasTimeWindow\":false,\"timeWindow\":0,\"woo_order\":\"\",\"edd_order\":\"\"}};\n                        \/* ]]> *\/\n        <\/script>\n\n        \t<\/form>\n\n\t\n<div class=\"product_meta\">\n\n\t\n\t\n\t<span class=\"posted_in\">Category: <a href=\"https:\/\/pitland.cz\/en\/kategorie-produktu\/nezarazene-en\/\" rel=\"tag\">Neza\u0159azen\u00e9<\/a><\/span>\n\t\n\t\n<\/div>\n\t<\/div>\n\n\t\n\t<div class=\"woocommerce-tabs wc-tabs-wrapper\">\n\t\t<ul class=\"tabs wc-tabs\" role=\"tablist\">\n\t\t\t\t\t\t\t<li role=\"presentation\" class=\"additional_information_tab\" id=\"tab-title-additional_information\">\n\t\t\t\t\t<a href=\"#tab-additional_information\" role=\"tab\" aria-controls=\"tab-additional_information\">\n\t\t\t\t\t\tAdditional information\t\t\t\t\t<\/a>\n\t\t\t\t<\/li>\n\t\t\t\t\t<\/ul>\n\t\t\t\t\t<div class=\"woocommerce-Tabs-panel woocommerce-Tabs-panel--additional_information panel entry-content wc-tab\" id=\"tab-additional_information\" role=\"tabpanel\" aria-labelledby=\"tab-title-additional_information\">\n\t\t\t\t\n\t<h2>Additional information<\/h2>\n\n<table class=\"woocommerce-product-attributes shop_attributes\" aria-label=\"Product Details\">\n\t\t\t<tr class=\"woocommerce-product-attributes-item woocommerce-product-attributes-item--attribute_datum\">\n\t\t\t<th class=\"woocommerce-product-attributes-item__label\" scope=\"row\">Datum<\/th>\n\t\t\t<td class=\"woocommerce-product-attributes-item__value\"><p>NE 22. 08. 2021, 19:00 &#8211; 21:00, SO 28. 08. 2021, 13:00 &#8211; 15:00, SO 28. 08. 2021, 15:00 &#8211; 17:00, SO 28. 08. 2021, 16:00 &#8211; 18:00, SO 28. 08. 2021, 18:00 &#8211; 20:00, SO 28. 08. 2021, 19:00 &#8211; 21:00, NE 29. 08. 2021, 12:00 &#8211; 14:00, NE 29. 08. 2021, 13:00 &#8211; 15:00, NE 29. 08. 2021, 15:00 &#8211; 17:00, NE 29. 08. 2021, 16:00 &#8211; 18:00, NE 29. 08. 2021, 18:00 &#8211; 20:00, NE 29. 08. 2021, 19:00 &#8211; 21:00, ST 18. 08. 2021, 15:00 &#8211; 17:00, ST 18. 08. 2021, 16:00 &#8211; 18:00, ST 18. 08. 2021, 18:00 &#8211; 20:00, ST 18. 08. 2021, 19:00 &#8211; 21:00, \u010cT 19. 08. 2021, 15:00 &#8211; 17:00, \u010cT 19. 08. 2021, 16:00 &#8211; 18:00, \u010cT 19. 08. 2021, 18:00 &#8211; 20:00, \u010cT 19. 08. 2021, 19:00 &#8211; 21:00, PA 20. 08. 2021, 15:00 &#8211; 17:00, PA 20. 08. 2021, 16:00 &#8211; 18:00, PA 20. 08. 2021, 18:00 &#8211; 20:00, PA 20. 08. 2021, 19:00 &#8211; 21:00, SO 04. 09. 2021, 12:00 &#8211; 14:00, SO 04. 09. 2021, 13:00 &#8211; 15:00, S0 04. 09. 2021, 15:00 &#8211; 17:00, SO 04. 09. 2021, 16:00 &#8211; 18:00, SO 04. 09. 2021, 18:00 &#8211; 20:00, SO 04. 09. 2021, 19:00 &#8211; 21:00, NE 05. 09. 2021, 12:00 &#8211; 14:00, NE 05. 09. 2021, 13:00 &#8211; 15:00, NE 05. 09. 2021, 15:00 &#8211; 17:00, NE 05. 09. 2021, 16:00 &#8211; 18:00, NE 05. 09. 2021, 18:00 &#8211; 20:00, NE 05. 09. 2021, 19:00 &#8211; 21:00, ST 01. 09. 2021, 15:00 &#8211; 17:00, ST 01. 09. 2021, 16:00 &#8211; 18:00, ST 01. 09. 2021, 18:00 &#8211; 19:00, ST 01. 09. 2021, 19:00 &#8211; 21:00, \u010cT 02. 09. 2021, 15:00 &#8211; 17:00, \u010cT 02. 09. 2021, 16:00 &#8211; 18:00, \u010cT 02. 09. 2021, 18:00 &#8211; 20:00, \u010cT 02. 09. 2021, 19:00 &#8211; 21:00, PA 03. 09. 2021, 15:00 &#8211; 17:00, PA 03. 09. 2021, 16:00 &#8211; 18:00, PA 03. 09. 2021, 18:00 &#8211; 20:00, PA 03. 09. 2021, 19:00 &#8211; 21:00, SO 11. 09. 2021, 12:00 &#8211; 14:00, SO 11. 09. 2021, 13:00 &#8211; 15:00, SO 11. 09. 2021, 15:00 &#8211; 17:00, SO 11. 09. 2021, 16:00 &#8211; 18:00, SO 11. 09. 2021, 18:00 &#8211; 20:00, SO 11. 09. 2021, 19:00 &#8211; 21:00, NE 12. 09. 2021, 12:00 &#8211; 14:00, NE 12. 09. 2021, 13:00 &#8211; 15:00, NE 12. 09. 2021, 15:00 &#8211; 17:00, NE 12. 09. 2021, 16:00 &#8211; 18:00, NE 12. 09. 2021, 18:00 &#8211; 20:00, NE 12. 09. 2021, 19:00 &#8211; 21:00, ST 15. 09. 2021, 15:00 &#8211; 17:00, ST 15. 09. 2021, 16:00 &#8211; 18:00, ST 15. 09. 2021, 18:00 &#8211; 20:00, ST 15. 09. 2021, 19:00 &#8211; 21:00, \u010cT 16. 09. 2021, 15:00 &#8211; 17:00, \u010cT 16. 09. 2021, 16:00 &#8211; 18:00, \u010cT 16. 09. 2021, 18:00 &#8211; 20:00, \u010cT 16. 09. 2021, 19:00 &#8211; 21:00, PA 17. 09. 2021, 15:00 &#8211; 17:00, PA 17. 09. 2021, 16:00 &#8211; 18:00, PA 17. 09. 2021, 18:00 &#8211; 20:00, PA 17. 09. 2021, 19:00 &#8211; 21:00<\/p>\n<\/td>\n\t\t<\/tr>\n\t<\/table>\n\t\t\t<\/div>\n\t\t\n\t\t\t<\/div>\n\n\n\t<section class=\"related products\">\n\n\t\t\t\t\t<h2>Related products<\/h2>\n\t\t\t\t<ul class=\"products columns-4\">\n\n\t\t\t\n\t\t\t\t\t<li class=\"product type-product post-11565 status-publish first outofstock product_cat-nezarazene-en has-post-thumbnail taxable shipping-taxable product-type-variable\">\n\t<a href=\"https:\/\/pitland.cz\/en\/produkt\/1hodina\/\" class=\"woocommerce-LoopProduct-link woocommerce-loop-product__link\"><img loading=\"lazy\" decoding=\"async\" width=\"300\" height=\"169\" src=\"https:\/\/pitland.cz\/assets\/uploads\/sites\/1201\/2023\/04\/dsc-205-300x169.jpg\" class=\"attachment-woocommerce_thumbnail size-woocommerce_thumbnail\" alt=\"1 hour ride with instructor\" \/><h2 class=\"woocommerce-loop-product__title\">1 hour ride with instructor<\/h2>\n<\/a><a href=\"https:\/\/pitland.cz\/en\/produkt\/1hodina\/\" aria-describedby=\"woocommerce_loop_add_to_cart_link_describedby_11565\" data-quantity=\"1\" class=\"button product_type_variable\" data-product_id=\"11565\" data-product_sku=\"\" aria-label=\"Select options for &ldquo;1 hour ride with instructor&rdquo;\" rel=\"nofollow\">Read more<\/a>\t<span id=\"woocommerce_loop_add_to_cart_link_describedby_11565\" class=\"screen-reader-text\">\n\t\t\t<\/span>\n<span class=\"gtm4wp_productdata\" style=\"display:none; visibility:hidden;\" data-gtm4wp_product_data=\"{&quot;internal_id&quot;:11565,&quot;item_id&quot;:11565,&quot;item_name&quot;:&quot;1 hour ride with instructor&quot;,&quot;sku&quot;:11565,&quot;price&quot;:0,&quot;stocklevel&quot;:null,&quot;stockstatus&quot;:&quot;outofstock&quot;,&quot;google_business_vertical&quot;:&quot;retail&quot;,&quot;item_category&quot;:&quot;Neza\\u0159azen\\u00e9&quot;,&quot;id&quot;:11565,&quot;productlink&quot;:&quot;https:\\\/\\\/pitland.cz\\\/en\\\/produkt\\\/1hodina\\\/&quot;,&quot;item_list_name&quot;:&quot;Related Products&quot;,&quot;index&quot;:1,&quot;item_brand&quot;:&quot;&quot;}\"><\/span><\/li>\n\n\t\t\t\n\t\t\t\t\t<li class=\"product type-product post-11559 status-publish instock product_cat-nezarazene-en virtual taxable purchasable product-type-simple\">\n\t<a href=\"https:\/\/pitland.cz\/en\/produkt\/presun_rezervace\/\" class=\"woocommerce-LoopProduct-link woocommerce-loop-product__link\"><img loading=\"lazy\" decoding=\"async\" width=\"300\" height=\"169\" src=\"https:\/\/pitland.cz\/assets\/uploads\/sites\/1201\/woocommerce-placeholder-300x169.png\" class=\"woocommerce-placeholder wp-post-image\" alt=\"Placeholder\" \/><h2 class=\"woocommerce-loop-product__title\">Change of reservation<\/h2>\n\t<span class=\"price\"><span class=\"woocommerce-Price-amount amount\"><bdi>300<span class=\"woocommerce-Price-currencySymbol\">,- CZK <\/span><\/bdi><\/span><\/span>\n<\/a><a href=\"?add-to-cart=11559\" aria-describedby=\"woocommerce_loop_add_to_cart_link_describedby_11559\" data-quantity=\"1\" class=\"button product_type_simple add_to_cart_button ajax_add_to_cart\" data-product_id=\"11559\" data-product_sku=\"\" aria-label=\"Add to cart: &ldquo;Change of reservation&rdquo;\" rel=\"nofollow\" data-success_message=\"&ldquo;Change of reservation&rdquo; has been added to your cart\">Add to cart<\/a>\t<span id=\"woocommerce_loop_add_to_cart_link_describedby_11559\" class=\"screen-reader-text\">\n\t\t\t<\/span>\n<span class=\"gtm4wp_productdata\" style=\"display:none; visibility:hidden;\" data-gtm4wp_product_data=\"{&quot;internal_id&quot;:11559,&quot;item_id&quot;:11559,&quot;item_name&quot;:&quot;Change of reservation&quot;,&quot;sku&quot;:11559,&quot;price&quot;:300,&quot;stocklevel&quot;:null,&quot;stockstatus&quot;:&quot;instock&quot;,&quot;google_business_vertical&quot;:&quot;retail&quot;,&quot;item_category&quot;:&quot;Neza\\u0159azen\\u00e9&quot;,&quot;id&quot;:11559,&quot;productlink&quot;:&quot;https:\\\/\\\/pitland.cz\\\/en\\\/produkt\\\/presun_rezervace\\\/&quot;,&quot;item_list_name&quot;:&quot;Related Products&quot;,&quot;index&quot;:2,&quot;item_brand&quot;:&quot;&quot;}\"><\/span><\/li>\n\n\t\t\t\n\t\t\t\t\t<li class=\"product type-product post-7472 status-publish outofstock product_cat-nezarazene-en product_tag-uz-jsem-byl-en has-post-thumbnail taxable shipping-taxable product-type-variable\">\n\t<a href=\"https:\/\/pitland.cz\/en\/produkt\/volne-jizdy\/\" class=\"woocommerce-LoopProduct-link woocommerce-loop-product__link\"><img loading=\"lazy\" decoding=\"async\" width=\"300\" height=\"169\" src=\"https:\/\/pitland.cz\/assets\/uploads\/sites\/1201\/2020\/02\/a9_01487-300x169.jpg\" class=\"attachment-woocommerce_thumbnail size-woocommerce_thumbnail\" alt=\"Free Rides\" \/><h2 class=\"woocommerce-loop-product__title\">Free Rides<\/h2>\n<\/a><a href=\"https:\/\/pitland.cz\/en\/produkt\/volne-jizdy\/\" aria-describedby=\"woocommerce_loop_add_to_cart_link_describedby_7472\" data-quantity=\"1\" class=\"button product_type_variable\" data-product_id=\"7472\" data-product_sku=\"\" aria-label=\"Select options for &ldquo;Free Rides&rdquo;\" rel=\"nofollow\">Read more<\/a>\t<span id=\"woocommerce_loop_add_to_cart_link_describedby_7472\" class=\"screen-reader-text\">\n\t\t\t<\/span>\n<span class=\"gtm4wp_productdata\" style=\"display:none; visibility:hidden;\" data-gtm4wp_product_data=\"{&quot;internal_id&quot;:7472,&quot;item_id&quot;:7472,&quot;item_name&quot;:&quot;Free Rides&quot;,&quot;sku&quot;:7472,&quot;price&quot;:0,&quot;stocklevel&quot;:null,&quot;stockstatus&quot;:&quot;outofstock&quot;,&quot;google_business_vertical&quot;:&quot;retail&quot;,&quot;item_category&quot;:&quot;Neza\\u0159azen\\u00e9&quot;,&quot;id&quot;:7472,&quot;productlink&quot;:&quot;https:\\\/\\\/pitland.cz\\\/en\\\/produkt\\\/volne-jizdy\\\/&quot;,&quot;item_list_name&quot;:&quot;Related Products&quot;,&quot;index&quot;:3,&quot;item_brand&quot;:&quot;&quot;}\"><\/span><\/li>\n\n\t\t\t\n\t\t\t\t\t<li class=\"product type-product post-7483 status-publish last outofstock product_cat-nezarazene-en has-post-thumbnail taxable shipping-taxable purchasable product-type-variable\">\n\t<a href=\"https:\/\/pitland.cz\/en\/produkt\/epitness\/\" class=\"woocommerce-LoopProduct-link woocommerce-loop-product__link\"><img loading=\"lazy\" decoding=\"async\" width=\"300\" height=\"169\" src=\"https:\/\/pitland.cz\/assets\/uploads\/sites\/1201\/2021\/09\/program-epitness-300x169.jpg\" class=\"attachment-woocommerce_thumbnail size-woocommerce_thumbnail\" alt=\"ePITNESS PROGRAMME\" \/><h2 class=\"woocommerce-loop-product__title\">ePITNESS PROGRAMME<\/h2>\n<\/a><a href=\"https:\/\/pitland.cz\/en\/produkt\/epitness\/\" aria-describedby=\"woocommerce_loop_add_to_cart_link_describedby_7483\" data-quantity=\"1\" class=\"button product_type_variable\" data-product_id=\"7483\" data-product_sku=\"\" aria-label=\"Select options for &ldquo;ePITNESS PROGRAMME&rdquo;\" rel=\"nofollow\">Select options<\/a>\t<span id=\"woocommerce_loop_add_to_cart_link_describedby_7483\" class=\"screen-reader-text\">\n\t\tThis product has multiple variants. The options may be chosen on the product page\t<\/span>\n<span class=\"gtm4wp_productdata\" style=\"display:none; visibility:hidden;\" data-gtm4wp_product_data=\"{&quot;internal_id&quot;:7483,&quot;item_id&quot;:7483,&quot;item_name&quot;:&quot;ePITNESS PROGRAMME&quot;,&quot;sku&quot;:7483,&quot;price&quot;:10500,&quot;stocklevel&quot;:null,&quot;stockstatus&quot;:&quot;outofstock&quot;,&quot;google_business_vertical&quot;:&quot;retail&quot;,&quot;item_category&quot;:&quot;Neza\\u0159azen\\u00e9&quot;,&quot;id&quot;:7483,&quot;productlink&quot;:&quot;https:\\\/\\\/pitland.cz\\\/en\\\/produkt\\\/epitness\\\/&quot;,&quot;item_list_name&quot;:&quot;Related Products&quot;,&quot;index&quot;:4,&quot;item_brand&quot;:&quot;&quot;}\"><\/span><\/li>\n\n\t\t\t\n\t\t<\/ul>\n\n\t<\/section>\n\t<\/div>\n\n\t\t\t<\/div>\n\t\t\t<\/div>\n","protected":false},"excerpt":{"rendered":"<div class=\"page\" title=\"Page 1\">\n<div class=\"layoutArea\">\n<div class=\"column\">\n<p>If you need to change the date of your reservation no later than 48 hours before the event, this is possible only for a fee.<\/p>\n<p>In the note in the order, let us know the name of the rider(s) who cannot participate, and the date they cannot attend. If you already know which other date you want to book, enter that as well. After the payment of the change fee, we\u2019ll contact you to confirm the new date.<\/p>\n<\/div>\n<\/div>\n<\/div>\n","protected":false},"featured_media":0,"template":"","meta":[],"product_brand":[],"product_cat":[48],"product_tag":[],"class_list":{"0":"post-11559","1":"product","2":"type-product","3":"status-publish","5":"product_cat-nezarazene-en","7":"first","8":"instock","9":"virtual","10":"taxable","11":"purchasable","12":"product-type-simple"},"yoast_head":"<title>Change of reservation - Pitland.cz<\/title>\n<meta name=\"robots\" content=\"index, follow, max-snippet:-1, max-image-preview:large, max-video-preview:-1\" \/>\n<link rel=\"canonical\" href=\"https:\/\/pitland.cz\/en\/produkt\/presun_rezervace\/\" \/>\n<meta property=\"og:locale\" content=\"en_US\" \/>\n<meta property=\"og:type\" content=\"article\" \/>\n<meta property=\"og:title\" content=\"Change of reservation - Pitland.cz\" \/>\n<meta property=\"og:description\" content=\"&nbsp;\" \/>\n<meta property=\"og:url\" content=\"https:\/\/pitland.cz\/en\/produkt\/presun_rezervace\/\" \/>\n<meta property=\"og:site_name\" content=\"Pitland.cz\" \/>\n<meta property=\"article:modified_time\" content=\"2023-07-27T08:12:45+00:00\" \/>\n<meta name=\"twitter:card\" content=\"summary_large_image\" \/>\n<meta name=\"twitter:label1\" content=\"Est. reading time\" \/>\n\t<meta name=\"twitter:data1\" content=\"1 minute\" \/>\n<script type=\"application\/ld+json\" class=\"yoast-schema-graph\">{\"@context\":\"https:\/\/schema.org\",\"@graph\":[{\"@type\":\"WebPage\",\"@id\":\"https:\/\/pitland.cz\/en\/produkt\/presun_rezervace\/\",\"url\":\"https:\/\/pitland.cz\/en\/produkt\/presun_rezervace\/\",\"name\":\"Change of reservation - Pitland.cz\",\"isPartOf\":{\"@id\":\"https:\/\/pitland.cz\/#website\"},\"datePublished\":\"2022-08-31T15:14:07+00:00\",\"dateModified\":\"2023-07-27T08:12:45+00:00\",\"breadcrumb\":{\"@id\":\"https:\/\/pitland.cz\/en\/produkt\/presun_rezervace\/#breadcrumb\"},\"inLanguage\":\"en-US\",\"potentialAction\":[{\"@type\":\"ReadAction\",\"target\":[\"https:\/\/pitland.cz\/en\/produkt\/presun_rezervace\/\"]}]},{\"@type\":\"BreadcrumbList\",\"@id\":\"https:\/\/pitland.cz\/en\/produkt\/presun_rezervace\/#breadcrumb\",\"itemListElement\":[{\"@type\":\"ListItem\",\"position\":1,\"name\":\"Dom\u016f\",\"item\":\"https:\/\/pitland.cz\/en\/\"},{\"@type\":\"ListItem\",\"position\":2,\"name\":\"Obchod\",\"item\":\"https:\/\/pitland.cz\/obchod\/\"},{\"@type\":\"ListItem\",\"position\":3,\"name\":\"Change of reservation\"}]},{\"@type\":\"WebSite\",\"@id\":\"https:\/\/pitland.cz\/#website\",\"url\":\"https:\/\/pitland.cz\/\",\"name\":\"Pitland.cz\",\"description\":\"Jedine\u010dn\u00e9 m\u00edsto pro v\u0161echny z\u00e1jemce o j\u00edzdu v jedn\u00e9 stop\u011b, kde sez\u00f3na nikdy nekon\u010d\u00ed.\",\"potentialAction\":[{\"@type\":\"SearchAction\",\"target\":{\"@type\":\"EntryPoint\",\"urlTemplate\":\"https:\/\/pitland.cz\/?s={search_term_string}\"},\"query-input\":\"required name=search_term_string\"}],\"inLanguage\":\"en-US\"}]}<\/script>","yoast_head_json":{"title":"Change of reservation - Pitland.cz","robots":{"index":"index","follow":"follow","max-snippet":"max-snippet:-1","max-image-preview":"max-image-preview:large","max-video-preview":"max-video-preview:-1"},"canonical":"https:\/\/pitland.cz\/en\/produkt\/presun_rezervace\/","og_locale":"en_US","og_type":"article","og_title":"Change of reservation - Pitland.cz","og_description":"&nbsp;","og_url":"https:\/\/pitland.cz\/en\/produkt\/presun_rezervace\/","og_site_name":"Pitland.cz","article_modified_time":"2023-07-27T08:12:45+00:00","twitter_card":"summary_large_image","twitter_misc":{"Est. reading time":"1 minute"},"schema":{"@context":"https:\/\/schema.org","@graph":[{"@type":"WebPage","@id":"https:\/\/pitland.cz\/en\/produkt\/presun_rezervace\/","url":"https:\/\/pitland.cz\/en\/produkt\/presun_rezervace\/","name":"Change of reservation - Pitland.cz","isPartOf":{"@id":"https:\/\/pitland.cz\/#website"},"datePublished":"2022-08-31T15:14:07+00:00","dateModified":"2023-07-27T08:12:45+00:00","breadcrumb":{"@id":"https:\/\/pitland.cz\/en\/produkt\/presun_rezervace\/#breadcrumb"},"inLanguage":"en-US","potentialAction":[{"@type":"ReadAction","target":["https:\/\/pitland.cz\/en\/produkt\/presun_rezervace\/"]}]},{"@type":"BreadcrumbList","@id":"https:\/\/pitland.cz\/en\/produkt\/presun_rezervace\/#breadcrumb","itemListElement":[{"@type":"ListItem","position":1,"name":"Dom\u016f","item":"https:\/\/pitland.cz\/en\/"},{"@type":"ListItem","position":2,"name":"Obchod","item":"https:\/\/pitland.cz\/obchod\/"},{"@type":"ListItem","position":3,"name":"Change of reservation"}]},{"@type":"WebSite","@id":"https:\/\/pitland.cz\/#website","url":"https:\/\/pitland.cz\/","name":"Pitland.cz","description":"Jedine\u010dn\u00e9 m\u00edsto pro v\u0161echny z\u00e1jemce o j\u00edzdu v jedn\u00e9 stop\u011b, kde sez\u00f3na nikdy nekon\u010d\u00ed.","potentialAction":[{"@type":"SearchAction","target":{"@type":"EntryPoint","urlTemplate":"https:\/\/pitland.cz\/?s={search_term_string}"},"query-input":"required name=search_term_string"}],"inLanguage":"en-US"}]}},"_links":{"self":[{"href":"https:\/\/pitland.cz\/en\/wp-json\/wp\/v2\/product\/11559","targetHints":{"allow":["GET"]}}],"collection":[{"href":"https:\/\/pitland.cz\/en\/wp-json\/wp\/v2\/product"}],"about":[{"href":"https:\/\/pitland.cz\/en\/wp-json\/wp\/v2\/types\/product"}],"wp:attachment":[{"href":"https:\/\/pitland.cz\/en\/wp-json\/wp\/v2\/media?parent=11559"}],"wp:term":[{"taxonomy":"product_brand","embeddable":true,"href":"https:\/\/pitland.cz\/en\/wp-json\/wp\/v2\/product_brand?post=11559"},{"taxonomy":"product_cat","embeddable":true,"href":"https:\/\/pitland.cz\/en\/wp-json\/wp\/v2\/product_cat?post=11559"},{"taxonomy":"product_tag","embeddable":true,"href":"https:\/\/pitland.cz\/en\/wp-json\/wp\/v2\/product_tag?post=11559"}],"curies":[{"name":"wp","href":"https:\/\/api.w.org\/{rel}","templated":true}]}}