{"id":7748,"date":"2021-09-02T18:57:39","date_gmt":"2021-09-02T16:57:39","guid":{"rendered":"https:\/\/pitland.cz\/kosik-2\/"},"modified":"2022-04-23T13:24:51","modified_gmt":"2022-04-23T11:24:51","slug":"cart","status":"publish","type":"page","link":"https:\/\/pitland.cz\/en\/cart\/","title":{"rendered":"Cart"},"content":{"rendered":"\n\n\t\n\n","protected":false},"excerpt":{"rendered":"","protected":false},"author":1,"featured_media":0,"parent":0,"menu_order":0,"comment_status":"closed","ping_status":"closed","template":"","meta":{"footnotes":""},"class_list":["post-7748","page","type-page","status-publish","hentry"],"yoast_head":"<title>Cart - Pitland.cz<\/title>\n<meta name=\"robots\" content=\"index, follow, max-snippet:-1, max-image-preview:large, max-video-preview:-1\" \/>\n<link rel=\"canonical\" href=\"https:\/\/pitland.cz\/en\/cart\/\" \/>\n<meta property=\"og:locale\" content=\"en_US\" \/>\n<meta property=\"og:type\" content=\"article\" \/>\n<meta property=\"og:title\" content=\"Cart - Pitland.cz\" \/>\n<meta property=\"og:url\" content=\"https:\/\/pitland.cz\/en\/cart\/\" \/>\n<meta property=\"og:site_name\" content=\"Pitland.cz\" \/>\n<meta property=\"article:modified_time\" content=\"2022-04-23T11:24:51+00:00\" \/>\n<meta name=\"twitter:card\" content=\"summary_large_image\" \/>\n<meta name=\"twitter:label1\" content=\"Est. reading time\" \/>\n\t<meta name=\"twitter:data1\" content=\"1 minute\" \/>\n<script type=\"application\/ld+json\" class=\"yoast-schema-graph\">{\"@context\":\"https:\/\/schema.org\",\"@graph\":[{\"@type\":\"WebPage\",\"@id\":\"https:\/\/pitland.cz\/en\/cart\/\",\"url\":\"https:\/\/pitland.cz\/en\/cart\/\",\"name\":\"Cart - Pitland.cz\",\"isPartOf\":{\"@id\":\"https:\/\/pitland.cz\/#website\"},\"datePublished\":\"2021-09-02T16:57:39+00:00\",\"dateModified\":\"2022-04-23T11:24:51+00:00\",\"breadcrumb\":{\"@id\":\"https:\/\/pitland.cz\/en\/cart\/#breadcrumb\"},\"inLanguage\":\"en-US\",\"potentialAction\":[{\"@type\":\"ReadAction\",\"target\":[\"https:\/\/pitland.cz\/en\/cart\/\"]}]},{\"@type\":\"BreadcrumbList\",\"@id\":\"https:\/\/pitland.cz\/en\/cart\/#breadcrumb\",\"itemListElement\":[{\"@type\":\"ListItem\",\"position\":1,\"name\":\"Dom\u016f\",\"item\":\"https:\/\/pitland.cz\/en\/\"},{\"@type\":\"ListItem\",\"position\":2,\"name\":\"Cart\"}]},{\"@type\":\"WebSite\",\"@id\":\"https:\/\/pitland.cz\/#website\",\"url\":\"https:\/\/pitland.cz\/\",\"name\":\"Pitland.cz\",\"description\":\"Jedine\u010dn\u00e9 m\u00edsto pro v\u0161echny z\u00e1jemce o j\u00edzdu v jedn\u00e9 stop\u011b, kde sez\u00f3na nikdy nekon\u010d\u00ed.\",\"potentialAction\":[{\"@type\":\"SearchAction\",\"target\":{\"@type\":\"EntryPoint\",\"urlTemplate\":\"https:\/\/pitland.cz\/?s={search_term_string}\"},\"query-input\":\"required name=search_term_string\"}],\"inLanguage\":\"en-US\"}]}<\/script>","yoast_head_json":{"title":"Cart - Pitland.cz","robots":{"index":"index","follow":"follow","max-snippet":"max-snippet:-1","max-image-preview":"max-image-preview:large","max-video-preview":"max-video-preview:-1"},"canonical":"https:\/\/pitland.cz\/en\/cart\/","og_locale":"en_US","og_type":"article","og_title":"Cart - Pitland.cz","og_url":"https:\/\/pitland.cz\/en\/cart\/","og_site_name":"Pitland.cz","article_modified_time":"2022-04-23T11:24:51+00:00","twitter_card":"summary_large_image","twitter_misc":{"Est. reading time":"1 minute"},"schema":{"@context":"https:\/\/schema.org","@graph":[{"@type":"WebPage","@id":"https:\/\/pitland.cz\/en\/cart\/","url":"https:\/\/pitland.cz\/en\/cart\/","name":"Cart - Pitland.cz","isPartOf":{"@id":"https:\/\/pitland.cz\/#website"},"datePublished":"2021-09-02T16:57:39+00:00","dateModified":"2022-04-23T11:24:51+00:00","breadcrumb":{"@id":"https:\/\/pitland.cz\/en\/cart\/#breadcrumb"},"inLanguage":"en-US","potentialAction":[{"@type":"ReadAction","target":["https:\/\/pitland.cz\/en\/cart\/"]}]},{"@type":"BreadcrumbList","@id":"https:\/\/pitland.cz\/en\/cart\/#breadcrumb","itemListElement":[{"@type":"ListItem","position":1,"name":"Dom\u016f","item":"https:\/\/pitland.cz\/en\/"},{"@type":"ListItem","position":2,"name":"Cart"}]},{"@type":"WebSite","@id":"https:\/\/pitland.cz\/#website","url":"https:\/\/pitland.cz\/","name":"Pitland.cz","description":"Jedine\u010dn\u00e9 m\u00edsto pro v\u0161echny z\u00e1jemce o j\u00edzdu v jedn\u00e9 stop\u011b, kde sez\u00f3na nikdy nekon\u010d\u00ed.","potentialAction":[{"@type":"SearchAction","target":{"@type":"EntryPoint","urlTemplate":"https:\/\/pitland.cz\/?s={search_term_string}"},"query-input":"required name=search_term_string"}],"inLanguage":"en-US"}]}},"_links":{"self":[{"href":"https:\/\/pitland.cz\/en\/wp-json\/wp\/v2\/pages\/7748","targetHints":{"allow":["GET"]}}],"collection":[{"href":"https:\/\/pitland.cz\/en\/wp-json\/wp\/v2\/pages"}],"about":[{"href":"https:\/\/pitland.cz\/en\/wp-json\/wp\/v2\/types\/page"}],"author":[{"embeddable":true,"href":"https:\/\/pitland.cz\/en\/wp-json\/wp\/v2\/users\/1"}],"replies":[{"embeddable":true,"href":"https:\/\/pitland.cz\/en\/wp-json\/wp\/v2\/comments?post=7748"}],"version-history":[{"count":3,"href":"https:\/\/pitland.cz\/en\/wp-json\/wp\/v2\/pages\/7748\/revisions"}],"predecessor-version":[{"id":7751,"href":"https:\/\/pitland.cz\/en\/wp-json\/wp\/v2\/pages\/7748\/revisions\/7751"}],"wp:attachment":[{"href":"https:\/\/pitland.cz\/en\/wp-json\/wp\/v2\/media?parent=7748"}],"curies":[{"name":"wp","href":"https:\/\/api.w.org\/{rel}","templated":true}]}}