{"id":7445,"date":"2016-10-22T22:23:39","date_gmt":"2016-10-22T20:23:39","guid":{"rendered":"https:\/\/pitland.cz\/home-2\/"},"modified":"2024-03-04T20:54:58","modified_gmt":"2024-03-04T19:54:58","slug":"home-2","status":"publish","type":"page","link":"https:\/\/pitland.cz\/en\/","title":{"rendered":"Home"},"content":{"rendered":"\n\n\t\t\t\t<a href=\"https:\/\/goo.gl\/maps\/a3SVLp9xy9eBcrLx7\" target=\"_blank\" rel=\"noopener\" itemprop=\"url\">\n\t\t\t\t<img decoding=\"async\" src=\"https:\/\/minisawmill.com\/assets\/uploads\/sites\/1201\/2020\/03\/mapa.jpg\" alt=\"mapa\" itemprop=\"image\" title=\"mapa\" onerror=\"this.style.display='none'\"  \/>\n\t\t\t\t<\/a>\n\t\t\t\t<img decoding=\"async\" src=\"https:\/\/pitland.cz\/assets\/uploads\/sites\/1201\/2020\/01\/pitland_logo_blckonwht.png\" alt=\"PITLAND_logo_BLCKONWHT\" title=\"PITLAND_logo_BLCKONWHT\" itemprop=\"image\"\/>\n\t\t\t\t<p>is a unique place for all those interested in riding on single track, where the season never ends.<\/p>\n<p>For us in Pitland, the ride is a passion and our goal is to share with you the unforgettable experiences that comes with it.<\/p>\n\t\t\t<h3>THEY WROTE ABOUT US<\/h3>\t\t\t\n\t\t\t\t<img decoding=\"async\" src=\"https:\/\/pitland.cz\/assets\/uploads\/sites\/1201\/bb-plugin\/cache\/26908019_10155546417484039_8530458087524757705_n-150x150-circle.png\" alt=\"26908019_10155546417484039_8530458087524757705_n\" title=\"26908019_10155546417484039_8530458087524757705_n\" itemprop=\"image\"\/>\n\t\t\t\t\t\t\t<p><a href=\"https:\/\/www.autosalon.tv\/reportaze\/autosalon-5\/reportaz-z-pitlandu-a-recenze-elektrickeho-pitbiku-epit\" target=\"_blank\" rel=\"noopener\">V\u00edte, co je to Pitland? Jde o cvi\u010dnou ar\u00e9nu pod st\u0159echou, kde v zim\u011b tr\u00e9nuj\u00ed motork\u00e1\u0159i, aby na ja\u0159e neskon\u010dili hned p\u0159i prvn\u00ed proj\u00ed\u017e\u010fce ve \u0161karp\u011b. Sr\u0161e\u0148 byl sice nejprve v\u016f\u010di elektrick\u00fdm pitbik\u016fm skeptick\u00fd a v\u016fbec se mu do Prahy necht\u011blo, ale nakonec na nich l\u00e9tal jako &#8230; no jako Sr\u0161e\u0148. A je\u0161t\u011b v report\u00e1\u017ei najdete manu\u00e1l na to, co d\u011blat, kdy\u017e v\u00e1s p\u0159edjede na motorce \u017eensk\u00e1.<\/a><\/p>\t\t\t\t\t\t\n\t\t\t\t\t\t\t\t<h3 class='uabb-testimonial-author-name testimonial-author-name'>AUTOSALON.TV<\/h3>\t\t\t\t\t\t\t\t\n\t\t\t\t\t\t\t\t\t30 ledna 2020 \/ Autosalon.tv\t\t\t\t\t\t\t\t\n\t\t\t\t<img decoding=\"async\" src=\"https:\/\/pitland.cz\/assets\/uploads\/sites\/1201\/bb-plugin\/cache\/jarkovsky-150x150-circle.jpg\" alt=\"jarkovsky\" title=\"jarkovsky\" itemprop=\"image\"\/>\n\t\t\t\t\t\t\t<p><a href=\"https:\/\/www.facebook.com\/tomas.jarkovsky.56\/posts\/10218718024534296?__xts__[0]=68.ARAjeh0JC5jEu6-4qCLWTbmKcciSR-fWl5Sz8zG8P0q_EPRVprKPKSWc-a1TQlICqm8aPbTIR4axLrw4OXeHvZuf3CA6fUWXfVlcLsawuV2W3v4WP3M6wu9iNTPb5URQSSsEAjFTr8PUUhE5wvg9dI5IQUjrJ_tqsRNx3fT7o2aU8wbDqo0LPw8ES8lI-1sGWWpOgbPC9SkWkpsCC_D43mAYswQAkACyzF8XTa1pFH2nHbffRs_herM6jHuNf26BZ3FplF8o7ntDAO6mkHEKOXvYxEd5_vX3WMzboa4tlIjhY9EoCSHtTVzssTcFa5hvcd5ILDLYp_rIICVGiXYSgw&amp;__tn__=-RH-R\" target=\"_blank\" rel=\"noopener\">Zima je dlouh\u00e1, motorky chyb\u00ed. Co s t\u00edm? Sebral jsem 4 lo\u0148sk\u00e9 \u017e\u00e1ky a vyrazili jsme do Prahy vyzkou\u0161et zase n\u011bco nov\u00e9ho &#8211;\u00a0Pitland.cz<\/a><br \/><a href=\"https:\/\/www.facebook.com\/tomas.jarkovsky.56\/posts\/10218718024534296?__xts__[0]=68.ARAjeh0JC5jEu6-4qCLWTbmKcciSR-fWl5Sz8zG8P0q_EPRVprKPKSWc-a1TQlICqm8aPbTIR4axLrw4OXeHvZuf3CA6fUWXfVlcLsawuV2W3v4WP3M6wu9iNTPb5URQSSsEAjFTr8PUUhE5wvg9dI5IQUjrJ_tqsRNx3fT7o2aU8wbDqo0LPw8ES8lI-1sGWWpOgbPC9SkWkpsCC_D43mAYswQAkACyzF8XTa1pFH2nHbffRs_herM6jHuNf26BZ3FplF8o7ntDAO6mkHEKOXvYxEd5_vX3WMzboa4tlIjhY9EoCSHtTVzssTcFa5hvcd5ILDLYp_rIICVGiXYSgw&amp;__tn__=-RH-R\" target=\"_blank\" rel=\"noopener\">Hodnocen\u00ed? Kdyby jste vid\u011bli na\u0161e obli\u010deje po skon\u010den\u00ed, v\u0161echno by v\u00e1m bylo jasn\u00e9.<\/a><br \/><a href=\"https:\/\/www.facebook.com\/tomas.jarkovsky.56\/posts\/10218718024534296?__xts__[0]=68.ARAjeh0JC5jEu6-4qCLWTbmKcciSR-fWl5Sz8zG8P0q_EPRVprKPKSWc-a1TQlICqm8aPbTIR4axLrw4OXeHvZuf3CA6fUWXfVlcLsawuV2W3v4WP3M6wu9iNTPb5URQSSsEAjFTr8PUUhE5wvg9dI5IQUjrJ_tqsRNx3fT7o2aU8wbDqo0LPw8ES8lI-1sGWWpOgbPC9SkWkpsCC_D43mAYswQAkACyzF8XTa1pFH2nHbffRs_herM6jHuNf26BZ3FplF8o7ntDAO6mkHEKOXvYxEd5_vX3WMzboa4tlIjhY9EoCSHtTVzssTcFa5hvcd5ILDLYp_rIICVGiXYSgw&amp;__tn__=-RH-R\" target=\"_blank\" rel=\"noopener\">I na elektrick\u00e9 motorce m\u016f\u017ee b\u00fdt sranda a to kupodivu snad je\u0161t\u011b v\u011bt\u0161\u00ed, ne\u017e na norm\u00e1ln\u00ed motorce. Pro\u010d je jednoduch\u00e9, nem\u00e1te spojku, tak\u017ee \u017e\u00e1dn\u00e9 \u0159azen\u00ed a \u010dlov\u011bk se m\u016f\u017ee v\u011bnovat fakt jen s\u00e1m sob\u011b a v\u011bcem, kter\u00e9 je pot\u0159eba d\u011blat. Nikdo z n\u00e1s na trati nen\u00ed a nikdy nebyl \u017e\u00e1dn\u00fd z\u00e1vodn\u00edk, ale v\u0161ichni jsme si to maxim\u00e1ln\u011b u\u017eili a rozhodn\u011b jsme tam nebyli naposledy.<\/a><\/p>\t\t\t\t\t\t\n\t\t\t\t\t\t\t\t<h3 class='uabb-testimonial-author-name testimonial-author-name'>TOM\u00c1\u0160 JARKOVSK\u00dd<\/h3>\t\t\t\t\t\t\t\t\n\t\t\t\t\t\t\t\t\t17 prosince 2019 \/ Facebook Pitland\t\t\t\t\t\t\t\t\n\t\t\t\t<img decoding=\"async\" src=\"https:\/\/pitland.cz\/assets\/uploads\/sites\/1201\/bb-plugin\/cache\/horak-150x150-circle.jpg\" alt=\"horak\" title=\"horak\" itemprop=\"image\"\/>\n\t\t\t\t\t\t\t<p><a href=\"https:\/\/www.facebook.com\/pavlicek.horak\/posts\/3178914518791850?__xts__[0]=68.ARAj3xDRFONaht7mmR2hD2wE_LfLK6Ufv7ppEQhmzDNHc7jB1LhX5z3M5orGLLT0QV6659R2dzAtLVePmWMQiQGduZBw4m3cnNFs7mwZd_oE9hIboqIFmCK1hWo93qd1A36o7F9w5tW1Zn0h1cwQR3Cx7UIlWT_llHdhAqdNtVWh0Yks4AVo4IxZfer7DrVdMBuhjuFDsQbvVvleTRgJa30PwW6FJij2wQyRxXTJqBqMT-bXlBcsLccPVPV_pmkGSB-lyyO6vF_tev1HAVpKWTuj4ckjyiDKCbw&amp;__tn__=-RH-R\" target=\"_blank\" rel=\"noopener\">Perfektn\u00ed je\u017ed\u011bn\u00ed na ePitech v\u00a0Pitland.cz. Doporu\u010duji v\u0161em!\u00a0D\u011bkuji za domluven\u00ed je\u017ed\u011bn\u00ed\u00a0Auto\u0161kola &amp; Autodoprava Jarkovsk\u00fd.\u00a0Tenhle t\u00fdden jsem zajel 15. nejlep\u0161\u00ed \u010das &#8211; 28.879 &#8230; Nejrychlej\u0161\u00ed s \u010dasem 22.515 je\u00a0Oliver K\u00f6nig tak\u017ee m\u00e1m je\u0161t\u011b co dola\u010fovat!<\/a><\/p>\t\t\t\t\t\t\n\t\t\t\t\t\t\t\t<h3 class='uabb-testimonial-author-name testimonial-author-name'>PAVL\u00cd\u00cd HOR\u00c1K<\/h3>\t\t\t\t\t\t\t\t\n\t\t\t\t\t\t\t\t\t17. prosince 2019 \/ Facebook Pitland\t\t\t\t\t\t\t\t\n\t\t\t\t<img decoding=\"async\" src=\"https:\/\/pitland.cz\/assets\/uploads\/sites\/1201\/bb-plugin\/cache\/novotny-150x150-circle.jpg\" alt=\"novotny\" title=\"novotny\" itemprop=\"image\"\/>\n\t\t\t\t\t\t\t<p><a href=\"https:\/\/www.facebook.com\/permalink.php?story_fbid=1364594527032346&amp;id=100004454359113&amp;__xts__[0]=68.ARCKL9_fM29gBuh7gBJavogLulFJElFIfpYOzV7szSx8R3bVQ4GFaikEfkeFKU4B55JO3YG65IEKAeH281QLnxb6pY-LLcS-wvbf7O79b3d8GvLPAAWEZW_SeIQRdgn9-uFTNU0jkOXFsBwDD3d-uNoeoKY7OqQ4v-VnAHcRlmGeOa26CvYKWpYb0_xLl91URcmj8uGgxKLS8IOS3butczYcN4eUKh53qirIV39jwKKncjiexDNXQ-FKwV-2IRjGENKYg-bvMrsIh5czaZgVsgS38nMoFG7EQl040iM93SUmFAP3mCEVekjPOuumUj7FIX91xFXj8Fc7X1QZpg&amp;__tn__=-RH-R\" target=\"_blank\" rel=\"noopener\">Byla to pecka! Nen\u00ed toti\u017e moc p\u0159\u00edle\u017eitost\u00ed se potkat s celou bandou moto\u017eurn\u00e1lu, t\u00edm sp\u00ed\u0161 si spole\u010dn\u011b zajezdit a u\u017e\u00edt si kus legrace! Proto d\u00edky Suzuki Moto Czech\u00a0za tuhle jedine\u010dnou akci, kter\u00e1 by se m\u011bla st\u00e1t tradic\u00ed. Je n\u011bkdo proti???\u00a0Pitland.cz fakt nem\u00e1 chybu a jestli se n\u011bkdo chce tlemit je\u0161t\u011b n\u011bkolik hodin po je\u017ed\u011bn\u00ed, tak a\u0165 tam val\u00ed a s\u00e1m uvid\u00ed,\u00a0my u\u017e v p\u00e1tek.<\/a><\/p>\t\t\t\t\t\t\n\t\t\t\t\t\t\t\t<h3 class='uabb-testimonial-author-name testimonial-author-name'>VL\u00c1\u010eA NOVOTN\u00dd<\/h3>\t\t\t\t\t\t\t\t\n\t\t\t\t\t\t\t\t\t11. prosince 2019 \/ Facebook Pitland\t\t\t\t\t\t\t\t\n\n","protected":false},"excerpt":{"rendered":"<p>is a unique place for all those interested in riding on single track, where the season never ends. For us in Pitland, the ride is a passion and our goal is to share with you the unforgettable experiences that comes with it. THEY WROTE ABOUT US V\u00edte, co je to Pitland? Jde o cvi\u010dnou ar\u00e9nu&hellip;<\/p>\n","protected":false},"author":633,"featured_media":0,"parent":0,"menu_order":0,"comment_status":"closed","ping_status":"closed","template":"","meta":{"footnotes":""},"class_list":["post-7445","page","type-page","status-publish","hentry"],"yoast_head":"<title>Home - Pitland.cz<\/title>\n<meta name=\"robots\" content=\"index, follow, max-snippet:-1, max-image-preview:large, max-video-preview:-1\" \/>\n<link rel=\"canonical\" href=\"https:\/\/pitland.cz\/en\/\" \/>\n<meta property=\"og:locale\" content=\"en_US\" \/>\n<meta property=\"og:type\" content=\"article\" \/>\n<meta property=\"og:title\" content=\"Home - Pitland.cz\" \/>\n<meta property=\"og:description\" content=\"is a unique place for all those interested in riding on single track, where the season never ends. For us in Pitland, the ride is a passion and our goal is to share with you the unforgettable experiences that comes with it. THEY WROTE ABOUT US V\u00edte, co je to Pitland? Jde o cvi\u010dnou ar\u00e9nu&hellip;\" \/>\n<meta property=\"og:url\" content=\"https:\/\/pitland.cz\/en\/\" \/>\n<meta property=\"og:site_name\" content=\"Pitland.cz\" \/>\n<meta property=\"article:modified_time\" content=\"2024-03-04T19:54:58+00:00\" \/>\n<meta property=\"og:image\" content=\"https:\/\/minisawmill.com\/assets\/uploads\/sites\/1201\/2020\/03\/mapa.jpg\" \/>\n<meta name=\"twitter:card\" content=\"summary_large_image\" \/>\n<meta name=\"twitter:label1\" content=\"Est. reading time\" \/>\n\t<meta name=\"twitter:data1\" content=\"5 minutes\" \/>\n<script type=\"application\/ld+json\" class=\"yoast-schema-graph\">{\"@context\":\"https:\/\/schema.org\",\"@graph\":[{\"@type\":\"WebPage\",\"@id\":\"https:\/\/pitland.cz\/en\/\",\"url\":\"https:\/\/pitland.cz\/en\/\",\"name\":\"Home - Pitland.cz\",\"isPartOf\":{\"@id\":\"https:\/\/pitland.cz\/#website\"},\"datePublished\":\"2016-10-22T20:23:39+00:00\",\"dateModified\":\"2024-03-04T19:54:58+00:00\",\"breadcrumb\":{\"@id\":\"https:\/\/pitland.cz\/en\/#breadcrumb\"},\"inLanguage\":\"en-US\",\"potentialAction\":[{\"@type\":\"ReadAction\",\"target\":[\"https:\/\/pitland.cz\/en\/\"]}]},{\"@type\":\"BreadcrumbList\",\"@id\":\"https:\/\/pitland.cz\/en\/#breadcrumb\",\"itemListElement\":[{\"@type\":\"ListItem\",\"position\":1,\"name\":\"Dom\u016f\",\"item\":\"https:\/\/pitland.cz\/en\/\"},{\"@type\":\"ListItem\",\"position\":2,\"name\":\"Home\"}]},{\"@type\":\"WebSite\",\"@id\":\"https:\/\/pitland.cz\/#website\",\"url\":\"https:\/\/pitland.cz\/\",\"name\":\"Pitland.cz\",\"description\":\"Jedine\u010dn\u00e9 m\u00edsto pro v\u0161echny z\u00e1jemce o j\u00edzdu v jedn\u00e9 stop\u011b, kde sez\u00f3na nikdy nekon\u010d\u00ed.\",\"potentialAction\":[{\"@type\":\"SearchAction\",\"target\":{\"@type\":\"EntryPoint\",\"urlTemplate\":\"https:\/\/pitland.cz\/?s={search_term_string}\"},\"query-input\":\"required name=search_term_string\"}],\"inLanguage\":\"en-US\"}]}<\/script>","yoast_head_json":{"title":"Home - Pitland.cz","robots":{"index":"index","follow":"follow","max-snippet":"max-snippet:-1","max-image-preview":"max-image-preview:large","max-video-preview":"max-video-preview:-1"},"canonical":"https:\/\/pitland.cz\/en\/","og_locale":"en_US","og_type":"article","og_title":"Home - Pitland.cz","og_description":"is a unique place for all those interested in riding on single track, where the season never ends. For us in Pitland, the ride is a passion and our goal is to share with you the unforgettable experiences that comes with it. THEY WROTE ABOUT US V\u00edte, co je to Pitland? Jde o cvi\u010dnou ar\u00e9nu&hellip;","og_url":"https:\/\/pitland.cz\/en\/","og_site_name":"Pitland.cz","article_modified_time":"2024-03-04T19:54:58+00:00","og_image":[{"url":"https:\/\/minisawmill.com\/assets\/uploads\/sites\/1201\/2020\/03\/mapa.jpg"}],"twitter_card":"summary_large_image","twitter_misc":{"Est. reading time":"5 minutes"},"schema":{"@context":"https:\/\/schema.org","@graph":[{"@type":"WebPage","@id":"https:\/\/pitland.cz\/en\/","url":"https:\/\/pitland.cz\/en\/","name":"Home - Pitland.cz","isPartOf":{"@id":"https:\/\/pitland.cz\/#website"},"datePublished":"2016-10-22T20:23:39+00:00","dateModified":"2024-03-04T19:54:58+00:00","breadcrumb":{"@id":"https:\/\/pitland.cz\/en\/#breadcrumb"},"inLanguage":"en-US","potentialAction":[{"@type":"ReadAction","target":["https:\/\/pitland.cz\/en\/"]}]},{"@type":"BreadcrumbList","@id":"https:\/\/pitland.cz\/en\/#breadcrumb","itemListElement":[{"@type":"ListItem","position":1,"name":"Dom\u016f","item":"https:\/\/pitland.cz\/en\/"},{"@type":"ListItem","position":2,"name":"Home"}]},{"@type":"WebSite","@id":"https:\/\/pitland.cz\/#website","url":"https:\/\/pitland.cz\/","name":"Pitland.cz","description":"Jedine\u010dn\u00e9 m\u00edsto pro v\u0161echny z\u00e1jemce o j\u00edzdu v jedn\u00e9 stop\u011b, kde sez\u00f3na nikdy nekon\u010d\u00ed.","potentialAction":[{"@type":"SearchAction","target":{"@type":"EntryPoint","urlTemplate":"https:\/\/pitland.cz\/?s={search_term_string}"},"query-input":"required name=search_term_string"}],"inLanguage":"en-US"}]}},"_links":{"self":[{"href":"https:\/\/pitland.cz\/en\/wp-json\/wp\/v2\/pages\/7445","targetHints":{"allow":["GET"]}}],"collection":[{"href":"https:\/\/pitland.cz\/en\/wp-json\/wp\/v2\/pages"}],"about":[{"href":"https:\/\/pitland.cz\/en\/wp-json\/wp\/v2\/types\/page"}],"author":[{"embeddable":true,"href":"https:\/\/pitland.cz\/en\/wp-json\/wp\/v2\/users\/633"}],"replies":[{"embeddable":true,"href":"https:\/\/pitland.cz\/en\/wp-json\/wp\/v2\/comments?post=7445"}],"version-history":[{"count":32,"href":"https:\/\/pitland.cz\/en\/wp-json\/wp\/v2\/pages\/7445\/revisions"}],"predecessor-version":[{"id":17471,"href":"https:\/\/pitland.cz\/en\/wp-json\/wp\/v2\/pages\/7445\/revisions\/17471"}],"wp:attachment":[{"href":"https:\/\/pitland.cz\/en\/wp-json\/wp\/v2\/media?parent=7445"}],"curies":[{"name":"wp","href":"https:\/\/api.w.org\/{rel}","templated":true}]}}