{"id":7440,"date":"2019-11-06T18:52:40","date_gmt":"2019-11-06T17:52:40","guid":{"rendered":"https:\/\/pitland.cz\/kontakt\/"},"modified":"2022-04-10T13:40:55","modified_gmt":"2022-04-10T11:40:55","slug":"contact","status":"publish","type":"page","link":"https:\/\/pitland.cz\/en\/contact\/","title":{"rendered":"Contact"},"content":{"rendered":"\n\n\t<p>Contact:<\/p>\n\n\n\t<p>Address:<\/p>\n<p>Ringhofferova ul. 1 (former PSN site)<\/p>\n<p>Zli\u010d\u00edn &#8211; T\u0159ebonice, Praha 5<\/p>\n<p>&nbsp;<\/p>\n<p>Opening Hours:<\/p>\n<p>Wed &#8211; Fri from 15:00 to 21:00<\/p>\n<p>Sat &#8211; Sunn from 10:00 to 21:00<\/p>\n\n","protected":false},"excerpt":{"rendered":"<p>Contact: Address: Ringhofferova ul. 1 (former PSN site) Zli\u010d\u00edn &#8211; T\u0159ebonice, Praha 5 &nbsp; Opening Hours: Wed &#8211; Fri from 15:00 to 21:00 Sat &#8211; Sunn from 10:00 to 21:00<\/p>\n","protected":false},"author":633,"featured_media":7441,"parent":0,"menu_order":0,"comment_status":"closed","ping_status":"closed","template":"","meta":{"footnotes":""},"class_list":["post-7440","page","type-page","status-publish","has-post-thumbnail","hentry"],"yoast_head":"<title>Contact - Pitland.cz<\/title>\n<meta name=\"robots\" content=\"index, follow, max-snippet:-1, max-image-preview:large, max-video-preview:-1\" \/>\n<link rel=\"canonical\" href=\"https:\/\/pitland.cz\/en\/contact\/\" \/>\n<meta property=\"og:locale\" content=\"en_US\" \/>\n<meta property=\"og:type\" content=\"article\" \/>\n<meta property=\"og:title\" content=\"Contact - Pitland.cz\" \/>\n<meta property=\"og:description\" content=\"Contact: Address: Ringhofferova ul. 1 (former PSN site) Zli\u010d\u00edn &#8211; T\u0159ebonice, Praha 5 &nbsp; Opening Hours: Wed &#8211; Fri from 15:00 to 21:00 Sat &#8211; Sunn from 10:00 to 21:00\" \/>\n<meta property=\"og:url\" content=\"https:\/\/pitland.cz\/en\/contact\/\" \/>\n<meta property=\"og:site_name\" content=\"Pitland.cz\" \/>\n<meta property=\"article:modified_time\" content=\"2022-04-10T11:40:55+00:00\" \/>\n<meta property=\"og:image\" content=\"https:\/\/pitland.cz\/assets\/uploads\/sites\/1201\/2020\/01\/dsc_0203-e1580240741687.jpg\" \/>\n\t<meta property=\"og:image:width\" content=\"1024\" \/>\n\t<meta property=\"og:image:height\" content=\"614\" \/>\n\t<meta property=\"og:image:type\" content=\"image\/jpeg\" \/>\n<meta name=\"twitter:card\" content=\"summary_large_image\" \/>\n<meta name=\"twitter:label1\" content=\"Est. reading time\" \/>\n\t<meta name=\"twitter:data1\" content=\"1 minute\" \/>\n<script type=\"application\/ld+json\" class=\"yoast-schema-graph\">{\"@context\":\"https:\/\/schema.org\",\"@graph\":[{\"@type\":\"WebPage\",\"@id\":\"https:\/\/pitland.cz\/en\/contact\/\",\"url\":\"https:\/\/pitland.cz\/en\/contact\/\",\"name\":\"Contact - Pitland.cz\",\"isPartOf\":{\"@id\":\"https:\/\/pitland.cz\/#website\"},\"datePublished\":\"2019-11-06T17:52:40+00:00\",\"dateModified\":\"2022-04-10T11:40:55+00:00\",\"breadcrumb\":{\"@id\":\"https:\/\/pitland.cz\/en\/contact\/#breadcrumb\"},\"inLanguage\":\"en-US\",\"potentialAction\":[{\"@type\":\"ReadAction\",\"target\":[\"https:\/\/pitland.cz\/en\/contact\/\"]}]},{\"@type\":\"BreadcrumbList\",\"@id\":\"https:\/\/pitland.cz\/en\/contact\/#breadcrumb\",\"itemListElement\":[{\"@type\":\"ListItem\",\"position\":1,\"name\":\"Dom\u016f\",\"item\":\"https:\/\/pitland.cz\/en\/\"},{\"@type\":\"ListItem\",\"position\":2,\"name\":\"Contact\"}]},{\"@type\":\"WebSite\",\"@id\":\"https:\/\/pitland.cz\/#website\",\"url\":\"https:\/\/pitland.cz\/\",\"name\":\"Pitland.cz\",\"description\":\"Jedine\u010dn\u00e9 m\u00edsto pro v\u0161echny z\u00e1jemce o j\u00edzdu v jedn\u00e9 stop\u011b, kde sez\u00f3na nikdy nekon\u010d\u00ed.\",\"potentialAction\":[{\"@type\":\"SearchAction\",\"target\":{\"@type\":\"EntryPoint\",\"urlTemplate\":\"https:\/\/pitland.cz\/?s={search_term_string}\"},\"query-input\":\"required name=search_term_string\"}],\"inLanguage\":\"en-US\"}]}<\/script>","yoast_head_json":{"title":"Contact - Pitland.cz","robots":{"index":"index","follow":"follow","max-snippet":"max-snippet:-1","max-image-preview":"max-image-preview:large","max-video-preview":"max-video-preview:-1"},"canonical":"https:\/\/pitland.cz\/en\/contact\/","og_locale":"en_US","og_type":"article","og_title":"Contact - Pitland.cz","og_description":"Contact: Address: Ringhofferova ul. 1 (former PSN site) Zli\u010d\u00edn &#8211; T\u0159ebonice, Praha 5 &nbsp; Opening Hours: Wed &#8211; Fri from 15:00 to 21:00 Sat &#8211; Sunn from 10:00 to 21:00","og_url":"https:\/\/pitland.cz\/en\/contact\/","og_site_name":"Pitland.cz","article_modified_time":"2022-04-10T11:40:55+00:00","og_image":[{"width":1024,"height":614,"url":"https:\/\/pitland.cz\/assets\/uploads\/sites\/1201\/2020\/01\/dsc_0203-e1580240741687.jpg","type":"image\/jpeg"}],"twitter_card":"summary_large_image","twitter_misc":{"Est. reading time":"1 minute"},"schema":{"@context":"https:\/\/schema.org","@graph":[{"@type":"WebPage","@id":"https:\/\/pitland.cz\/en\/contact\/","url":"https:\/\/pitland.cz\/en\/contact\/","name":"Contact - Pitland.cz","isPartOf":{"@id":"https:\/\/pitland.cz\/#website"},"datePublished":"2019-11-06T17:52:40+00:00","dateModified":"2022-04-10T11:40:55+00:00","breadcrumb":{"@id":"https:\/\/pitland.cz\/en\/contact\/#breadcrumb"},"inLanguage":"en-US","potentialAction":[{"@type":"ReadAction","target":["https:\/\/pitland.cz\/en\/contact\/"]}]},{"@type":"BreadcrumbList","@id":"https:\/\/pitland.cz\/en\/contact\/#breadcrumb","itemListElement":[{"@type":"ListItem","position":1,"name":"Dom\u016f","item":"https:\/\/pitland.cz\/en\/"},{"@type":"ListItem","position":2,"name":"Contact"}]},{"@type":"WebSite","@id":"https:\/\/pitland.cz\/#website","url":"https:\/\/pitland.cz\/","name":"Pitland.cz","description":"Jedine\u010dn\u00e9 m\u00edsto pro v\u0161echny z\u00e1jemce o j\u00edzdu v jedn\u00e9 stop\u011b, kde sez\u00f3na nikdy nekon\u010d\u00ed.","potentialAction":[{"@type":"SearchAction","target":{"@type":"EntryPoint","urlTemplate":"https:\/\/pitland.cz\/?s={search_term_string}"},"query-input":"required name=search_term_string"}],"inLanguage":"en-US"}]}},"_links":{"self":[{"href":"https:\/\/pitland.cz\/en\/wp-json\/wp\/v2\/pages\/7440","targetHints":{"allow":["GET"]}}],"collection":[{"href":"https:\/\/pitland.cz\/en\/wp-json\/wp\/v2\/pages"}],"about":[{"href":"https:\/\/pitland.cz\/en\/wp-json\/wp\/v2\/types\/page"}],"author":[{"embeddable":true,"href":"https:\/\/pitland.cz\/en\/wp-json\/wp\/v2\/users\/633"}],"replies":[{"embeddable":true,"href":"https:\/\/pitland.cz\/en\/wp-json\/wp\/v2\/comments?post=7440"}],"version-history":[{"count":3,"href":"https:\/\/pitland.cz\/en\/wp-json\/wp\/v2\/pages\/7440\/revisions"}],"predecessor-version":[{"id":7444,"href":"https:\/\/pitland.cz\/en\/wp-json\/wp\/v2\/pages\/7440\/revisions\/7444"}],"wp:featuredmedia":[{"embeddable":true,"href":"https:\/\/pitland.cz\/en\/wp-json\/wp\/v2\/media\/7441"}],"wp:attachment":[{"href":"https:\/\/pitland.cz\/en\/wp-json\/wp\/v2\/media?parent=7440"}],"curies":[{"name":"wp","href":"https:\/\/api.w.org\/{rel}","templated":true}]}}