{"id":11569,"date":"2021-06-23T10:26:24","date_gmt":"2021-06-23T08:26:24","guid":{"rendered":"https:\/\/pitland.cz\/poukaz\/"},"modified":"2023-07-28T09:44:29","modified_gmt":"2023-07-28T07:44:29","slug":"poukaz","status":"publish","type":"page","link":"https:\/\/pitland.cz\/en\/poukaz\/","title":{"rendered":"VOUCHER"},"content":{"rendered":"\n\n\t\t\t<h2>WHAT PITLAND VOUCHER DID YOU GET?<\/h2>\t\t\t\n\t\t\t\t<img loading=\"lazy\" decoding=\"async\" src=\"https:\/\/pitland.cz\/assets\/uploads\/sites\/1201\/2022\/09\/dl-pitland-poukaz-rozbal-to-online-1h-s-vybavenim-nahled1-2-1024x483.jpg\" alt=\"DL-Pitland-poukaz-ROZBAL-TO-online-1h-s-vybavenim-nahled1\" height=\"483\" width=\"1024\" title=\"DL-Pitland-poukaz-ROZBAL-TO-online-1h-s-vybavenim-nahled1\" \/>\n\t<h2><strong>1 HOUR RIDE<\/strong><\/h2>\n\t<h5>Do you have a voucher for a 1 hour ride? You&#8217;ll find more information about 1 hour rides <a href=\"https:\/\/pitland.cz\/en\/produkt\/1hodina\/\" target=\"_blank\" rel=\"noopener\">HERE<\/a>, or search for the date directly under the button.<\/h5>\n\t<h2><strong>2 HOUR RIDE<\/strong><\/h2>\n\t<p><strong>You&#8217;ll find more information about 2 hour rides <\/strong><strong><a href=\"https:\/\/pitland.cz\/en\/produkt\/2hodiny\/\" target=\"_blank\" rel=\"noopener\">HERE.<\/a><\/strong><\/p>\n<p>&#8230;the voucher is valid on both weekdays and weekends. If you&#8217;d prefer Free Rides, we&#8217;re sure we can come to some arrangement on info@pitland.cz.<\/p>\n\t\t\t<a href=\"https:\/\/www.reservio.cz\/b\/pitland\/booking\" target=\"_blank\" role=\"button\" rel=\"noopener\">\n\t\t\t\t\t\tAPPLY CODE ONLINE &#8211; 1 HOUR\n\t\t\t\t\t<\/a>\n\t\t\t<a href=\"https:\/\/www.reservio.cz\/b\/pitland\/booking\" target=\"_blank\" role=\"button\" rel=\"noopener\">\n\t\t\t\t\t\tAPPLY CODE ONLINE &#8211; 2 HOURS\n\t\t\t\t\t<\/a>\n\t<p><strong>Step 1: \u00a0select a suitable date<\/strong><\/p>\n\t\t\t\t<img loading=\"lazy\" decoding=\"async\" src=\"https:\/\/pitland.cz\/assets\/uploads\/sites\/1201\/2023\/05\/snimek-obrazovky-2023-05-01-v162951-1024x893.png\" alt=\"Sn\u00edmek obrazovky 2023-05-01 v\u00a016.29.51\" height=\"893\" width=\"1024\" title=\"Sn\u00edmek obrazovky 2023-05-01 v\u00a016.29.51\" \/>\n\t<p><strong>Step 2:\u00a0 enter number of places<\/strong><\/p>\n\t\t\t\t<img loading=\"lazy\" decoding=\"async\" src=\"https:\/\/pitland.cz\/assets\/uploads\/sites\/1201\/2023\/05\/snimek-obrazovky-2023-05-01-v162915.png\" alt=\"Sn\u00edmek obrazovky 2023-05-01 v\u00a016.29.15\" height=\"928\" width=\"884\" title=\"Sn\u00edmek obrazovky 2023-05-01 v\u00a016.29.15\" \/>\n\t<p><strong>Step 3:\u00a0 enter &#8220;Redeem Voucher&#8221; as the payment method<\/strong><\/p>\n\t\t\t\t<img loading=\"lazy\" decoding=\"async\" src=\"https:\/\/pitland.cz\/assets\/uploads\/sites\/1201\/2023\/05\/snimek-obrazovky-2023-05-01-v162859.png\" alt=\"Sn\u00edmek obrazovky 2023-05-01 v\u00a016.28.59\" height=\"704\" width=\"726\" title=\"Sn\u00edmek obrazovky 2023-05-01 v\u00a016.28.59\" \/>\n\t<p>&#8230;if you have multiple vouchers, you can enter all the numbers together<\/p>\n\t<p>Having a problem with something? E-mail us the voucher number and your query to info@pitland.cz, or use this form and we&#8217;ll be happy to help you.<\/p>\n\t<p><strong>We always confirm dates within 24 hours from the reservation. If you don&#8217;t receive a confirmation, please check your spam folder to see if the message ended up there.<\/strong><\/p>\n<p><strong>Don&#8217;t forget the reservation change conditions which you&#8217;ll find <a href=\"https:\/\/pitland.cz\/en\/produkt\/presun_rezervace\/\">HERE<\/a>.<\/strong><\/p>\n\n\t\t\t\t<img loading=\"lazy\" decoding=\"async\" src=\"https:\/\/pitland.cz\/assets\/uploads\/sites\/1201\/2022\/09\/dsc-3-1024x683.jpg\" alt=\"DSC-3\" height=\"683\" width=\"1024\" title=\"DSC-3\" \/>\n\t\t<h3>Important information:<\/h3>\t\t\n\t\t\t<ul>\n<li>To ride, you need to have leather overalls with plastic sliders, sturdy shoes, an integral helmet and gloves.<\/li>\n<li>The complete equipment can be rented on-site according to the price list <a href=\"https:\/\/pitland.cz\/vybaveni\/\" target=\"_blank\" rel=\"noopener\">HERE<\/a><\/li>\n<li>You must arrive for the event 30 minutes before the specified start time<\/li>\n<li>Parking in the complex is only permitted in the designated area<\/li>\n<li>Reservation change conditions <a href=\"https:\/\/pitland.cz\/presun_rezervace\" target=\"_blank\" rel=\"noopener\">HERE<\/a><\/li>\n<\/ul>\n\n","protected":false},"excerpt":{"rendered":"<p>WHAT PITLAND VOUCHER DID YOU GET? 1 HOUR RIDE Do you have a voucher for a 1 hour ride? You&#8217;ll find more information about 1 hour rides HERE, or search for the date directly under the button. 2 HOUR RIDE You&#8217;ll find more information about 2 hour rides HERE. &#8230;the voucher is valid on both&hellip;<\/p>\n","protected":false},"author":633,"featured_media":11570,"parent":0,"menu_order":0,"comment_status":"closed","ping_status":"closed","template":"","meta":{"footnotes":""},"class_list":["post-11569","page","type-page","status-publish","has-post-thumbnail","hentry"],"yoast_head":"<title>VOUCHER - Pitland.cz<\/title>\n<meta name=\"robots\" content=\"index, follow, max-snippet:-1, max-image-preview:large, max-video-preview:-1\" \/>\n<link rel=\"canonical\" href=\"https:\/\/pitland.cz\/en\/poukaz\/\" \/>\n<meta property=\"og:locale\" content=\"en_US\" \/>\n<meta property=\"og:type\" content=\"article\" \/>\n<meta property=\"og:title\" content=\"VOUCHER - Pitland.cz\" \/>\n<meta property=\"og:description\" content=\"WHAT PITLAND VOUCHER DID YOU GET? 1 HOUR RIDE Do you have a voucher for a 1 hour ride? You&#8217;ll find more information about 1 hour rides HERE, or search for the date directly under the button. 2 HOUR RIDE You&#8217;ll find more information about 2 hour rides HERE. &#8230;the voucher is valid on both&hellip;\" \/>\n<meta property=\"og:url\" content=\"https:\/\/pitland.cz\/en\/poukaz\/\" \/>\n<meta property=\"og:site_name\" content=\"Pitland.cz\" \/>\n<meta property=\"article:modified_time\" content=\"2023-07-28T07:44:29+00:00\" \/>\n<meta property=\"og:image\" content=\"https:\/\/pitland.cz\/assets\/uploads\/sites\/1201\/2020\/11\/pitland.gif\" \/>\n\t<meta property=\"og:image:width\" content=\"338\" \/>\n\t<meta property=\"og:image:height\" content=\"451\" \/>\n\t<meta property=\"og:image:type\" content=\"image\/gif\" \/>\n<meta name=\"twitter:card\" content=\"summary_large_image\" \/>\n<meta name=\"twitter:label1\" content=\"Est. reading time\" \/>\n\t<meta name=\"twitter:data1\" content=\"3 minutes\" \/>\n<script type=\"application\/ld+json\" class=\"yoast-schema-graph\">{\"@context\":\"https:\/\/schema.org\",\"@graph\":[{\"@type\":\"WebPage\",\"@id\":\"https:\/\/pitland.cz\/en\/poukaz\/\",\"url\":\"https:\/\/pitland.cz\/en\/poukaz\/\",\"name\":\"VOUCHER - Pitland.cz\",\"isPartOf\":{\"@id\":\"https:\/\/pitland.cz\/#website\"},\"datePublished\":\"2021-06-23T08:26:24+00:00\",\"dateModified\":\"2023-07-28T07:44:29+00:00\",\"breadcrumb\":{\"@id\":\"https:\/\/pitland.cz\/en\/poukaz\/#breadcrumb\"},\"inLanguage\":\"en-US\",\"potentialAction\":[{\"@type\":\"ReadAction\",\"target\":[\"https:\/\/pitland.cz\/en\/poukaz\/\"]}]},{\"@type\":\"BreadcrumbList\",\"@id\":\"https:\/\/pitland.cz\/en\/poukaz\/#breadcrumb\",\"itemListElement\":[{\"@type\":\"ListItem\",\"position\":1,\"name\":\"Dom\u016f\",\"item\":\"https:\/\/pitland.cz\/en\/\"},{\"@type\":\"ListItem\",\"position\":2,\"name\":\"VOUCHER\"}]},{\"@type\":\"WebSite\",\"@id\":\"https:\/\/pitland.cz\/#website\",\"url\":\"https:\/\/pitland.cz\/\",\"name\":\"Pitland.cz\",\"description\":\"Jedine\u010dn\u00e9 m\u00edsto pro v\u0161echny z\u00e1jemce o j\u00edzdu v jedn\u00e9 stop\u011b, kde sez\u00f3na nikdy nekon\u010d\u00ed.\",\"potentialAction\":[{\"@type\":\"SearchAction\",\"target\":{\"@type\":\"EntryPoint\",\"urlTemplate\":\"https:\/\/pitland.cz\/?s={search_term_string}\"},\"query-input\":\"required name=search_term_string\"}],\"inLanguage\":\"en-US\"}]}<\/script>","yoast_head_json":{"title":"VOUCHER - Pitland.cz","robots":{"index":"index","follow":"follow","max-snippet":"max-snippet:-1","max-image-preview":"max-image-preview:large","max-video-preview":"max-video-preview:-1"},"canonical":"https:\/\/pitland.cz\/en\/poukaz\/","og_locale":"en_US","og_type":"article","og_title":"VOUCHER - Pitland.cz","og_description":"WHAT PITLAND VOUCHER DID YOU GET? 1 HOUR RIDE Do you have a voucher for a 1 hour ride? You&#8217;ll find more information about 1 hour rides HERE, or search for the date directly under the button. 2 HOUR RIDE You&#8217;ll find more information about 2 hour rides HERE. &#8230;the voucher is valid on both&hellip;","og_url":"https:\/\/pitland.cz\/en\/poukaz\/","og_site_name":"Pitland.cz","article_modified_time":"2023-07-28T07:44:29+00:00","og_image":[{"width":338,"height":451,"url":"https:\/\/pitland.cz\/assets\/uploads\/sites\/1201\/2020\/11\/pitland.gif","type":"image\/gif"}],"twitter_card":"summary_large_image","twitter_misc":{"Est. reading time":"3 minutes"},"schema":{"@context":"https:\/\/schema.org","@graph":[{"@type":"WebPage","@id":"https:\/\/pitland.cz\/en\/poukaz\/","url":"https:\/\/pitland.cz\/en\/poukaz\/","name":"VOUCHER - Pitland.cz","isPartOf":{"@id":"https:\/\/pitland.cz\/#website"},"datePublished":"2021-06-23T08:26:24+00:00","dateModified":"2023-07-28T07:44:29+00:00","breadcrumb":{"@id":"https:\/\/pitland.cz\/en\/poukaz\/#breadcrumb"},"inLanguage":"en-US","potentialAction":[{"@type":"ReadAction","target":["https:\/\/pitland.cz\/en\/poukaz\/"]}]},{"@type":"BreadcrumbList","@id":"https:\/\/pitland.cz\/en\/poukaz\/#breadcrumb","itemListElement":[{"@type":"ListItem","position":1,"name":"Dom\u016f","item":"https:\/\/pitland.cz\/en\/"},{"@type":"ListItem","position":2,"name":"VOUCHER"}]},{"@type":"WebSite","@id":"https:\/\/pitland.cz\/#website","url":"https:\/\/pitland.cz\/","name":"Pitland.cz","description":"Jedine\u010dn\u00e9 m\u00edsto pro v\u0161echny z\u00e1jemce o j\u00edzdu v jedn\u00e9 stop\u011b, kde sez\u00f3na nikdy nekon\u010d\u00ed.","potentialAction":[{"@type":"SearchAction","target":{"@type":"EntryPoint","urlTemplate":"https:\/\/pitland.cz\/?s={search_term_string}"},"query-input":"required name=search_term_string"}],"inLanguage":"en-US"}]}},"_links":{"self":[{"href":"https:\/\/pitland.cz\/en\/wp-json\/wp\/v2\/pages\/11569","targetHints":{"allow":["GET"]}}],"collection":[{"href":"https:\/\/pitland.cz\/en\/wp-json\/wp\/v2\/pages"}],"about":[{"href":"https:\/\/pitland.cz\/en\/wp-json\/wp\/v2\/types\/page"}],"author":[{"embeddable":true,"href":"https:\/\/pitland.cz\/en\/wp-json\/wp\/v2\/users\/633"}],"replies":[{"embeddable":true,"href":"https:\/\/pitland.cz\/en\/wp-json\/wp\/v2\/comments?post=11569"}],"version-history":[{"count":6,"href":"https:\/\/pitland.cz\/en\/wp-json\/wp\/v2\/pages\/11569\/revisions"}],"predecessor-version":[{"id":11733,"href":"https:\/\/pitland.cz\/en\/wp-json\/wp\/v2\/pages\/11569\/revisions\/11733"}],"wp:featuredmedia":[{"embeddable":true,"href":"https:\/\/pitland.cz\/en\/wp-json\/wp\/v2\/media\/11570"}],"wp:attachment":[{"href":"https:\/\/pitland.cz\/en\/wp-json\/wp\/v2\/media?parent=11569"}],"curies":[{"name":"wp","href":"https:\/\/api.w.org\/{rel}","templated":true}]}}