{"id":11556,"date":"2020-01-31T21:42:31","date_gmt":"2020-01-31T20:42:31","guid":{"rendered":"https:\/\/pitland.cz\/pronajem-haly\/"},"modified":"2023-07-27T10:00:10","modified_gmt":"2023-07-27T08:00:10","slug":"pronajem-haly","status":"publish","type":"page","link":"https:\/\/pitland.cz\/en\/pronajem-haly\/","title":{"rendered":"GROUP EVENTS"},"content":{"rendered":"\n\n\t<h3><strong>UNCONVENTIONAL FUN AND A COLLECTIVE EXPERIENCE!<\/strong><\/h3>\n\t<p>CORPORATE EVENTS FOR PARTNERS OR EMPLOYEES<\/p>\n<p>TEAMBUILDING<\/p>\n<p>HEN\/STAG PARTIES<\/p>\n<p>BIRTHDAY CELEBRATIONS<\/p>\n<p>RACES<\/p>\n<p>CHILDREN&#8217;S CELEBRATIONS<\/p>\n\t\t\t\t\t<img decoding=\"async\" src=\"https:\/\/i.vimeocdn.com\/video\/1639291977-6252bd791898f8d83fe491576a593a0725254b00d58db796fafed611b7291781-d_840\" \/>\n\t<p>You know that feeling when you&#8217;re planning a group event, whether for your friends, colleagues or team, and you want to find the perfect venue that will satisfy all the participants? It&#8217;s difficult, isn&#8217;t it? They all have different interests, preferences and expectations. What&#8217;s more, you want the event to be fun, exciting and unforgettable. But how to achieve this? How to find a place that offers everything necessary for a great experience?<\/p>\n\t<p><strong>NOW IT&#8217;S HERE FOR YOU!<\/strong><\/p>\n\n\t\t\t\t<img loading=\"lazy\" decoding=\"async\" src=\"https:\/\/pitland.cz\/assets\/uploads\/sites\/1201\/2023\/04\/particka-4-1.jpg\" alt=\"Particka 4\" height=\"1366\" width=\"2048\" title=\"Particka 4\" \/>\n\t<p>We offer the rental of the entire hall for 12 to 48 riders, which includes all the equipment and facilities necessary for an unforgettable event.<\/p>\n<p>For smaller groups, we offer the PARTI\u010cKA [small gang] programme &#8211; more information <a href=\"https:\/\/pitland.cz\/en\/produkt\/particka\/\">HERE.<\/a><\/p>\n\t<p><strong>HOW DOES IT WORK ?<\/strong><\/p>\n\t<p>During the reservation, we&#8217;ll agree on the course of the event in advance and prepare a turnkey programme that will be taken care of by at least 6 of our SAMs. After registration, changing clothes and a two-minute instruction video, we&#8217;ll first divide into small groups of 3-4 riders, and we&#8217;ll safely tame the ePit in the training areas.<\/p>\n\t<p>As soon as we&#8217;re sure that the riders are able to safely move around the track, we&#8217;ll begin with measured rides on it. We&#8217;re always ready to respond to the team&#8217;s needs and dynamic.<\/p>\n<p>For competitive types, we organise qualifying and final races that are an excellent finish to the whole event, and guarantee unforgettable experiences.<\/p>\n<p>WE&#8217;RE THE ONLY COMPANY IN THE WORLD THAT CAN GET PEOPLE WHO HAVE NEVER SAT ON A MOTORCYCLE RIDING IN A FEW MINUTES!<\/p>\n\t\t\t\t<img loading=\"lazy\" decoding=\"async\" src=\"https:\/\/pitland.cz\/assets\/uploads\/sites\/1201\/2023\/04\/race-day-2.jpg\" alt=\"Race Day 2\" height=\"1366\" width=\"2048\" title=\"Race Day 2\" \/>\n\t<h4><strong>HOW MUCH DOES IT COST?<\/strong><\/h4>\n\t<h5><strong>12-24 people:<\/strong><\/h5>\n<p>2 hour PROGRAMME &#8211; flat rate of 30,000 CZK ex VAT for a maximum of 12 people.<\/p>\n<p>+ every additional person + 1,500 CZK ex VAT\/person\u00a0 (maximum 24 people).<\/p>\n<p>The listed prices are applicable for weekdays. Weekends and public holidays are +15%.<\/p>\n\t<h5><strong>18-36 people:<\/strong><\/h5>\n<p>3 hour PROGRAMME &#8211; flat rate of 45,000 CZK ex VAT for a maximum of 18 people.<\/p>\n<p>+ every additional person + 2,000 CZK ex VAT\/person\u00a0 (maximum 24 people).<\/p>\n<p>The listed prices are applicable for weekdays, weekends and public holidays<\/p>\n\t<h5><strong>24-48 people:<\/strong><\/h5>\n<p>4 hour PROGRAMME &#8211; flat rate of 60,000 CZK ex VAT for a maximum of 24 people.<\/p>\n<p>+ every additional person + 2,000 CZK ex VAT\/person\u00a0 (maximum 48 people).<\/p>\n<p>The listed prices are applicable for weekdays, weekends and public holidays<\/p>\n\t<h4><strong>WHAT&#8217;S INCLUDED IN THE PRICE?<\/strong><\/h4>\n\t<p>An entertaining programme that contains a short video, fun exercises supervised by SAMs, measured track heats and optional races at the end<\/p>\n<p>Rental of the entire facility for only your group<\/p>\n<p>All equipment (overalls, helmet, gloves, boots, functional clothing, towel)<\/p>\n<p>Basic refreshments &#8211; water, coffee, tea<\/p>\n<p>And that&#8217;s not all! As part of the hall rental, all the facilities and equipment are for your use only. The premises are available one hour before the event, and also at least one hour after the end of the programme. Accompanying persons, i.e. those not riding, do not need to be taken into account in the price. The capacity of the facility is up to 80 people.<\/p>\n\t\t\t<a href=\"https:\/\/pitland.cz\/rezervace-haly\/\" target=\"_self\" role=\"button\" rel=\"noopener\">\n\t\t\t\t\t\t\tSEND A NON-BINDING INQUIRY\n\t\t\t\t\t<\/a>\n\t\t\t\t<img loading=\"lazy\" decoding=\"async\" src=\"https:\/\/pitland.cz\/assets\/uploads\/sites\/1201\/2023\/04\/navrh-bez-nazvu.jpg\" alt=\"N\u00e1vrh bez n\u00e1zvu\" height=\"1170\" width=\"2481\" title=\"N\u00e1vrh bez n\u00e1zvu\" \/>\n\n","protected":false},"excerpt":{"rendered":"<p>UNCONVENTIONAL FUN AND A COLLECTIVE EXPERIENCE! CORPORATE EVENTS FOR PARTNERS OR EMPLOYEES TEAMBUILDING HEN\/STAG PARTIES BIRTHDAY CELEBRATIONS RACES CHILDREN&#8217;S CELEBRATIONS You know that feeling when you&#8217;re planning a group event, whether for your friends, colleagues or team, and you want to find the perfect venue that will satisfy all the participants? It&#8217;s difficult, isn&#8217;t it?&hellip;<\/p>\n","protected":false},"author":633,"featured_media":7643,"parent":0,"menu_order":0,"comment_status":"closed","ping_status":"closed","template":"","meta":{"footnotes":""},"class_list":["post-11556","page","type-page","status-publish","has-post-thumbnail","hentry"],"yoast_head":"<title>GROUP EVENTS - Pitland.cz<\/title>\n<meta name=\"robots\" content=\"index, follow, max-snippet:-1, max-image-preview:large, max-video-preview:-1\" \/>\n<link rel=\"canonical\" href=\"https:\/\/pitland.cz\/en\/pronajem-haly\/\" \/>\n<meta property=\"og:locale\" content=\"en_US\" \/>\n<meta property=\"og:type\" content=\"article\" \/>\n<meta property=\"og:title\" content=\"GROUP EVENTS - Pitland.cz\" \/>\n<meta property=\"og:description\" content=\"UNCONVENTIONAL FUN AND A COLLECTIVE EXPERIENCE! CORPORATE EVENTS FOR PARTNERS OR EMPLOYEES TEAMBUILDING HEN\/STAG PARTIES BIRTHDAY CELEBRATIONS RACES CHILDREN&#8217;S CELEBRATIONS You know that feeling when you&#8217;re planning a group event, whether for your friends, colleagues or team, and you want to find the perfect venue that will satisfy all the participants? It&#8217;s difficult, isn&#8217;t it?&hellip;\" \/>\n<meta property=\"og:url\" content=\"https:\/\/pitland.cz\/en\/pronajem-haly\/\" \/>\n<meta property=\"og:site_name\" content=\"Pitland.cz\" \/>\n<meta property=\"article:modified_time\" content=\"2023-07-27T08:00:10+00:00\" \/>\n<meta property=\"og:image\" content=\"https:\/\/pitland.cz\/assets\/uploads\/sites\/1201\/2020\/01\/dsc03064-1.jpg\" \/>\n\t<meta property=\"og:image:width\" content=\"2048\" \/>\n\t<meta property=\"og:image:height\" content=\"1365\" \/>\n\t<meta property=\"og:image:type\" content=\"image\/jpeg\" \/>\n<meta name=\"twitter:card\" content=\"summary_large_image\" \/>\n<meta name=\"twitter:label1\" content=\"Est. reading time\" \/>\n\t<meta name=\"twitter:data1\" content=\"4 minutes\" \/>\n<script type=\"application\/ld+json\" class=\"yoast-schema-graph\">{\"@context\":\"https:\/\/schema.org\",\"@graph\":[{\"@type\":\"WebPage\",\"@id\":\"https:\/\/pitland.cz\/en\/pronajem-haly\/\",\"url\":\"https:\/\/pitland.cz\/en\/pronajem-haly\/\",\"name\":\"GROUP EVENTS - Pitland.cz\",\"isPartOf\":{\"@id\":\"https:\/\/pitland.cz\/#website\"},\"datePublished\":\"2020-01-31T20:42:31+00:00\",\"dateModified\":\"2023-07-27T08:00:10+00:00\",\"breadcrumb\":{\"@id\":\"https:\/\/pitland.cz\/en\/pronajem-haly\/#breadcrumb\"},\"inLanguage\":\"en-US\",\"potentialAction\":[{\"@type\":\"ReadAction\",\"target\":[\"https:\/\/pitland.cz\/en\/pronajem-haly\/\"]}]},{\"@type\":\"BreadcrumbList\",\"@id\":\"https:\/\/pitland.cz\/en\/pronajem-haly\/#breadcrumb\",\"itemListElement\":[{\"@type\":\"ListItem\",\"position\":1,\"name\":\"Dom\u016f\",\"item\":\"https:\/\/pitland.cz\/en\/\"},{\"@type\":\"ListItem\",\"position\":2,\"name\":\"GROUP EVENTS\"}]},{\"@type\":\"WebSite\",\"@id\":\"https:\/\/pitland.cz\/#website\",\"url\":\"https:\/\/pitland.cz\/\",\"name\":\"Pitland.cz\",\"description\":\"Jedine\u010dn\u00e9 m\u00edsto pro v\u0161echny z\u00e1jemce o j\u00edzdu v jedn\u00e9 stop\u011b, kde sez\u00f3na nikdy nekon\u010d\u00ed.\",\"potentialAction\":[{\"@type\":\"SearchAction\",\"target\":{\"@type\":\"EntryPoint\",\"urlTemplate\":\"https:\/\/pitland.cz\/?s={search_term_string}\"},\"query-input\":\"required name=search_term_string\"}],\"inLanguage\":\"en-US\"}]}<\/script>","yoast_head_json":{"title":"GROUP EVENTS - Pitland.cz","robots":{"index":"index","follow":"follow","max-snippet":"max-snippet:-1","max-image-preview":"max-image-preview:large","max-video-preview":"max-video-preview:-1"},"canonical":"https:\/\/pitland.cz\/en\/pronajem-haly\/","og_locale":"en_US","og_type":"article","og_title":"GROUP EVENTS - Pitland.cz","og_description":"UNCONVENTIONAL FUN AND A COLLECTIVE EXPERIENCE! CORPORATE EVENTS FOR PARTNERS OR EMPLOYEES TEAMBUILDING HEN\/STAG PARTIES BIRTHDAY CELEBRATIONS RACES CHILDREN&#8217;S CELEBRATIONS You know that feeling when you&#8217;re planning a group event, whether for your friends, colleagues or team, and you want to find the perfect venue that will satisfy all the participants? It&#8217;s difficult, isn&#8217;t it?&hellip;","og_url":"https:\/\/pitland.cz\/en\/pronajem-haly\/","og_site_name":"Pitland.cz","article_modified_time":"2023-07-27T08:00:10+00:00","og_image":[{"width":2048,"height":1365,"url":"https:\/\/pitland.cz\/assets\/uploads\/sites\/1201\/2020\/01\/dsc03064-1.jpg","type":"image\/jpeg"}],"twitter_card":"summary_large_image","twitter_misc":{"Est. reading time":"4 minutes"},"schema":{"@context":"https:\/\/schema.org","@graph":[{"@type":"WebPage","@id":"https:\/\/pitland.cz\/en\/pronajem-haly\/","url":"https:\/\/pitland.cz\/en\/pronajem-haly\/","name":"GROUP EVENTS - Pitland.cz","isPartOf":{"@id":"https:\/\/pitland.cz\/#website"},"datePublished":"2020-01-31T20:42:31+00:00","dateModified":"2023-07-27T08:00:10+00:00","breadcrumb":{"@id":"https:\/\/pitland.cz\/en\/pronajem-haly\/#breadcrumb"},"inLanguage":"en-US","potentialAction":[{"@type":"ReadAction","target":["https:\/\/pitland.cz\/en\/pronajem-haly\/"]}]},{"@type":"BreadcrumbList","@id":"https:\/\/pitland.cz\/en\/pronajem-haly\/#breadcrumb","itemListElement":[{"@type":"ListItem","position":1,"name":"Dom\u016f","item":"https:\/\/pitland.cz\/en\/"},{"@type":"ListItem","position":2,"name":"GROUP EVENTS"}]},{"@type":"WebSite","@id":"https:\/\/pitland.cz\/#website","url":"https:\/\/pitland.cz\/","name":"Pitland.cz","description":"Jedine\u010dn\u00e9 m\u00edsto pro v\u0161echny z\u00e1jemce o j\u00edzdu v jedn\u00e9 stop\u011b, kde sez\u00f3na nikdy nekon\u010d\u00ed.","potentialAction":[{"@type":"SearchAction","target":{"@type":"EntryPoint","urlTemplate":"https:\/\/pitland.cz\/?s={search_term_string}"},"query-input":"required name=search_term_string"}],"inLanguage":"en-US"}]}},"_links":{"self":[{"href":"https:\/\/pitland.cz\/en\/wp-json\/wp\/v2\/pages\/11556","targetHints":{"allow":["GET"]}}],"collection":[{"href":"https:\/\/pitland.cz\/en\/wp-json\/wp\/v2\/pages"}],"about":[{"href":"https:\/\/pitland.cz\/en\/wp-json\/wp\/v2\/types\/page"}],"author":[{"embeddable":true,"href":"https:\/\/pitland.cz\/en\/wp-json\/wp\/v2\/users\/633"}],"replies":[{"embeddable":true,"href":"https:\/\/pitland.cz\/en\/wp-json\/wp\/v2\/comments?post=11556"}],"version-history":[{"count":4,"href":"https:\/\/pitland.cz\/en\/wp-json\/wp\/v2\/pages\/11556\/revisions"}],"predecessor-version":[{"id":14270,"href":"https:\/\/pitland.cz\/en\/wp-json\/wp\/v2\/pages\/11556\/revisions\/14270"}],"wp:featuredmedia":[{"embeddable":true,"href":"https:\/\/pitland.cz\/en\/wp-json\/wp\/v2\/media\/7643"}],"wp:attachment":[{"href":"https:\/\/pitland.cz\/en\/wp-json\/wp\/v2\/media?parent=11556"}],"curies":[{"name":"wp","href":"https:\/\/api.w.org\/{rel}","templated":true}]}}