{"id":11541,"date":"2019-11-06T18:36:54","date_gmt":"2019-11-06T17:36:54","guid":{"rendered":"https:\/\/pitland.cz\/faq\/"},"modified":"2023-07-28T09:38:20","modified_gmt":"2023-07-28T07:38:20","slug":"faq","status":"publish","type":"page","link":"https:\/\/pitland.cz\/en\/faq\/","title":{"rendered":"FAQ"},"content":{"rendered":"\n\n\t\t\t\t\t\t<h4>WHO ARE WE?<\/h4>\n\t\t\t<p>Pitland is a new, unique, comprehensively equipped space aimed at the teaching and perfecting of all skills where riding all types of two-wheeled vehicles. Our &#8220;ePit&#8221; machine, which was developed, designed and constructed exclusively for Pitland&#8217;s requirements, is also unique.<\/p>\n\t\t\t\t\t\t<h4>WHEN ARE WE OPEN?<\/h4>\n\t\t\t<p>Pitland is open for you every week from Wednesday to Sunday. On Wednesdays, Thursdays and Fridays we&#8217;ll look forward to seeing you from 3.00 pm to 9.00 pm, on Saturdays from 10.00 am to 9.00 pm and on Sundays from 12.00 pm to 9.00 pm.<\/p>\n\t\t\t\t\t\t<h4>WHAT DO WE OFFER?<\/h4>\n\t\t\t<p>Pitland offers several different modules for riders regardless of age or experience, i.e. from complete beginners to &#8220;light professionals&#8221;. These modules are both individual and group. The primary condition for using Pitland is obtaining our internal driving licence. We place emphasis on safety.<\/p>\n<p>We&#8217;re also happy to organise all types of tailored events &#8211; private, sports, corporate etc.<\/p>\n\t\t\t\t\t\t<h4>WHY DO WE DO IT?<\/h4>\n\t\t\t<p>Pitland was founded by a group of enthusiasts who have a connection with motorcycles, or more precisely two-wheeled vehicles, whether as work tools or as daily means of transport. We&#8217;d like to share our experience with the broadest possible public, and at the same time we&#8217;re happy to learn something new from our experienced clients.<\/p>\n\t\t\t\t\t\t<h4>WHEN CAN I COME AND RIDE?<\/h4>\n\t\t\t<p>You&#8217;ll find the times that you can come and ride with us on our website. If you require an individual reservation, contact us at <a href=\"mailto:info@pitland.cz\">info@pitland.cz<\/a> and we&#8217;ll do our best to accommodate you.<\/p>\n\t\t\t\t\t\t<h4>WHAT CONDITIONS DO I HAVE TO FULFIL SO I CAN COME AND RIDE?<\/h4>\n\t\t\t<p>Book a time according to your chosen product, arrive on time and in good physical health, and be ready to have fun and learn at the same time, thereby progressing and perfecting your motorcycle\/ePit riding.<\/p>\n\t\t\t\t\t\t<h4>CAN CHILDREN ALSO RIDE, AND IF POSSIBLE FROM WHAT AGE IS IT APPROPRIATE?<\/h4>\n\t\t\t<p>Yes, children can ride from approximately 10-12 years old, according to height, so that the child in question can reach the ground from the saddle. They must also be able to handle the motorcycle\/ePit, and follow the instructor&#8217;s directions. Children must always be accompanied by their parents. If planning a visit with children, please let us know in advance.<\/p>\n<p>Children from 5 years old can use one small motorcycle for their first moto-steps.<\/p>\n\t\t\t\t\t\t<h4>CAN I RIDE THE ePit EVEN IF I DON&#8217;T HAVE A DRIVING LICENCE?<\/h4>\n\t\t\t<p>YES, the ePit is available for everyone who wants to learn or perfect their riding and handling of a two-wheeled vehicle. No driving licence is necessary.<\/p>\n\t\t\t\t\t\t<h4>CAN I BRING MY OWN HELMET AND MOTORCYCLE EQUIPMENT?<\/h4>\n\t\t\t<p>YES, you can bring your own equipment, but it must meet the following requirement: full-leather overalls with knee pads and sliders, motorcycle boots, motorcycle gloves, integral helmet.<\/p>\n\t\t\t\t\t\t<h4>IS PAYMENT IN CASH POSSIBLE?<\/h4>\n\t\t\t<p>Unfortunately we don&#8217;t accept cash payments. Payment for on-site refreshments are also cashless.<\/p>\n\t\t\t\t\t\t<h4>CAN A RESERVATION BE CHANGED?<\/h4>\n\t\t\t<p>A reservation can be changed under the applicable conditions, which you&#8217;ll find <a href=\"https:\/\/pitland.cz\/en\/produkt\/presun_rezervace\/\" target=\"_blank\" rel=\"noopener\">HERE<\/a>.<\/p>\n\t\t\t\t\t\t<h4>WHAT PARKING OPTIONS ARE THERE?<\/h4>\n\t\t\t<p>In front of the hall on the south side (entrance from the Zli\u010d\u00edn metro stop), there&#8217;s a car park reserved for Pitland customers.<\/p>\n\n","protected":false},"excerpt":{"rendered":"<p>WHO ARE WE? Pitland is a new, unique, comprehensively equipped space aimed at the teaching and perfecting of all skills where riding all types of two-wheeled vehicles. Our &#8220;ePit&#8221; machine, which was developed, designed and constructed exclusively for Pitland&#8217;s requirements, is also unique. WHEN ARE WE OPEN? Pitland is open for you every week from&hellip;<\/p>\n","protected":false},"author":633,"featured_media":11543,"parent":0,"menu_order":0,"comment_status":"closed","ping_status":"closed","template":"","meta":{"footnotes":""},"class_list":["post-11541","page","type-page","status-publish","has-post-thumbnail","hentry"],"yoast_head":"<title>FAQ - Pitland.cz<\/title>\n<meta name=\"robots\" content=\"index, follow, max-snippet:-1, max-image-preview:large, max-video-preview:-1\" \/>\n<link rel=\"canonical\" href=\"https:\/\/pitland.cz\/en\/faq\/\" \/>\n<meta property=\"og:locale\" content=\"en_US\" \/>\n<meta property=\"og:type\" content=\"article\" \/>\n<meta property=\"og:title\" content=\"FAQ - Pitland.cz\" \/>\n<meta property=\"og:description\" content=\"WHO ARE WE? Pitland is a new, unique, comprehensively equipped space aimed at the teaching and perfecting of all skills where riding all types of two-wheeled vehicles. Our &#8220;ePit&#8221; machine, which was developed, designed and constructed exclusively for Pitland&#8217;s requirements, is also unique. WHEN ARE WE OPEN? Pitland is open for you every week from&hellip;\" \/>\n<meta property=\"og:url\" content=\"https:\/\/pitland.cz\/en\/faq\/\" \/>\n<meta property=\"og:site_name\" content=\"Pitland.cz\" \/>\n<meta property=\"article:modified_time\" content=\"2023-07-28T07:38:20+00:00\" \/>\n<meta property=\"og:image\" content=\"https:\/\/pitland.cz\/assets\/uploads\/sites\/1201\/2020\/01\/dsc03125.jpg\" \/>\n\t<meta property=\"og:image:width\" content=\"2048\" \/>\n\t<meta property=\"og:image:height\" content=\"1365\" \/>\n\t<meta property=\"og:image:type\" content=\"image\/jpeg\" \/>\n<meta name=\"twitter:card\" content=\"summary_large_image\" \/>\n<meta name=\"twitter:label1\" content=\"Est. reading time\" \/>\n\t<meta name=\"twitter:data1\" content=\"3 minutes\" \/>\n<script type=\"application\/ld+json\" class=\"yoast-schema-graph\">{\"@context\":\"https:\/\/schema.org\",\"@graph\":[{\"@type\":\"WebPage\",\"@id\":\"https:\/\/pitland.cz\/en\/faq\/\",\"url\":\"https:\/\/pitland.cz\/en\/faq\/\",\"name\":\"FAQ - Pitland.cz\",\"isPartOf\":{\"@id\":\"https:\/\/pitland.cz\/#website\"},\"datePublished\":\"2019-11-06T17:36:54+00:00\",\"dateModified\":\"2023-07-28T07:38:20+00:00\",\"breadcrumb\":{\"@id\":\"https:\/\/pitland.cz\/en\/faq\/#breadcrumb\"},\"inLanguage\":\"en-US\",\"potentialAction\":[{\"@type\":\"ReadAction\",\"target\":[\"https:\/\/pitland.cz\/en\/faq\/\"]}]},{\"@type\":\"BreadcrumbList\",\"@id\":\"https:\/\/pitland.cz\/en\/faq\/#breadcrumb\",\"itemListElement\":[{\"@type\":\"ListItem\",\"position\":1,\"name\":\"Dom\u016f\",\"item\":\"https:\/\/pitland.cz\/en\/\"},{\"@type\":\"ListItem\",\"position\":2,\"name\":\"FAQ\"}]},{\"@type\":\"WebSite\",\"@id\":\"https:\/\/pitland.cz\/#website\",\"url\":\"https:\/\/pitland.cz\/\",\"name\":\"Pitland.cz\",\"description\":\"Jedine\u010dn\u00e9 m\u00edsto pro v\u0161echny z\u00e1jemce o j\u00edzdu v jedn\u00e9 stop\u011b, kde sez\u00f3na nikdy nekon\u010d\u00ed.\",\"potentialAction\":[{\"@type\":\"SearchAction\",\"target\":{\"@type\":\"EntryPoint\",\"urlTemplate\":\"https:\/\/pitland.cz\/?s={search_term_string}\"},\"query-input\":\"required name=search_term_string\"}],\"inLanguage\":\"en-US\"}]}<\/script>","yoast_head_json":{"title":"FAQ - Pitland.cz","robots":{"index":"index","follow":"follow","max-snippet":"max-snippet:-1","max-image-preview":"max-image-preview:large","max-video-preview":"max-video-preview:-1"},"canonical":"https:\/\/pitland.cz\/en\/faq\/","og_locale":"en_US","og_type":"article","og_title":"FAQ - Pitland.cz","og_description":"WHO ARE WE? Pitland is a new, unique, comprehensively equipped space aimed at the teaching and perfecting of all skills where riding all types of two-wheeled vehicles. Our &#8220;ePit&#8221; machine, which was developed, designed and constructed exclusively for Pitland&#8217;s requirements, is also unique. WHEN ARE WE OPEN? Pitland is open for you every week from&hellip;","og_url":"https:\/\/pitland.cz\/en\/faq\/","og_site_name":"Pitland.cz","article_modified_time":"2023-07-28T07:38:20+00:00","og_image":[{"width":2048,"height":1365,"url":"https:\/\/pitland.cz\/assets\/uploads\/sites\/1201\/2020\/01\/dsc03125.jpg","type":"image\/jpeg"}],"twitter_card":"summary_large_image","twitter_misc":{"Est. reading time":"3 minutes"},"schema":{"@context":"https:\/\/schema.org","@graph":[{"@type":"WebPage","@id":"https:\/\/pitland.cz\/en\/faq\/","url":"https:\/\/pitland.cz\/en\/faq\/","name":"FAQ - Pitland.cz","isPartOf":{"@id":"https:\/\/pitland.cz\/#website"},"datePublished":"2019-11-06T17:36:54+00:00","dateModified":"2023-07-28T07:38:20+00:00","breadcrumb":{"@id":"https:\/\/pitland.cz\/en\/faq\/#breadcrumb"},"inLanguage":"en-US","potentialAction":[{"@type":"ReadAction","target":["https:\/\/pitland.cz\/en\/faq\/"]}]},{"@type":"BreadcrumbList","@id":"https:\/\/pitland.cz\/en\/faq\/#breadcrumb","itemListElement":[{"@type":"ListItem","position":1,"name":"Dom\u016f","item":"https:\/\/pitland.cz\/en\/"},{"@type":"ListItem","position":2,"name":"FAQ"}]},{"@type":"WebSite","@id":"https:\/\/pitland.cz\/#website","url":"https:\/\/pitland.cz\/","name":"Pitland.cz","description":"Jedine\u010dn\u00e9 m\u00edsto pro v\u0161echny z\u00e1jemce o j\u00edzdu v jedn\u00e9 stop\u011b, kde sez\u00f3na nikdy nekon\u010d\u00ed.","potentialAction":[{"@type":"SearchAction","target":{"@type":"EntryPoint","urlTemplate":"https:\/\/pitland.cz\/?s={search_term_string}"},"query-input":"required name=search_term_string"}],"inLanguage":"en-US"}]}},"_links":{"self":[{"href":"https:\/\/pitland.cz\/en\/wp-json\/wp\/v2\/pages\/11541","targetHints":{"allow":["GET"]}}],"collection":[{"href":"https:\/\/pitland.cz\/en\/wp-json\/wp\/v2\/pages"}],"about":[{"href":"https:\/\/pitland.cz\/en\/wp-json\/wp\/v2\/types\/page"}],"author":[{"embeddable":true,"href":"https:\/\/pitland.cz\/en\/wp-json\/wp\/v2\/users\/633"}],"replies":[{"embeddable":true,"href":"https:\/\/pitland.cz\/en\/wp-json\/wp\/v2\/comments?post=11541"}],"version-history":[{"count":4,"href":"https:\/\/pitland.cz\/en\/wp-json\/wp\/v2\/pages\/11541\/revisions"}],"predecessor-version":[{"id":11731,"href":"https:\/\/pitland.cz\/en\/wp-json\/wp\/v2\/pages\/11541\/revisions\/11731"}],"wp:featuredmedia":[{"embeddable":true,"href":"https:\/\/pitland.cz\/en\/wp-json\/wp\/v2\/media\/11543"}],"wp:attachment":[{"href":"https:\/\/pitland.cz\/en\/wp-json\/wp\/v2\/media?parent=11541"}],"curies":[{"name":"wp","href":"https:\/\/api.w.org\/{rel}","templated":true}]}}